{"id":197044,"date":"2025-03-23T11:06:16","date_gmt":"2025-03-23T11:06:16","guid":{"rendered":"https:\/\/aromasentia.com\/product\/925-silver-plated-gemstone-charcoal-string-bracelet-dalmation-jasper\/"},"modified":"2025-06-22T02:59:32","modified_gmt":"2025-06-22T02:59:32","slug":"925-soelvbelagt-armbaand-dalmatiner-jaspis","status":"publish","type":"product","link":"https:\/\/aromasentia.com\/da\/925-soelvbelagt-armbaand-dalmatiner-jaspis\/","title":{"rendered":"925 S\u00f8lvbelagt Armb\u00e5nd &#8211; Dalmatiner Jaspis"},"content":{"rendered":"<p><strong>S\u00f8lvbelagt \u00e6delstenssnorarmb\u00e5nd med tr\u00e6kul &#8211; Dalmatinerjaspis<\/strong> suppleres med en glidende kn\u00e6kknap i 925 s\u00f8lvbelagt materiale, der giver dig mulighed for at justere armb\u00e5ndet for en t\u00e6t pasform.<\/p>\n","protected":false},"excerpt":{"rendered":"<p>S\u00f8lvbelagt \u00e6delstenssnorarmb\u00e5nd med tr\u00e6kul &#8211; Dalmatinerjaspis suppleres med en glidende kn\u00e6kknap i 925 s\u00f8lvbelagt materiale, der giver dig mulighed for at justere armb\u00e5ndet for en t\u00e6t pasform.<\/p>\n","protected":false},"featured_media":421154,"comment_status":"closed","ping_status":"open","template":"","meta":{"_angie_page":false},"product_brand":[],"product_cat":[25211,25641,25222,5738],"product_tag":[],"class_list":{"0":"post-197044","1":"product","2":"type-product","3":"status-publish","4":"has-post-thumbnail","6":"product_cat-armband-smykker-og-accessories","7":"product_cat-jaspis","8":"product_cat-krystaller-og-sten","9":"product_cat-smykker-og-accessories","10":"pa_collection-gemstones-string-bracelets-da","11":"pa_made-in-kina","13":"first","14":"instock","15":"purchasable","16":"product-type-simple"},"supplier_id":null,"supplier_sku":"GemSB-08","barcode":null,"atum_controlled":true,"out_stock_date":null,"out_stock_threshold":null,"inheritable":false,"inbound_stock":null,"stock_on_hold":0,"sold_today":0,"sales_last_days":0,"reserved_stock":null,"customer_returns":null,"warehouse_damage":null,"lost_in_post":null,"other_logs":null,"out_stock_days":0,"lost_sales":0,"has_location":null,"update_date":"2026-04-27T07:05:41","atum_locations":[],"atum_stock_status":"instock","restock_status":false,"low_stock_amount":"","sales_update_date":"2025-09-03T00:16:57","calc_backorders":null,"_links":{"self":[{"href":"https:\/\/aromasentia.com\/da\/wp-json\/wp\/v2\/product\/197044","targetHints":{"allow":["GET"]}}],"collection":[{"href":"https:\/\/aromasentia.com\/da\/wp-json\/wp\/v2\/product"}],"about":[{"href":"https:\/\/aromasentia.com\/da\/wp-json\/wp\/v2\/types\/product"}],"replies":[{"embeddable":true,"href":"https:\/\/aromasentia.com\/da\/wp-json\/wp\/v2\/comments?post=197044"}],"version-history":[{"count":0,"href":"https:\/\/aromasentia.com\/da\/wp-json\/wp\/v2\/product\/197044\/revisions"}],"wp:featuredmedia":[{"embeddable":true,"href":"https:\/\/aromasentia.com\/da\/wp-json\/wp\/v2\/media\/421154"}],"wp:attachment":[{"href":"https:\/\/aromasentia.com\/da\/wp-json\/wp\/v2\/media?parent=197044"}],"wp:term":[{"taxonomy":"product_brand","embeddable":true,"href":"https:\/\/aromasentia.com\/da\/wp-json\/wp\/v2\/product_brand?post=197044"},{"taxonomy":"product_cat","embeddable":true,"href":"https:\/\/aromasentia.com\/da\/wp-json\/wp\/v2\/product_cat?post=197044"},{"taxonomy":"product_tag","embeddable":true,"href":"https:\/\/aromasentia.com\/da\/wp-json\/wp\/v2\/product_tag?post=197044"}],"curies":[{"name":"wp","href":"https:\/\/api.w.org\/{rel}","templated":true}]}}