{"id":197036,"date":"2025-03-23T11:06:16","date_gmt":"2025-03-23T11:06:16","guid":{"rendered":"https:\/\/aromasentia.com\/product\/gemstone-lucky-elephants-pendants-12-assorted-25x15mm\/"},"modified":"2025-06-22T02:59:26","modified_gmt":"2025-06-22T02:59:26","slug":"aedelsten-lucky-elephants-vedhaeng-12-assorterede-25x15mm","status":"publish","type":"product","link":"https:\/\/aromasentia.com\/da\/aedelsten-lucky-elephants-vedhaeng-12-assorterede-25x15mm\/","title":{"rendered":"\u00c6delsten Lucky Elephants Vedh\u00e6ng (12 Assorterede) 25X15mm"},"content":{"rendered":"<p>Indbyd til held og lykke med dette sortiment af 12 heldige elefantvedh\u00e6ng med \u00e6delsten. Hvert vedh\u00e6ng m\u00e5ler ca. 25&#215;15 mm og har en r\u00e6kke \u00e6gte \u00e6delstene, der er perfekte til at skabe charmerende halsk\u00e6der eller \u00f8reringe.<\/p>\n","protected":false},"excerpt":{"rendered":"<p>Indbyd til held og lykke med dette sortiment af 12 heldige elefantvedh\u00e6ng med \u00e6delsten. Hvert vedh\u00e6ng m\u00e5ler ca. 25&#215;15 mm og har en r\u00e6kke \u00e6gte \u00e6delstene, der er perfekte til at skabe charmerende halsk\u00e6der eller \u00f8reringe.<\/p>\n","protected":false},"featured_media":420882,"comment_status":"closed","ping_status":"open","template":"","meta":{"_angie_page":false},"product_brand":[],"product_cat":[25212,5738],"product_tag":[],"class_list":{"0":"post-197036","1":"product","2":"type-product","3":"status-publish","4":"has-post-thumbnail","6":"product_cat-halskaeder-og-vedhaeng","7":"product_cat-smykker-og-accessories","8":"pa_collection-gemstone-pendants-da","9":"pa_made-in-kina","11":"first","12":"instock","13":"purchasable","14":"product-type-simple"},"supplier_id":null,"supplier_sku":"GemPD-24","barcode":null,"atum_controlled":true,"out_stock_date":null,"out_stock_threshold":null,"inheritable":false,"inbound_stock":null,"stock_on_hold":0,"sold_today":0,"sales_last_days":0,"reserved_stock":null,"customer_returns":null,"warehouse_damage":null,"lost_in_post":null,"other_logs":null,"out_stock_days":0,"lost_sales":0,"has_location":null,"update_date":"2026-05-08T05:09:40","atum_locations":[],"atum_stock_status":"instock","restock_status":false,"low_stock_amount":"","sales_update_date":"2026-02-06T00:01:35","calc_backorders":null,"_links":{"self":[{"href":"https:\/\/aromasentia.com\/da\/wp-json\/wp\/v2\/product\/197036","targetHints":{"allow":["GET"]}}],"collection":[{"href":"https:\/\/aromasentia.com\/da\/wp-json\/wp\/v2\/product"}],"about":[{"href":"https:\/\/aromasentia.com\/da\/wp-json\/wp\/v2\/types\/product"}],"replies":[{"embeddable":true,"href":"https:\/\/aromasentia.com\/da\/wp-json\/wp\/v2\/comments?post=197036"}],"version-history":[{"count":0,"href":"https:\/\/aromasentia.com\/da\/wp-json\/wp\/v2\/product\/197036\/revisions"}],"wp:featuredmedia":[{"embeddable":true,"href":"https:\/\/aromasentia.com\/da\/wp-json\/wp\/v2\/media\/420882"}],"wp:attachment":[{"href":"https:\/\/aromasentia.com\/da\/wp-json\/wp\/v2\/media?parent=197036"}],"wp:term":[{"taxonomy":"product_brand","embeddable":true,"href":"https:\/\/aromasentia.com\/da\/wp-json\/wp\/v2\/product_brand?post=197036"},{"taxonomy":"product_cat","embeddable":true,"href":"https:\/\/aromasentia.com\/da\/wp-json\/wp\/v2\/product_cat?post=197036"},{"taxonomy":"product_tag","embeddable":true,"href":"https:\/\/aromasentia.com\/da\/wp-json\/wp\/v2\/product_tag?post=197036"}],"curies":[{"name":"wp","href":"https:\/\/api.w.org\/{rel}","templated":true}]}}