{"id":197034,"date":"2025-03-23T11:06:16","date_gmt":"2025-03-23T11:06:16","guid":{"rendered":"https:\/\/aromasentia.com\/product\/gemstone-mini-angels-pendants-12-assorted-26x18mm\/"},"modified":"2025-06-22T02:59:26","modified_gmt":"2025-06-22T02:59:26","slug":"aedelsten-mini-angels-vedhaeng-12-assorterede-26x18mm","status":"publish","type":"product","link":"https:\/\/aromasentia.com\/da\/aedelsten-mini-angels-vedhaeng-12-assorterede-26x18mm\/","title":{"rendered":"\u00c6delsten Mini Angels Vedh\u00e6ng (12 Assorterede) 26X18mm"},"content":{"rendered":"<p>B\u00e6r en skytsengel med dig med dette sortiment af 12 mini engelvedh\u00e6ng med \u00e6delsten. Hvert vedh\u00e6ng m\u00e5ler ca. 26&#215;18 mm og har en r\u00e6kke forskellige \u00e6gte \u00e6delsten, som er perfekte til at skabe fine halsk\u00e6der eller \u00f8reringe.<\/p>\n","protected":false},"excerpt":{"rendered":"<p>B\u00e6r en skytsengel med dig med dette sortiment af 12 mini engelvedh\u00e6ng med \u00e6delsten. Hvert vedh\u00e6ng m\u00e5ler ca. 26&#215;18 mm og har en r\u00e6kke forskellige \u00e6gte \u00e6delsten, som er perfekte til at skabe fine halsk\u00e6der eller \u00f8reringe.<\/p>\n","protected":false},"featured_media":420840,"comment_status":"closed","ping_status":"open","template":"","meta":[],"product_brand":[],"product_cat":[25212,5738],"product_tag":[],"class_list":{"0":"post-197034","1":"product","2":"type-product","3":"status-publish","4":"has-post-thumbnail","6":"product_cat-halskaeder-og-vedhaeng","7":"product_cat-smykker-og-accessories","8":"pa_collection-gemstone-pendants-da","9":"pa_made-in-kina","11":"first","12":"instock","13":"purchasable","14":"product-type-simple"},"supplier_id":null,"supplier_sku":"GemPD-22","barcode":null,"atum_controlled":true,"out_stock_date":null,"out_stock_threshold":null,"inheritable":false,"inbound_stock":null,"stock_on_hold":0,"sold_today":0,"sales_last_days":0,"reserved_stock":null,"customer_returns":null,"warehouse_damage":null,"lost_in_post":null,"other_logs":null,"out_stock_days":0,"lost_sales":0,"has_location":null,"update_date":"2026-02-12T05:53:37","atum_locations":[],"atum_stock_status":"instock","restock_status":false,"low_stock_amount":"","sales_update_date":"2026-02-06T00:02:20","calc_backorders":null,"_links":{"self":[{"href":"https:\/\/aromasentia.com\/da\/wp-json\/wp\/v2\/product\/197034","targetHints":{"allow":["GET"]}}],"collection":[{"href":"https:\/\/aromasentia.com\/da\/wp-json\/wp\/v2\/product"}],"about":[{"href":"https:\/\/aromasentia.com\/da\/wp-json\/wp\/v2\/types\/product"}],"replies":[{"embeddable":true,"href":"https:\/\/aromasentia.com\/da\/wp-json\/wp\/v2\/comments?post=197034"}],"version-history":[{"count":0,"href":"https:\/\/aromasentia.com\/da\/wp-json\/wp\/v2\/product\/197034\/revisions"}],"wp:featuredmedia":[{"embeddable":true,"href":"https:\/\/aromasentia.com\/da\/wp-json\/wp\/v2\/media\/420840"}],"wp:attachment":[{"href":"https:\/\/aromasentia.com\/da\/wp-json\/wp\/v2\/media?parent=197034"}],"wp:term":[{"taxonomy":"product_brand","embeddable":true,"href":"https:\/\/aromasentia.com\/da\/wp-json\/wp\/v2\/product_brand?post=197034"},{"taxonomy":"product_cat","embeddable":true,"href":"https:\/\/aromasentia.com\/da\/wp-json\/wp\/v2\/product_cat?post=197034"},{"taxonomy":"product_tag","embeddable":true,"href":"https:\/\/aromasentia.com\/da\/wp-json\/wp\/v2\/product_tag?post=197034"}],"curies":[{"name":"wp","href":"https:\/\/api.w.org\/{rel}","templated":true}]}}