{"id":197026,"date":"2025-03-23T11:06:16","date_gmt":"2025-03-23T11:06:16","guid":{"rendered":"https:\/\/aromasentia.com\/product\/gemstone-double-power-bracelets-yellow-aventurine\/"},"modified":"2025-06-22T02:59:23","modified_gmt":"2025-06-22T02:59:23","slug":"double-power-armbaand-gul-aventurin","status":"publish","type":"product","link":"https:\/\/aromasentia.com\/da\/double-power-armbaand-gul-aventurin\/","title":{"rendered":"Double Power Armb\u00e5nd &#8211; Gul Aventurin"},"content":{"rendered":"<p>Introducer dine kunder til den tidl\u00f8se appel af vores Gemstone Double Power Armb\u00e5nd, der er lavet af naturlige \u00e6delsten af h\u00f8j kvalitet.<\/p>\n<p>S\u00e6lges i tre forskellige farver &#8211; m\u00f8rkebrun, sort og r\u00f8d) med to fremtr\u00e6dende \u00e6delstensperler og et elastisk armb\u00e5nd prydet med matchende \u00e6delstensperler.<\/p>\n<p>Hvert s\u00e6t leveres pakket med et hovedkort, der fremh\u00e6ver de specifikke fordele ved \u00e6delstenene.<\/p>\n<p>Gul Aventurin er en sten af modstandsdygtighed og optimisme. Den menes at hj\u00e6lpe med at \u00f8ge selvtilliden, bringe positivitet og tiltr\u00e6kke nye muligheder. At b\u00e6re gul Aventurin kan opmuntre til udholdenhed og forbedre evnen til at overvinde forhindringer med en positiv tankegang, hvilket g\u00f8r den ideel til dem, der \u00f8nsker at manifestere succes og gl\u00e6de i deres liv.<\/p>\n<p><strong><span style=\"color: rgb(141, 186, 216);\">Angiv venligst i de s\u00e6rlige instruktioner ved kassen, hvilken farve armb\u00e5ndssnor der foretr\u00e6kkes. Hvis ingen farve er angivet, v\u00e6lger vi tilf\u00e6ldigt.<\/span><\/strong><\/p>\n","protected":false},"excerpt":{"rendered":"<p>Introducer dine kunder til den tidl\u00f8se appel af vores Gemstone Double Power Armb\u00e5nd, der er lavet af naturlige \u00e6delsten af h\u00f8j kvalitet. S\u00e6lges i tre forskellige farver &#8211; m\u00f8rkebrun, sort og r\u00f8d) med to fremtr\u00e6dende \u00e6delstensperler og et elastisk armb\u00e5nd prydet med matchende \u00e6delstensperler. Hvert s\u00e6t leveres pakket med et hovedkort, der fremh\u00e6ver de specifikke [&hellip;]<\/p>\n","protected":false},"featured_media":420672,"comment_status":"closed","ping_status":"open","template":"","meta":{"_angie_page":false},"product_brand":[],"product_cat":[25211,25559,25222,5738],"product_tag":[],"class_list":{"0":"post-197026","1":"product","2":"type-product","3":"status-publish","4":"has-post-thumbnail","6":"product_cat-armband-smykker-og-accessories","7":"product_cat-aventurin","8":"product_cat-krystaller-og-sten","9":"product_cat-smykker-og-accessories","10":"pa_collection-double-power-bracelets-da","11":"pa_made-in-kina","13":"first","14":"instock","15":"purchasable","16":"product-type-simple"},"supplier_id":null,"supplier_sku":"GDPB-08","barcode":null,"atum_controlled":true,"out_stock_date":null,"out_stock_threshold":null,"inheritable":false,"inbound_stock":null,"stock_on_hold":0,"sold_today":0,"sales_last_days":0,"reserved_stock":null,"customer_returns":null,"warehouse_damage":null,"lost_in_post":null,"other_logs":null,"out_stock_days":0,"lost_sales":0,"has_location":null,"update_date":"2026-04-27T07:04:34","atum_locations":[],"atum_stock_status":"instock","restock_status":false,"low_stock_amount":"","sales_update_date":"2026-02-06T00:01:48","calc_backorders":null,"_links":{"self":[{"href":"https:\/\/aromasentia.com\/da\/wp-json\/wp\/v2\/product\/197026","targetHints":{"allow":["GET"]}}],"collection":[{"href":"https:\/\/aromasentia.com\/da\/wp-json\/wp\/v2\/product"}],"about":[{"href":"https:\/\/aromasentia.com\/da\/wp-json\/wp\/v2\/types\/product"}],"replies":[{"embeddable":true,"href":"https:\/\/aromasentia.com\/da\/wp-json\/wp\/v2\/comments?post=197026"}],"version-history":[{"count":0,"href":"https:\/\/aromasentia.com\/da\/wp-json\/wp\/v2\/product\/197026\/revisions"}],"wp:featuredmedia":[{"embeddable":true,"href":"https:\/\/aromasentia.com\/da\/wp-json\/wp\/v2\/media\/420672"}],"wp:attachment":[{"href":"https:\/\/aromasentia.com\/da\/wp-json\/wp\/v2\/media?parent=197026"}],"wp:term":[{"taxonomy":"product_brand","embeddable":true,"href":"https:\/\/aromasentia.com\/da\/wp-json\/wp\/v2\/product_brand?post=197026"},{"taxonomy":"product_cat","embeddable":true,"href":"https:\/\/aromasentia.com\/da\/wp-json\/wp\/v2\/product_cat?post=197026"},{"taxonomy":"product_tag","embeddable":true,"href":"https:\/\/aromasentia.com\/da\/wp-json\/wp\/v2\/product_tag?post=197026"}],"curies":[{"name":"wp","href":"https:\/\/api.w.org\/{rel}","templated":true}]}}