{"id":197021,"date":"2025-03-23T11:06:32","date_gmt":"2025-03-23T11:06:32","guid":{"rendered":"https:\/\/aromasentia.com\/product\/gemstone-manifestation-bracelet-blue-lace-agate-independence\/"},"modified":"2025-06-22T02:59:18","modified_gmt":"2025-06-22T02:59:18","slug":"armbaand-manifestation-blaa-blondeagat-uafhaengighed","status":"publish","type":"product","link":"https:\/\/aromasentia.com\/da\/armbaand-manifestation-blaa-blondeagat-uafhaengighed\/","title":{"rendered":"Armb\u00e5nd Manifestation &#8211; Bl\u00e5 Blondeagat &#8211; Uafh\u00e6ngighed"},"content":{"rendered":"<p><span style=\"color: rgb(75, 80, 88);\"><strong>\u00c6delstensmanifestationsarmb\u00e5nd &#8211; Bl\u00e5 blondeagat &#8211; Uafh\u00e6ngighed<\/strong><\/span><\/p>\n<p><span style=\"color: rgb(75, 80, 88);\">L\u00f8ft din butiks tilbud med et <strong>\u00c6delstensmanifestationsarmb\u00e5nd<\/strong> med bl\u00e5 blondeagat, en sten for uafh\u00e6ngighed og selvudfoldelse. Dette armb\u00e5nd er fremstillet med \u00e6gte bl\u00e5 blondeagatperler og er et symbol p\u00e5 klarhed, selvtillid og frihed.<\/span><\/p>\n<p><span style=\"color: rgb(75, 80, 88);\">Inspirer dine kunder til at omfavne deres unikke karakter og finde deres stemme med dette uds\u00f8gte armb\u00e5nd. Hvert stykke er omhyggeligt fremstillet, hvilket g\u00f8r det til en v\u00e6rdifuld tilf\u00f8jelse til dit lager.<\/span><\/p>\n<p><span style=\"color: rgb(75, 80, 88);\">Giv dine kunder mulighed for at manifestere deres egen vej til uafh\u00e6ngighed med <strong>Gemstone Manifestation Bracelet &#8211; Blue Lace Agate &#8211; Independence<\/strong><\/span><\/p>\n","protected":false},"excerpt":{"rendered":"<p>\u00c6delstensmanifestationsarmb\u00e5nd &#8211; Bl\u00e5 blondeagat &#8211; Uafh\u00e6ngighed L\u00f8ft din butiks tilbud med et \u00c6delstensmanifestationsarmb\u00e5nd med bl\u00e5 blondeagat, en sten for uafh\u00e6ngighed og selvudfoldelse. Dette armb\u00e5nd er fremstillet med \u00e6gte bl\u00e5 blondeagatperler og er et symbol p\u00e5 klarhed, selvtillid og frihed. Inspirer dine kunder til at omfavne deres unikke karakter og finde deres stemme med dette uds\u00f8gte [&hellip;]<\/p>\n","protected":false},"featured_media":424063,"comment_status":"closed","ping_status":"open","template":"","meta":{"_angie_page":false},"product_brand":[],"product_cat":[25537,25211,25222,5738],"product_tag":[],"class_list":{"0":"post-197021","1":"product","2":"type-product","3":"status-publish","4":"has-post-thumbnail","6":"product_cat-achat","7":"product_cat-armband-smykker-og-accessories","8":"product_cat-krystaller-og-sten","9":"product_cat-smykker-og-accessories","10":"pa_collection-gemstone-bracelets-for-manifestation-da","11":"pa_made-in-kina","13":"first","14":"instock","15":"purchasable","16":"product-type-simple"},"supplier_id":null,"supplier_sku":"ManB-03","barcode":null,"atum_controlled":true,"out_stock_date":null,"out_stock_threshold":null,"inheritable":false,"inbound_stock":null,"stock_on_hold":0,"sold_today":0,"sales_last_days":0,"reserved_stock":null,"customer_returns":null,"warehouse_damage":null,"lost_in_post":null,"other_logs":null,"out_stock_days":0,"lost_sales":0,"has_location":null,"update_date":"2026-05-08T05:13:08","atum_locations":[],"atum_stock_status":"instock","restock_status":false,"low_stock_amount":"","sales_update_date":"2025-09-03T00:16:28","calc_backorders":null,"_links":{"self":[{"href":"https:\/\/aromasentia.com\/da\/wp-json\/wp\/v2\/product\/197021","targetHints":{"allow":["GET"]}}],"collection":[{"href":"https:\/\/aromasentia.com\/da\/wp-json\/wp\/v2\/product"}],"about":[{"href":"https:\/\/aromasentia.com\/da\/wp-json\/wp\/v2\/types\/product"}],"replies":[{"embeddable":true,"href":"https:\/\/aromasentia.com\/da\/wp-json\/wp\/v2\/comments?post=197021"}],"version-history":[{"count":0,"href":"https:\/\/aromasentia.com\/da\/wp-json\/wp\/v2\/product\/197021\/revisions"}],"wp:featuredmedia":[{"embeddable":true,"href":"https:\/\/aromasentia.com\/da\/wp-json\/wp\/v2\/media\/424063"}],"wp:attachment":[{"href":"https:\/\/aromasentia.com\/da\/wp-json\/wp\/v2\/media?parent=197021"}],"wp:term":[{"taxonomy":"product_brand","embeddable":true,"href":"https:\/\/aromasentia.com\/da\/wp-json\/wp\/v2\/product_brand?post=197021"},{"taxonomy":"product_cat","embeddable":true,"href":"https:\/\/aromasentia.com\/da\/wp-json\/wp\/v2\/product_cat?post=197021"},{"taxonomy":"product_tag","embeddable":true,"href":"https:\/\/aromasentia.com\/da\/wp-json\/wp\/v2\/product_tag?post=197021"}],"curies":[{"name":"wp","href":"https:\/\/api.w.org\/{rel}","templated":true}]}}