{"id":197020,"date":"2025-03-23T11:06:32","date_gmt":"2025-03-23T11:06:32","guid":{"rendered":"https:\/\/aromasentia.com\/product\/gemstone-manifestation-bracelet-lepard-skin-courage\/"},"modified":"2025-06-22T02:59:17","modified_gmt":"2025-06-22T02:59:17","slug":"armbaand-lepard-skin-mod","status":"publish","type":"product","link":"https:\/\/aromasentia.com\/da\/armbaand-lepard-skin-mod\/","title":{"rendered":"Armb\u00e5nd &#8211; Lepard Skin &#8211; mod"},"content":{"rendered":"<p><span style=\"color: rgb(75, 80, 88);\"><strong>\u00c6delstensmanifestationsarmb\u00e5nd &#8211; Leopardskind &#8211; Mod<\/strong><\/span><\/p>\n<p><span style=\"color: rgb(75, 80, 88);\">Forbedr din butiks udvalg med dette f\u00e6ngslende \u00e6delstensmanifestationsarmb\u00e5nd med leopardskindsjaspis. Dette armb\u00e5nd udstr\u00e5ler mod og styrke, hvilket g\u00f8r det til et uundv\u00e6rligt tilbeh\u00f8r for dem, der s\u00f8ger at styrke deres indre beslutsomhed.<\/span><\/p>\n<p><span style=\"color: rgb(75, 80, 88);\">Hvert armb\u00e5nd er fremstillet af autentiske leopardskinds-jaspisperler og er et unikt kunstv\u00e6rk, der afspejler den vilde og ut\u00e6mmede \u00e5nd indeni.<\/span><\/p>\n<p><span style=\"color: rgb(75, 80, 88);\">Inviter dine kunder til at udnytte deres indre mod og tr\u00e6de modigt ind p\u00e5 deres rejser med dette <strong>Gemstone Manifestation Armb\u00e5nd &#8211; Leopardskind &#8211; Mod.<\/strong><\/span><\/p>\n","protected":false},"excerpt":{"rendered":"<p>\u00c6delstensmanifestationsarmb\u00e5nd &#8211; Leopardskind &#8211; Mod Forbedr din butiks udvalg med dette f\u00e6ngslende \u00e6delstensmanifestationsarmb\u00e5nd med leopardskindsjaspis. Dette armb\u00e5nd udstr\u00e5ler mod og styrke, hvilket g\u00f8r det til et uundv\u00e6rligt tilbeh\u00f8r for dem, der s\u00f8ger at styrke deres indre beslutsomhed. Hvert armb\u00e5nd er fremstillet af autentiske leopardskinds-jaspisperler og er et unikt kunstv\u00e6rk, der afspejler den vilde og ut\u00e6mmede [&hellip;]<\/p>\n","protected":false},"featured_media":424030,"comment_status":"closed","ping_status":"open","template":"","meta":{"_angie_page":false},"product_brand":[],"product_cat":[25211,5738],"product_tag":[],"class_list":{"0":"post-197020","1":"product","2":"type-product","3":"status-publish","4":"has-post-thumbnail","6":"product_cat-armband-smykker-og-accessories","7":"product_cat-smykker-og-accessories","8":"pa_collection-gemstone-bracelets-for-manifestation-da","9":"pa_made-in-kina","11":"first","12":"instock","13":"purchasable","14":"product-type-simple"},"supplier_id":null,"supplier_sku":"ManB-02","barcode":null,"atum_controlled":true,"out_stock_date":null,"out_stock_threshold":null,"inheritable":false,"inbound_stock":null,"stock_on_hold":0,"sold_today":0,"sales_last_days":0,"reserved_stock":null,"customer_returns":null,"warehouse_damage":null,"lost_in_post":null,"other_logs":null,"out_stock_days":0,"lost_sales":0,"has_location":null,"update_date":"2026-05-08T05:13:08","atum_locations":[],"atum_stock_status":"instock","restock_status":false,"low_stock_amount":"","sales_update_date":"2026-02-06T00:01:59","calc_backorders":null,"_links":{"self":[{"href":"https:\/\/aromasentia.com\/da\/wp-json\/wp\/v2\/product\/197020","targetHints":{"allow":["GET"]}}],"collection":[{"href":"https:\/\/aromasentia.com\/da\/wp-json\/wp\/v2\/product"}],"about":[{"href":"https:\/\/aromasentia.com\/da\/wp-json\/wp\/v2\/types\/product"}],"replies":[{"embeddable":true,"href":"https:\/\/aromasentia.com\/da\/wp-json\/wp\/v2\/comments?post=197020"}],"version-history":[{"count":0,"href":"https:\/\/aromasentia.com\/da\/wp-json\/wp\/v2\/product\/197020\/revisions"}],"wp:featuredmedia":[{"embeddable":true,"href":"https:\/\/aromasentia.com\/da\/wp-json\/wp\/v2\/media\/424030"}],"wp:attachment":[{"href":"https:\/\/aromasentia.com\/da\/wp-json\/wp\/v2\/media?parent=197020"}],"wp:term":[{"taxonomy":"product_brand","embeddable":true,"href":"https:\/\/aromasentia.com\/da\/wp-json\/wp\/v2\/product_brand?post=197020"},{"taxonomy":"product_cat","embeddable":true,"href":"https:\/\/aromasentia.com\/da\/wp-json\/wp\/v2\/product_cat?post=197020"},{"taxonomy":"product_tag","embeddable":true,"href":"https:\/\/aromasentia.com\/da\/wp-json\/wp\/v2\/product_tag?post=197020"}],"curies":[{"name":"wp","href":"https:\/\/api.w.org\/{rel}","templated":true}]}}