{"id":197019,"date":"2025-03-23T11:06:32","date_gmt":"2025-03-23T11:06:32","guid":{"rendered":"https:\/\/aromasentia.com\/product\/gemstone-manifestation-bracelet-rose-quartz-love\/"},"modified":"2025-06-22T02:59:17","modified_gmt":"2025-06-22T02:59:17","slug":"armbaand-rosakvarts-kaerlighed","status":"publish","type":"product","link":"https:\/\/aromasentia.com\/da\/armbaand-rosakvarts-kaerlighed\/","title":{"rendered":"Armb\u00e5nd &#8211; Rosakvarts &#8211; K\u00e6rlighed"},"content":{"rendered":"<p><span style=\"color: rgb(75, 80, 88);\"><strong>\u00c6delstensmanifestationsarmb\u00e5nd &#8211; Rosakvarts &#8211; K\u00e6rlighed<\/strong><\/span><\/p>\n<p><span style=\"color: rgb(75, 80, 88);\">Berig din butiks udvalg med et f\u00e6ngslende \u00e6delstensbekr\u00e6ftelsesarmb\u00e5nd med den blide omfavnelse af rosakvarts. Gennemsyret af k\u00e6rlighedens essens udstr\u00e5ler dette uds\u00f8gte smykke en harmonisk og opl\u00f8ftende energi. Omhyggeligt fremstillet med autentiske rosakvartsperler st\u00e5r det som et kraftfuldt symbol p\u00e5 k\u00e6rlighed, harmoni og medf\u00f8lelse.<\/span><\/p>\n<p><span style=\"color: rgb(75, 80, 88);\">Ideel til at tiltr\u00e6kke k\u00e6rlighed og uddybe eksisterende forhold, er dette armb\u00e5nd et must-have til din samling. Hver enkelt er h\u00e5ndlavet til perfektion, hvilket g\u00f8r den til en unik tilf\u00f8jelse til dit lager.<\/span><\/p>\n<p><span style=\"color: rgb(75, 80, 88);\">Hj\u00e6lp dine kunder med at manifestere k\u00e6rlighed i deres liv med dette<strong>&nbsp;\u00c6delstensmanifestationsarmb\u00e5nd &#8211; Rosakvarts &#8211; K\u00e6rlighed.<\/strong><\/span><\/p>\n<p><span style=\"color: rgb(75, 80, 88);\"><em>Perlest\u00f8rrelse 1 (\u00e6delsten) &#8211; 5 mm<\/em><\/span><\/p>\n<p><span style=\"color: rgb(75, 80, 88);\"><em>Armb\u00e5ndets omkreds &#8211; 9,5 cm<\/em><\/span><\/p>\n","protected":false},"excerpt":{"rendered":"<p>\u00c6delstensmanifestationsarmb\u00e5nd &#8211; Rosakvarts &#8211; K\u00e6rlighed Berig din butiks udvalg med et f\u00e6ngslende \u00e6delstensbekr\u00e6ftelsesarmb\u00e5nd med den blide omfavnelse af rosakvarts. Gennemsyret af k\u00e6rlighedens essens udstr\u00e5ler dette uds\u00f8gte smykke en harmonisk og opl\u00f8ftende energi. Omhyggeligt fremstillet med autentiske rosakvartsperler st\u00e5r det som et kraftfuldt symbol p\u00e5 k\u00e6rlighed, harmoni og medf\u00f8lelse. Ideel til at tiltr\u00e6kke k\u00e6rlighed og uddybe [&hellip;]<\/p>\n","protected":false},"featured_media":423997,"comment_status":"closed","ping_status":"open","template":"","meta":[],"product_brand":[],"product_cat":[25211,25222,25736,25747,5738],"product_tag":[],"class_list":{"0":"post-197019","1":"product","2":"type-product","3":"status-publish","4":"has-post-thumbnail","6":"product_cat-armband-smykker-og-accessories","7":"product_cat-krystaller-og-sten","8":"product_cat-kvarts","9":"product_cat-rosenkvarts","10":"product_cat-smykker-og-accessories","11":"pa_collection-gemstone-bracelets-for-manifestation-da","12":"pa_made-in-kina","14":"first","15":"instock","16":"purchasable","17":"product-type-simple"},"supplier_id":null,"supplier_sku":"ManB-01","barcode":null,"atum_controlled":true,"out_stock_date":null,"out_stock_threshold":null,"inheritable":false,"inbound_stock":null,"stock_on_hold":0,"sold_today":0,"sales_last_days":0,"reserved_stock":null,"customer_returns":null,"warehouse_damage":null,"lost_in_post":null,"other_logs":null,"out_stock_days":0,"lost_sales":0,"has_location":null,"update_date":"2026-02-04T10:32:53","atum_locations":[],"atum_stock_status":"instock","restock_status":false,"low_stock_amount":"","sales_update_date":"2025-09-03T00:16:27","calc_backorders":null,"_links":{"self":[{"href":"https:\/\/aromasentia.com\/da\/wp-json\/wp\/v2\/product\/197019","targetHints":{"allow":["GET"]}}],"collection":[{"href":"https:\/\/aromasentia.com\/da\/wp-json\/wp\/v2\/product"}],"about":[{"href":"https:\/\/aromasentia.com\/da\/wp-json\/wp\/v2\/types\/product"}],"replies":[{"embeddable":true,"href":"https:\/\/aromasentia.com\/da\/wp-json\/wp\/v2\/comments?post=197019"}],"version-history":[{"count":0,"href":"https:\/\/aromasentia.com\/da\/wp-json\/wp\/v2\/product\/197019\/revisions"}],"wp:featuredmedia":[{"embeddable":true,"href":"https:\/\/aromasentia.com\/da\/wp-json\/wp\/v2\/media\/423997"}],"wp:attachment":[{"href":"https:\/\/aromasentia.com\/da\/wp-json\/wp\/v2\/media?parent=197019"}],"wp:term":[{"taxonomy":"product_brand","embeddable":true,"href":"https:\/\/aromasentia.com\/da\/wp-json\/wp\/v2\/product_brand?post=197019"},{"taxonomy":"product_cat","embeddable":true,"href":"https:\/\/aromasentia.com\/da\/wp-json\/wp\/v2\/product_cat?post=197019"},{"taxonomy":"product_tag","embeddable":true,"href":"https:\/\/aromasentia.com\/da\/wp-json\/wp\/v2\/product_tag?post=197019"}],"curies":[{"name":"wp","href":"https:\/\/api.w.org\/{rel}","templated":true}]}}