{"id":197005,"date":"2025-03-23T11:06:32","date_gmt":"2025-03-23T11:06:32","guid":{"rendered":"https:\/\/aromasentia.com\/product\/laced-gemstone-hexagon-pendant-white-howlite\/"},"modified":"2025-06-22T02:59:11","modified_gmt":"2025-06-22T02:59:11","slug":"laced-hexagon-vedhaeng-hvid-howlit","status":"publish","type":"product","link":"https:\/\/aromasentia.com\/da\/laced-hexagon-vedhaeng-hvid-howlit\/","title":{"rendered":"Laced Hexagon Vedh\u00e6ng &#8211; Hvid Howlit"},"content":{"rendered":"<p><span style=\"color: rgb(75, 80, 88);\">Oplev det betagende **Laced Gemstone Hexagon Pendant**, der fremviser den fredfyldte hvide howlit, fremstillet i Indien.<\/span><\/p>\n<p><span style=\"color: rgb(75, 80, 88);\">Dette vedh\u00e6ng, med sin harmoniske sekskantede form, komplementerer smukt den rolige essens af **White Howlit**. Dens snehvide teint udsmykket med delikate gr\u00e5 \u00e5rer fremkalder en f\u00f8lelse af ren sindsro og mindfulness. Hvid howlit er kendt for sin evne til at **indgyde afslapning, t\u00e5lmodighed og f\u00f8lelsesm\u00e6ssig heling**, hvilket g\u00f8r den til en perfekt ledsager for dem, der s\u00f8ger indre fred.<\/span><\/p>\n<p><span style=\"color: rgb(75, 80, 88);\">Hvert hvidt howlit sekskantvedh\u00e6ng er indviklet sn\u00f8ret, hvilket f\u00e5r \u00e6delstenens naturlige charme til at str\u00e5le ud med hver brug. Den <strong>justerbare snor<\/strong> sikrer ikke kun en komfortabel, men ogs\u00e5 en personlig pasform.<\/span><\/p>\n<p><span style=\"color: rgb(75, 80, 88);\">Omfavn den sindsro og mindfulness, som Hvid Howlit repr\u00e6senterer, med dette exceptionelle vedh\u00e6ng.<\/span><\/p>\n<p><span style=\"color: rgb(75, 80, 88);\">Grib chancen for at introducere dine kunder til sk\u00f8nheden og symbolikken ved Hvid Howlit. Lad dem b\u00e6re et stykke ro og f\u00f8lelsesm\u00e6ssig balance med sig, uanset hvor de g\u00e5r.<\/span><\/p>\n<p><span style=\"color: rgb(75, 80, 88);\"><strong>Snorl\u00e6ngde:<\/strong> Cirka 40 cm<\/span><\/p>\n","protected":false},"excerpt":{"rendered":"<p>Oplev det betagende **Laced Gemstone Hexagon Pendant**, der fremviser den fredfyldte hvide howlit, fremstillet i Indien. Dette vedh\u00e6ng, med sin harmoniske sekskantede form, komplementerer smukt den rolige essens af **White Howlit**. Dens snehvide teint udsmykket med delikate gr\u00e5 \u00e5rer fremkalder en f\u00f8lelse af ren sindsro og mindfulness. Hvid howlit er kendt for sin evne til [&hellip;]<\/p>\n","protected":false},"featured_media":423591,"comment_status":"closed","ping_status":"open","template":"","meta":[],"product_brand":[],"product_cat":[25212,25630,25222,5738],"product_tag":[],"class_list":{"0":"post-197005","1":"product","2":"type-product","3":"status-publish","4":"has-post-thumbnail","6":"product_cat-halskaeder-og-vedhaeng","7":"product_cat-howlite","8":"product_cat-krystaller-og-sten","9":"product_cat-smykker-og-accessories","10":"pa_collection-laced-gemstone-pendants-da","11":"pa_made-in-indien","13":"first","14":"instock","15":"purchasable","16":"product-type-simple"},"supplier_id":null,"supplier_sku":"LGemP-06","barcode":null,"atum_controlled":true,"out_stock_date":null,"out_stock_threshold":null,"inheritable":false,"inbound_stock":null,"stock_on_hold":0,"sold_today":0,"sales_last_days":0,"reserved_stock":null,"customer_returns":null,"warehouse_damage":null,"lost_in_post":null,"other_logs":null,"out_stock_days":0,"lost_sales":0,"has_location":null,"update_date":"2026-01-30T01:25:52","atum_locations":[],"atum_stock_status":"instock","restock_status":false,"low_stock_amount":"","sales_update_date":"2026-01-30T01:25:52","calc_backorders":null,"_links":{"self":[{"href":"https:\/\/aromasentia.com\/da\/wp-json\/wp\/v2\/product\/197005","targetHints":{"allow":["GET"]}}],"collection":[{"href":"https:\/\/aromasentia.com\/da\/wp-json\/wp\/v2\/product"}],"about":[{"href":"https:\/\/aromasentia.com\/da\/wp-json\/wp\/v2\/types\/product"}],"replies":[{"embeddable":true,"href":"https:\/\/aromasentia.com\/da\/wp-json\/wp\/v2\/comments?post=197005"}],"version-history":[{"count":0,"href":"https:\/\/aromasentia.com\/da\/wp-json\/wp\/v2\/product\/197005\/revisions"}],"wp:featuredmedia":[{"embeddable":true,"href":"https:\/\/aromasentia.com\/da\/wp-json\/wp\/v2\/media\/423591"}],"wp:attachment":[{"href":"https:\/\/aromasentia.com\/da\/wp-json\/wp\/v2\/media?parent=197005"}],"wp:term":[{"taxonomy":"product_brand","embeddable":true,"href":"https:\/\/aromasentia.com\/da\/wp-json\/wp\/v2\/product_brand?post=197005"},{"taxonomy":"product_cat","embeddable":true,"href":"https:\/\/aromasentia.com\/da\/wp-json\/wp\/v2\/product_cat?post=197005"},{"taxonomy":"product_tag","embeddable":true,"href":"https:\/\/aromasentia.com\/da\/wp-json\/wp\/v2\/product_tag?post=197005"}],"curies":[{"name":"wp","href":"https:\/\/api.w.org\/{rel}","templated":true}]}}