{"id":197003,"date":"2025-03-23T11:06:32","date_gmt":"2025-03-23T11:06:32","guid":{"rendered":"https:\/\/aromasentia.com\/product\/laced-gemstone-teardrop-pendant-rose-quartz\/"},"modified":"2025-06-22T02:59:11","modified_gmt":"2025-06-22T02:59:11","slug":"laced-teardrop-vedhaeng-rosakvarts","status":"publish","type":"product","link":"https:\/\/aromasentia.com\/da\/laced-teardrop-vedhaeng-rosakvarts\/","title":{"rendered":"Laced Teardrop Vedh\u00e6ng &#8211; Rosakvarts"},"content":{"rendered":"<p><span style=\"color: rgb(75, 80, 88);\">Tilf\u00f8j et strejf af elegance og k\u00e6rlighed til dit smykkesortiment med vores<strong>&nbsp;Laced Gemstone Teardrop Vedh\u00e6ng<\/strong> med den dyrebare rosakvarts, h\u00e5ndlavet i hjertet af Indien.<\/span><\/p>\n<p><span style=\"color: rgb(75, 80, 88);\">Dette <strong>dr\u00e5beformede vedh\u00e6ng<\/strong> kan ikke kun prale af et tidl\u00f8st og yndefuldt design, men fremh\u00e6ver ogs\u00e5 smukt de bl\u00f8de og beroligende nuancer af <strong>rosenkvarts<\/strong>. Dens blide lyser\u00f8de toner symboliserer k\u00e6rlighed, medf\u00f8lelse og kraften i f\u00f8lelsesm\u00e6ssig helbredelse. Den er kendt for at \u00e5bne hjertechakraet og inviterer en f\u00f8lelse af ro og \u00f8mhed ind i ens liv, hvilket g\u00f8r den til en sand perle for b\u00e5de den stilbevidste og den spirituelt anlagte.<\/span><\/p>\n<p><span style=\"color: rgb(75, 80, 88);\">Hvert Rosakvarts Dr\u00e5beformet Vedh\u00e6ng er sn\u00f8ret for at fremh\u00e6ve \u00e6delstenens iboende tiltr\u00e6kningskraft, og den <strong>justerbare snor<\/strong> sikrer en tilpasset pasform, perfekt til enhver lejlighed.<\/span><\/p>\n<p><span style=\"color: rgb(75, 80, 88);\">Uanset om dine kunder b\u00e6rer den for dens \u00e6stetiske charme eller l\u00f8ftet om metafysiske fordele, lover dette vedh\u00e6ng at fange deres hjerter og blive en v\u00e6rdsat tilf\u00f8jelse til deres smykkesamling.<\/span><\/p>\n<p><span style=\"color: rgb(75, 80, 88);\">G\u00e5 ikke glip af chancen for at tilbyde dette symbol p\u00e5 elegance og hengivenhed i din butik; Det er en sand perle!<\/span><\/p>\n<p><span style=\"color: rgb(75, 80, 88);\"><strong>Strengl\u00e6ngde:<\/strong>Cirka 35 cm<\/span><\/p>\n","protected":false},"excerpt":{"rendered":"<p>Tilf\u00f8j et strejf af elegance og k\u00e6rlighed til dit smykkesortiment med vores&nbsp;Laced Gemstone Teardrop Vedh\u00e6ng med den dyrebare rosakvarts, h\u00e5ndlavet i hjertet af Indien. Dette dr\u00e5beformede vedh\u00e6ng kan ikke kun prale af et tidl\u00f8st og yndefuldt design, men fremh\u00e6ver ogs\u00e5 smukt de bl\u00f8de og beroligende nuancer af rosenkvarts. Dens blide lyser\u00f8de toner symboliserer k\u00e6rlighed, medf\u00f8lelse [&hellip;]<\/p>\n","protected":false},"featured_media":423541,"comment_status":"closed","ping_status":"open","template":"","meta":{"_angie_page":false},"product_brand":[],"product_cat":[25212,25222,25736,25747,5738],"product_tag":[],"class_list":{"0":"post-197003","1":"product","2":"type-product","3":"status-publish","4":"has-post-thumbnail","6":"product_cat-halskaeder-og-vedhaeng","7":"product_cat-krystaller-og-sten","8":"product_cat-kvarts","9":"product_cat-rosenkvarts","10":"product_cat-smykker-og-accessories","11":"pa_collection-laced-gemstone-pendants-da","12":"pa_made-in-indien","14":"first","15":"instock","16":"purchasable","17":"product-type-simple"},"supplier_id":null,"supplier_sku":"LGemP-04","barcode":null,"atum_controlled":true,"out_stock_date":null,"out_stock_threshold":null,"inheritable":false,"inbound_stock":null,"stock_on_hold":0,"sold_today":0,"sales_last_days":0,"reserved_stock":null,"customer_returns":null,"warehouse_damage":null,"lost_in_post":null,"other_logs":null,"out_stock_days":0,"lost_sales":0,"has_location":null,"update_date":"2026-04-27T07:11:06","atum_locations":[],"atum_stock_status":"instock","restock_status":false,"low_stock_amount":"","sales_update_date":"2026-01-30T01:24:41","calc_backorders":null,"_links":{"self":[{"href":"https:\/\/aromasentia.com\/da\/wp-json\/wp\/v2\/product\/197003","targetHints":{"allow":["GET"]}}],"collection":[{"href":"https:\/\/aromasentia.com\/da\/wp-json\/wp\/v2\/product"}],"about":[{"href":"https:\/\/aromasentia.com\/da\/wp-json\/wp\/v2\/types\/product"}],"replies":[{"embeddable":true,"href":"https:\/\/aromasentia.com\/da\/wp-json\/wp\/v2\/comments?post=197003"}],"version-history":[{"count":0,"href":"https:\/\/aromasentia.com\/da\/wp-json\/wp\/v2\/product\/197003\/revisions"}],"wp:featuredmedia":[{"embeddable":true,"href":"https:\/\/aromasentia.com\/da\/wp-json\/wp\/v2\/media\/423541"}],"wp:attachment":[{"href":"https:\/\/aromasentia.com\/da\/wp-json\/wp\/v2\/media?parent=197003"}],"wp:term":[{"taxonomy":"product_brand","embeddable":true,"href":"https:\/\/aromasentia.com\/da\/wp-json\/wp\/v2\/product_brand?post=197003"},{"taxonomy":"product_cat","embeddable":true,"href":"https:\/\/aromasentia.com\/da\/wp-json\/wp\/v2\/product_cat?post=197003"},{"taxonomy":"product_tag","embeddable":true,"href":"https:\/\/aromasentia.com\/da\/wp-json\/wp\/v2\/product_tag?post=197003"}],"curies":[{"name":"wp","href":"https:\/\/api.w.org\/{rel}","templated":true}]}}