{"id":196997,"date":"2025-03-23T11:06:40","date_gmt":"2025-03-23T11:06:40","guid":{"rendered":"https:\/\/aromasentia.com\/product\/double-branch-jewllery-stand-whitewash\/"},"modified":"2025-06-22T02:59:06","modified_gmt":"2025-06-22T02:59:06","slug":"smykkestativ-med-dobbeltgren-hvidwash","status":"publish","type":"product","link":"https:\/\/aromasentia.com\/da\/smykkestativ-med-dobbeltgren-hvidwash\/","title":{"rendered":"Smykkestativ med Dobbeltgren &#8211; Hvidwash"},"content":{"rendered":"<p>Det uds\u00f8gte <strong>Double Branch Jewelry Stand med en Whitewash-finish.<\/strong> Et fantastisk midtpunkt til fremvisning og organisering af din elskede smykkesamling. Med sit yndefulde design og omhyggelige h\u00e5ndv\u00e6rk er dette smykkestativ indbegrebet af elegance og funktionalitet i perfekt harmoni. Stativet har to kunstf\u00e6rdigt udformede grene, der elegant buer opad og udad og giver rigelig plads til at vise og opbevare en r\u00e6kke smykker.&nbsp;<\/p>\n<p>Smykkestativet er konstrueret af f\u00f8rsteklasses materialer og garanterer holdbarhed og lang levetid, s\u00e5 dine skattede genstande forbliver sikre og smukt pr\u00e6senteret. Den hvidkalkede finish giver stativet et strejf af rustik charme og passer ubesv\u00e6ret ind i enhver indretningsstil. De dobbelte grene giver alsidighed og bekvemmelighed, s\u00e5 du nemt kan h\u00e6nge halsk\u00e6der, armb\u00e5nd og endda \u00f8reringe. Det gennemt\u00e6nkte design og den robuste konstruktion g\u00f8r det til et ideelt valg til b\u00e5de personlig brug og som en bet\u00e6nksom gave.&nbsp;<\/p>\n<p>L\u00f8ft dine smykkeudstillinger med det elegante Double Branch Jewellery Stand med Whitewash, der nu f\u00e5s hos Ancient Wisdom. Dette alsidige stativ giver et fantastisk udstillingsvindue til dine dyrebare smykker og kombinerer stil og funktionalitet. Som f\u00f8rende leverand\u00f8r af <a href=\"https:\/\/aromasentia.com\/wholesale-branch-jewellery-stand\" rel=\"noopener noreferrer\" target=\"_blank\"><strong>smykkestativer i l\u00f8ssalg<\/strong><\/a> leverer vi produkter af h\u00f8j kvalitet til konkurrencedygtige priser.&nbsp;<\/p>\n<p><em>BEM\u00c6RK: P\u00e5 grund af tr\u00e6ets naturlige struktur kan der v\u00e6re sm\u00e5 forskelle mellem det produkt, du modtager, og billedet.<\/em><\/p>\n","protected":false},"excerpt":{"rendered":"<p>Det uds\u00f8gte Double Branch Jewelry Stand med en Whitewash-finish. Et fantastisk midtpunkt til fremvisning og organisering af din elskede smykkesamling. Med sit yndefulde design og omhyggelige h\u00e5ndv\u00e6rk er dette smykkestativ indbegrebet af elegance og funktionalitet i perfekt harmoni. Stativet har to kunstf\u00e6rdigt udformede grene, der elegant buer opad og udad og giver rigelig plads til [&hellip;]<\/p>\n","protected":false},"featured_media":426745,"comment_status":"closed","ping_status":"open","template":"","meta":[],"product_brand":[],"product_cat":[5738],"product_tag":[],"class_list":{"0":"post-196997","1":"product","2":"type-product","3":"status-publish","4":"has-post-thumbnail","6":"product_cat-smykker-og-accessories","7":"pa_collection-natural-jewellery-stand-da","8":"pa_made-in-indonesien","10":"first","11":"instock","12":"purchasable","13":"product-type-simple"},"supplier_id":null,"supplier_sku":"NJS-04","barcode":null,"atum_controlled":true,"out_stock_date":null,"out_stock_threshold":null,"inheritable":false,"inbound_stock":null,"stock_on_hold":0,"sold_today":0,"sales_last_days":0,"reserved_stock":null,"customer_returns":null,"warehouse_damage":null,"lost_in_post":null,"other_logs":null,"out_stock_days":0,"lost_sales":0,"has_location":null,"update_date":"2026-02-12T03:57:57","atum_locations":[],"atum_stock_status":"instock","restock_status":false,"low_stock_amount":"","sales_update_date":"2026-01-30T01:24:38","calc_backorders":null,"_links":{"self":[{"href":"https:\/\/aromasentia.com\/da\/wp-json\/wp\/v2\/product\/196997","targetHints":{"allow":["GET"]}}],"collection":[{"href":"https:\/\/aromasentia.com\/da\/wp-json\/wp\/v2\/product"}],"about":[{"href":"https:\/\/aromasentia.com\/da\/wp-json\/wp\/v2\/types\/product"}],"replies":[{"embeddable":true,"href":"https:\/\/aromasentia.com\/da\/wp-json\/wp\/v2\/comments?post=196997"}],"version-history":[{"count":0,"href":"https:\/\/aromasentia.com\/da\/wp-json\/wp\/v2\/product\/196997\/revisions"}],"wp:featuredmedia":[{"embeddable":true,"href":"https:\/\/aromasentia.com\/da\/wp-json\/wp\/v2\/media\/426745"}],"wp:attachment":[{"href":"https:\/\/aromasentia.com\/da\/wp-json\/wp\/v2\/media?parent=196997"}],"wp:term":[{"taxonomy":"product_brand","embeddable":true,"href":"https:\/\/aromasentia.com\/da\/wp-json\/wp\/v2\/product_brand?post=196997"},{"taxonomy":"product_cat","embeddable":true,"href":"https:\/\/aromasentia.com\/da\/wp-json\/wp\/v2\/product_cat?post=196997"},{"taxonomy":"product_tag","embeddable":true,"href":"https:\/\/aromasentia.com\/da\/wp-json\/wp\/v2\/product_tag?post=196997"}],"curies":[{"name":"wp","href":"https:\/\/api.w.org\/{rel}","templated":true}]}}