{"id":196996,"date":"2025-03-23T11:06:40","date_gmt":"2025-03-23T11:06:40","guid":{"rendered":"https:\/\/aromasentia.com\/product\/single-branch-jewllery-stand-whitewash\/"},"modified":"2025-06-22T02:59:06","modified_gmt":"2025-06-22T02:59:06","slug":"smykkestativ-med-en-gren-hvidwash","status":"publish","type":"product","link":"https:\/\/aromasentia.com\/da\/smykkestativ-med-en-gren-hvidwash\/","title":{"rendered":"Smykkestativ med En Gren &#8211; Hvidwash"},"content":{"rendered":"<p>Den uds\u00f8gte <strong>Single Branch Jewelry Stand med en Whitewash<\/strong><strong>&nbsp;finish.&nbsp;<\/strong>En f\u00e6ngslende tilf\u00f8jelse til ethvert elegant rum. Dette smykkestativ er fremstillet med omhyggelig opm\u00e6rksomhed p\u00e5 detaljer og blander problemfrit funktionalitet med tidl\u00f8s sk\u00f8nhed. Stativet har en enkelt, yndefuldt buet gren, der er omhyggeligt designet til at holde og vise dine dyrebare smykker.&nbsp;<\/p>\n<p>Smykkestativet er fremstillet af materialer af h\u00f8j kvalitet og sikrer holdbarhed og lang levetid, hvilket giver et sikkert og stilfuldt hjem til dine dyrebare smykker. Den naturlige whitewash-finish forbedrer ikke kun stativets visuelle appel, men skaber ogs\u00e5 en neutral baggrund, der giver dine smykker mulighed for at komme i centrum.&nbsp;<\/p>\n<p>Forbedr din smykkepr\u00e6sentation med det elegante Single Branch Jewellery Stand med Whitewash, der nu f\u00e5s hos [Dit firmanavn]. Dette uds\u00f8gte udstillingsstativ viser smukt dine fineste stykker og tilf\u00f8jer et strejf af raffinement til din butik. Som en p\u00e5lidelig leverand\u00f8r af <a href=\"https:\/\/aromasentia.com\/wholesale-branch-jewellery-stand\" rel=\"noopener noreferrer\" target=\"_blank\"><strong>smykkeudstillingsstativer i Storbritannien<\/strong><\/a> tilbyder vi konkurrencedygtige priser og et bredt udvalg af udstillingsl\u00f8sninger.<\/p>\n<p><em>BEM\u00c6RK: P\u00e5 grund af tr\u00e6ets naturlige struktur kan der v\u00e6re sm\u00e5 forskelle mellem det produkt, du modtager, og billedet.<\/em><\/p>\n","protected":false},"excerpt":{"rendered":"<p>Den uds\u00f8gte Single Branch Jewelry Stand med en Whitewash&nbsp;finish.&nbsp;En f\u00e6ngslende tilf\u00f8jelse til ethvert elegant rum. Dette smykkestativ er fremstillet med omhyggelig opm\u00e6rksomhed p\u00e5 detaljer og blander problemfrit funktionalitet med tidl\u00f8s sk\u00f8nhed. Stativet har en enkelt, yndefuldt buet gren, der er omhyggeligt designet til at holde og vise dine dyrebare smykker.&nbsp; Smykkestativet er fremstillet af materialer [&hellip;]<\/p>\n","protected":false},"featured_media":426728,"comment_status":"closed","ping_status":"open","template":"","meta":[],"product_brand":[],"product_cat":[5738],"product_tag":[],"class_list":{"0":"post-196996","1":"product","2":"type-product","3":"status-publish","4":"has-post-thumbnail","6":"product_cat-smykker-og-accessories","7":"pa_collection-natural-jewellery-stand-da","8":"pa_made-in-indonesien","10":"first","11":"instock","12":"purchasable","13":"product-type-simple"},"supplier_id":null,"supplier_sku":"NJS-03","barcode":null,"atum_controlled":true,"out_stock_date":null,"out_stock_threshold":null,"inheritable":false,"inbound_stock":null,"stock_on_hold":0,"sold_today":0,"sales_last_days":0,"reserved_stock":null,"customer_returns":null,"warehouse_damage":null,"lost_in_post":null,"other_logs":null,"out_stock_days":0,"lost_sales":0,"has_location":null,"update_date":"2026-01-30T01:26:40","atum_locations":[],"atum_stock_status":"instock","restock_status":false,"low_stock_amount":"","sales_update_date":"2026-01-30T01:26:40","calc_backorders":null,"_links":{"self":[{"href":"https:\/\/aromasentia.com\/da\/wp-json\/wp\/v2\/product\/196996","targetHints":{"allow":["GET"]}}],"collection":[{"href":"https:\/\/aromasentia.com\/da\/wp-json\/wp\/v2\/product"}],"about":[{"href":"https:\/\/aromasentia.com\/da\/wp-json\/wp\/v2\/types\/product"}],"replies":[{"embeddable":true,"href":"https:\/\/aromasentia.com\/da\/wp-json\/wp\/v2\/comments?post=196996"}],"version-history":[{"count":0,"href":"https:\/\/aromasentia.com\/da\/wp-json\/wp\/v2\/product\/196996\/revisions"}],"wp:featuredmedia":[{"embeddable":true,"href":"https:\/\/aromasentia.com\/da\/wp-json\/wp\/v2\/media\/426728"}],"wp:attachment":[{"href":"https:\/\/aromasentia.com\/da\/wp-json\/wp\/v2\/media?parent=196996"}],"wp:term":[{"taxonomy":"product_brand","embeddable":true,"href":"https:\/\/aromasentia.com\/da\/wp-json\/wp\/v2\/product_brand?post=196996"},{"taxonomy":"product_cat","embeddable":true,"href":"https:\/\/aromasentia.com\/da\/wp-json\/wp\/v2\/product_cat?post=196996"},{"taxonomy":"product_tag","embeddable":true,"href":"https:\/\/aromasentia.com\/da\/wp-json\/wp\/v2\/product_tag?post=196996"}],"curies":[{"name":"wp","href":"https:\/\/api.w.org\/{rel}","templated":true}]}}