{"id":196969,"date":"2025-03-23T11:06:40","date_gmt":"2025-03-23T11:06:40","guid":{"rendered":"https:\/\/aromasentia.com\/product\/twentyfour-compartment-display-tray\/"},"modified":"2025-06-22T02:58:53","modified_gmt":"2025-06-22T02:58:53","slug":"displaybakke-med-fireogtyve-rum","status":"publish","type":"product","link":"https:\/\/aromasentia.com\/da\/displaybakke-med-fireogtyve-rum\/","title":{"rendered":"Displaybakke med Fireogtyve Rum"},"content":{"rendered":"<p><strong>Smykkedisplaybakke til engrossalg<\/strong>, fremstillet af naturlig polyuretan, h\u00e5ndlavet med et display med 24 rum, ideelt til fremvisning af smykker og \u00e6delstene.&nbsp;<\/p>\n<p><span style=\"background-color: rgb(255, 255, 255); color: rgb(85, 85, 85);\">Den rumopdelte displaybakke&nbsp;<\/span>er perfekt til bordplader, glasskabe og andre udstillinger p\u00e5 butiksgulvet.<\/p>\n<p><strong>Bestil i dag for at skabe det perfekte smykkehj\u00f8rne i din butik.<\/strong><\/p>\n<p itemprop=\"description\"><strong>St\u00f8rrelser:<\/strong><\/p>\n<p itemprop=\"description\"><strong>Displaybakke:<\/strong><\/p>\n<p itemprop=\"description\"><strong>L\u00e6ngde: 35 cm, bredde: 24 cm, h\u00f8jde 3 cm<\/strong><\/p>\n<p itemprop=\"description\"><strong>Individuelle rum:<\/strong><\/p>\n<p itemprop=\"description\"><strong>L\u00e6ngde: 5 cm, bredde: 5 cm, h\u00f8jde 2 cm,&nbsp;<\/strong><\/p>\n<p itemprop=\"description\"><strong>L\u00e6ngde: 5 cm, bredde: 5 cm, h\u00f8jde 2 cm.5cm,&nbsp;<\/strong><\/p>\n<p itemprop=\"description\"><strong>V\u00e6gt 605g<\/strong><\/p>\n","protected":false},"excerpt":{"rendered":"<p>Smykkedisplaybakke til engrossalg, fremstillet af naturlig polyuretan, h\u00e5ndlavet med et display med 24 rum, ideelt til fremvisning af smykker og \u00e6delstene.&nbsp; Den rumopdelte displaybakke&nbsp;er perfekt til bordplader, glasskabe og andre udstillinger p\u00e5 butiksgulvet. Bestil i dag for at skabe det perfekte smykkehj\u00f8rne i din butik. St\u00f8rrelser: Displaybakke: L\u00e6ngde: 35 cm, bredde: 24 cm, h\u00f8jde 3 [&hellip;]<\/p>\n","protected":false},"featured_media":425885,"comment_status":"closed","ping_status":"open","template":"","meta":{"_angie_page":false},"product_brand":[],"product_cat":[5738],"product_tag":[],"class_list":{"0":"post-196969","1":"product","2":"type-product","3":"status-publish","4":"has-post-thumbnail","6":"product_cat-smykker-og-accessories","7":"pa_collection-natural-rattan-jewellery-display-stands-da","8":"pa_made-in-kina","10":"first","11":"instock","12":"purchasable","13":"product-type-simple"},"supplier_id":null,"supplier_sku":"NatJD-14","barcode":null,"atum_controlled":true,"out_stock_date":null,"out_stock_threshold":null,"inheritable":false,"inbound_stock":null,"stock_on_hold":0,"sold_today":0,"sales_last_days":0,"reserved_stock":null,"customer_returns":null,"warehouse_damage":null,"lost_in_post":null,"other_logs":null,"out_stock_days":0,"lost_sales":0,"has_location":null,"update_date":"2026-05-08T05:14:28","atum_locations":[],"atum_stock_status":"instock","restock_status":false,"low_stock_amount":"","sales_update_date":"2025-09-03T00:16:17","calc_backorders":null,"_links":{"self":[{"href":"https:\/\/aromasentia.com\/da\/wp-json\/wp\/v2\/product\/196969","targetHints":{"allow":["GET"]}}],"collection":[{"href":"https:\/\/aromasentia.com\/da\/wp-json\/wp\/v2\/product"}],"about":[{"href":"https:\/\/aromasentia.com\/da\/wp-json\/wp\/v2\/types\/product"}],"replies":[{"embeddable":true,"href":"https:\/\/aromasentia.com\/da\/wp-json\/wp\/v2\/comments?post=196969"}],"version-history":[{"count":0,"href":"https:\/\/aromasentia.com\/da\/wp-json\/wp\/v2\/product\/196969\/revisions"}],"wp:featuredmedia":[{"embeddable":true,"href":"https:\/\/aromasentia.com\/da\/wp-json\/wp\/v2\/media\/425885"}],"wp:attachment":[{"href":"https:\/\/aromasentia.com\/da\/wp-json\/wp\/v2\/media?parent=196969"}],"wp:term":[{"taxonomy":"product_brand","embeddable":true,"href":"https:\/\/aromasentia.com\/da\/wp-json\/wp\/v2\/product_brand?post=196969"},{"taxonomy":"product_cat","embeddable":true,"href":"https:\/\/aromasentia.com\/da\/wp-json\/wp\/v2\/product_cat?post=196969"},{"taxonomy":"product_tag","embeddable":true,"href":"https:\/\/aromasentia.com\/da\/wp-json\/wp\/v2\/product_tag?post=196969"}],"curies":[{"name":"wp","href":"https:\/\/api.w.org\/{rel}","templated":true}]}}