{"id":196965,"date":"2025-03-23T11:06:40","date_gmt":"2025-03-23T11:06:40","guid":{"rendered":"https:\/\/aromasentia.com\/product\/medium-bangle-t-stand-coffee\/"},"modified":"2025-06-22T02:58:52","modified_gmt":"2025-06-22T02:58:52","slug":"medium-armring-t-stander-kaffe","status":"publish","type":"product","link":"https:\/\/aromasentia.com\/da\/medium-armring-t-stander-kaffe\/","title":{"rendered":"Medium Armring &#8220;T&#8221; Stander &#8211; Kaffe"},"content":{"rendered":"<p itemprop=\"description\"><strong>Smykkeudstillingsstativer til armringe<\/strong>, medium armring &quot;T&quot; stativ lavet af naturlig polyuretan, h\u00e5ndlavet til at fremvise armringe, armb\u00e5nd og andre modesmykker.&nbsp;<\/p>\n<p itemprop=\"description\">Disse formbare polyuretanformer er pakket t\u00e6t ind i snoet naturpapir for at give en smart og sl\u00e5ende naturlig<strong>&nbsp;rattan-effekt&nbsp;<\/strong>, som st\u00e5r i kontrast til smykkerne og giver dem ekstra stil og raffinement.&nbsp;<\/p>\n<p itemprop=\"description\">F\u00e5s i tre forskellige st\u00f8rrelser og farver for at give maksimalt udstillingspotentiale. Perfekt til bordplader, glasskabe og andre udstillinger p\u00e5 butiksgulvet.<\/p>\n<p itemprop=\"description\"><strong>Bestil i dag for at skabe det perfekte smykkehj\u00f8rne i din butik.<\/strong><\/p>\n<p itemprop=\"description\"><\/p>\n<p itemprop=\"description\"><strong>St\u00f8rrelser:<\/strong><\/p>\n<p itemprop=\"description\"><strong>H\u00f8jde 20 cm, bredde 24 cm, diameter 5 cm, l\u00e6ngde 7 cm<\/strong><\/p>\n<p itemprop=\"description\"><strong>V\u00e6gt 368 g<\/strong><\/p>\n","protected":false},"excerpt":{"rendered":"<p>Smykkeudstillingsstativer til armringe, medium armring &quot;T&quot; stativ lavet af naturlig polyuretan, h\u00e5ndlavet til at fremvise armringe, armb\u00e5nd og andre modesmykker.&nbsp; Disse formbare polyuretanformer er pakket t\u00e6t ind i snoet naturpapir for at give en smart og sl\u00e5ende naturlig&nbsp;rattan-effekt&nbsp;, som st\u00e5r i kontrast til smykkerne og giver dem ekstra stil og raffinement.&nbsp; F\u00e5s i tre forskellige [&hellip;]<\/p>\n","protected":false},"featured_media":425817,"comment_status":"closed","ping_status":"open","template":"","meta":[],"product_brand":[],"product_cat":[5738],"product_tag":[],"class_list":{"0":"post-196965","1":"product","2":"type-product","3":"status-publish","4":"has-post-thumbnail","6":"product_cat-smykker-og-accessories","7":"pa_collection-natural-rattan-jewellery-display-stands-da","8":"pa_made-in-kina","10":"first","11":"instock","12":"purchasable","13":"product-type-simple"},"supplier_id":null,"supplier_sku":"NatJD-03","barcode":null,"atum_controlled":true,"out_stock_date":null,"out_stock_threshold":null,"inheritable":false,"inbound_stock":null,"stock_on_hold":0,"sold_today":0,"sales_last_days":0,"reserved_stock":null,"customer_returns":null,"warehouse_damage":null,"lost_in_post":null,"other_logs":null,"out_stock_days":0,"lost_sales":0,"has_location":null,"update_date":"2026-02-06T00:02:22","atum_locations":[],"atum_stock_status":"instock","restock_status":false,"low_stock_amount":"","sales_update_date":"2026-02-06T00:02:22","calc_backorders":null,"_links":{"self":[{"href":"https:\/\/aromasentia.com\/da\/wp-json\/wp\/v2\/product\/196965","targetHints":{"allow":["GET"]}}],"collection":[{"href":"https:\/\/aromasentia.com\/da\/wp-json\/wp\/v2\/product"}],"about":[{"href":"https:\/\/aromasentia.com\/da\/wp-json\/wp\/v2\/types\/product"}],"replies":[{"embeddable":true,"href":"https:\/\/aromasentia.com\/da\/wp-json\/wp\/v2\/comments?post=196965"}],"version-history":[{"count":0,"href":"https:\/\/aromasentia.com\/da\/wp-json\/wp\/v2\/product\/196965\/revisions"}],"wp:featuredmedia":[{"embeddable":true,"href":"https:\/\/aromasentia.com\/da\/wp-json\/wp\/v2\/media\/425817"}],"wp:attachment":[{"href":"https:\/\/aromasentia.com\/da\/wp-json\/wp\/v2\/media?parent=196965"}],"wp:term":[{"taxonomy":"product_brand","embeddable":true,"href":"https:\/\/aromasentia.com\/da\/wp-json\/wp\/v2\/product_brand?post=196965"},{"taxonomy":"product_cat","embeddable":true,"href":"https:\/\/aromasentia.com\/da\/wp-json\/wp\/v2\/product_cat?post=196965"},{"taxonomy":"product_tag","embeddable":true,"href":"https:\/\/aromasentia.com\/da\/wp-json\/wp\/v2\/product_tag?post=196965"}],"curies":[{"name":"wp","href":"https:\/\/api.w.org\/{rel}","templated":true}]}}