{"id":196956,"date":"2025-03-23T11:06:40","date_gmt":"2025-03-23T11:06:40","guid":{"rendered":"https:\/\/aromasentia.com\/product\/magnetic-hematite-shamballa-bracelet-circles\/"},"modified":"2025-06-22T02:58:46","modified_gmt":"2025-06-22T02:58:46","slug":"armbaand-magnetisk-haematit-shamballa-cirkler","status":"publish","type":"product","link":"https:\/\/aromasentia.com\/da\/armbaand-magnetisk-haematit-shamballa-cirkler\/","title":{"rendered":"Armb\u00e5nd Magnetisk H\u00e6matit Shamballa &#8211; Cirkler"},"content":{"rendered":"<p><span style=\"color: rgb(75, 80, 88);\">Dette <strong>magnetiske h\u00e6matit Shamballa-armb\u00e5nd &#8211; &nbsp;Circles&nbsp;<\/strong>er<strong>&nbsp;<\/strong>unisex, one-size, helt sort look, &nbsp;alle vil finde det perfekte til sig selv.<\/span><\/p>\n<p><span style=\"color: rgb(75, 80, 88);\">Dette fantastiske armb\u00e5nd er en smykketype, der typisk er lavet af sm\u00e5 h\u00e6matitperler, et mineral, der er naturligt magnetisk. Armb\u00e5ndet er lavet med en glidende makrame-knude for justerbar pasform, der g\u00f8r det muligt at str\u00e6kke armb\u00e5ndet over h\u00e5nden og sidde behageligt p\u00e5 h\u00e5ndleddet.<\/span><\/p>\n<p><span style=\"color: rgb(75, 80, 88);\">Shamballa-stilen er et traditionelt buddhistisk symbol p\u00e5 indre fred og oplysning, og den magnetiske h\u00e6matit siges at have helbredende egenskaber og fremme generel velv\u00e6re. &nbsp;<\/span><\/p>\n<p><span style=\"color: rgb(141, 186, 216);\"><strong>F\u00e5 fat i disse armb\u00e5nd, og se dem flyve af dine hylder.<\/strong><\/span><\/p>\n","protected":false},"excerpt":{"rendered":"<p>Dette magnetiske h\u00e6matit Shamballa-armb\u00e5nd &#8211; &nbsp;Circles&nbsp;er&nbsp;unisex, one-size, helt sort look, &nbsp;alle vil finde det perfekte til sig selv. Dette fantastiske armb\u00e5nd er en smykketype, der typisk er lavet af sm\u00e5 h\u00e6matitperler, et mineral, der er naturligt magnetisk. Armb\u00e5ndet er lavet med en glidende makrame-knude for justerbar pasform, der g\u00f8r det muligt at str\u00e6kke armb\u00e5ndet over [&hellip;]<\/p>\n","protected":false},"featured_media":425576,"comment_status":"closed","ping_status":"open","template":"","meta":{"_angie_page":false},"product_brand":[],"product_cat":[25211,25622,25222,5738],"product_tag":[],"class_list":{"0":"post-196956","1":"product","2":"type-product","3":"status-publish","4":"has-post-thumbnail","6":"product_cat-armband-smykker-og-accessories","7":"product_cat-haematit","8":"product_cat-krystaller-og-sten","9":"product_cat-smykker-og-accessories","10":"pa_collection-magnetic-hematite-shamballa-bracelet-da","11":"pa_made-in-kina","13":"first","14":"instock","15":"purchasable","16":"product-type-simple"},"supplier_id":null,"supplier_sku":"MHSB-07","barcode":null,"atum_controlled":true,"out_stock_date":null,"out_stock_threshold":null,"inheritable":false,"inbound_stock":null,"stock_on_hold":0,"sold_today":0,"sales_last_days":0,"reserved_stock":null,"customer_returns":null,"warehouse_damage":null,"lost_in_post":null,"other_logs":null,"out_stock_days":0,"lost_sales":0,"has_location":null,"update_date":"2026-04-27T07:12:59","atum_locations":[],"atum_stock_status":"instock","restock_status":false,"low_stock_amount":"","sales_update_date":"2026-02-06T00:01:45","calc_backorders":null,"_links":{"self":[{"href":"https:\/\/aromasentia.com\/da\/wp-json\/wp\/v2\/product\/196956","targetHints":{"allow":["GET"]}}],"collection":[{"href":"https:\/\/aromasentia.com\/da\/wp-json\/wp\/v2\/product"}],"about":[{"href":"https:\/\/aromasentia.com\/da\/wp-json\/wp\/v2\/types\/product"}],"replies":[{"embeddable":true,"href":"https:\/\/aromasentia.com\/da\/wp-json\/wp\/v2\/comments?post=196956"}],"version-history":[{"count":0,"href":"https:\/\/aromasentia.com\/da\/wp-json\/wp\/v2\/product\/196956\/revisions"}],"wp:featuredmedia":[{"embeddable":true,"href":"https:\/\/aromasentia.com\/da\/wp-json\/wp\/v2\/media\/425576"}],"wp:attachment":[{"href":"https:\/\/aromasentia.com\/da\/wp-json\/wp\/v2\/media?parent=196956"}],"wp:term":[{"taxonomy":"product_brand","embeddable":true,"href":"https:\/\/aromasentia.com\/da\/wp-json\/wp\/v2\/product_brand?post=196956"},{"taxonomy":"product_cat","embeddable":true,"href":"https:\/\/aromasentia.com\/da\/wp-json\/wp\/v2\/product_cat?post=196956"},{"taxonomy":"product_tag","embeddable":true,"href":"https:\/\/aromasentia.com\/da\/wp-json\/wp\/v2\/product_tag?post=196956"}],"curies":[{"name":"wp","href":"https:\/\/api.w.org\/{rel}","templated":true}]}}