{"id":196932,"date":"2025-03-23T11:06:48","date_gmt":"2025-03-23T11:06:48","guid":{"rendered":"https:\/\/aromasentia.com\/product\/pressed-flowers-tree-of-life-set-pink\/"},"modified":"2025-06-22T02:58:34","modified_gmt":"2025-06-22T02:58:34","slug":"pressede-blomster-livets-trae-saet-pink","status":"publish","type":"product","link":"https:\/\/aromasentia.com\/da\/pressede-blomster-livets-trae-saet-pink\/","title":{"rendered":"Pressede Blomster &#8211; Livets Tr\u00e6 S\u00e6t &#8211; Pink"},"content":{"rendered":"<p>Pressed Flowers-smykkeserien er lavet med \u00e6gte blomster presset i et stykke glas. Da disse er \u00e6gte blomster, er ikke \u00e9t smykke helt ens, s\u00e5 alle er unikke.<\/p>\n<p><\/p>\n","protected":false},"excerpt":{"rendered":"<p>Pressed Flowers-smykkeserien er lavet med \u00e6gte blomster presset i et stykke glas. Da disse er \u00e6gte blomster, er ikke \u00e9t smykke helt ens, s\u00e5 alle er unikke.<\/p>\n","protected":false},"featured_media":427354,"comment_status":"closed","ping_status":"open","template":"","meta":[],"product_brand":[],"product_cat":[5738],"product_tag":[],"class_list":{"0":"post-196932","1":"product","2":"type-product","3":"status-publish","4":"has-post-thumbnail","6":"product_cat-smykker-og-accessories","7":"pa_collection-pressed-real-flowers-jewellery-da","8":"pa_made-in-kina","10":"first","11":"instock","12":"purchasable","13":"product-type-simple"},"supplier_id":null,"supplier_sku":"PFJ-02","barcode":null,"atum_controlled":true,"out_stock_date":null,"out_stock_threshold":null,"inheritable":false,"inbound_stock":null,"stock_on_hold":0,"sold_today":0,"sales_last_days":0,"reserved_stock":null,"customer_returns":null,"warehouse_damage":null,"lost_in_post":null,"other_logs":null,"out_stock_days":0,"lost_sales":0,"has_location":null,"update_date":"2026-02-10T10:28:14","atum_locations":[],"atum_stock_status":"instock","restock_status":false,"low_stock_amount":"","sales_update_date":"2025-09-03T00:16:10","calc_backorders":null,"_links":{"self":[{"href":"https:\/\/aromasentia.com\/da\/wp-json\/wp\/v2\/product\/196932","targetHints":{"allow":["GET"]}}],"collection":[{"href":"https:\/\/aromasentia.com\/da\/wp-json\/wp\/v2\/product"}],"about":[{"href":"https:\/\/aromasentia.com\/da\/wp-json\/wp\/v2\/types\/product"}],"replies":[{"embeddable":true,"href":"https:\/\/aromasentia.com\/da\/wp-json\/wp\/v2\/comments?post=196932"}],"version-history":[{"count":0,"href":"https:\/\/aromasentia.com\/da\/wp-json\/wp\/v2\/product\/196932\/revisions"}],"wp:featuredmedia":[{"embeddable":true,"href":"https:\/\/aromasentia.com\/da\/wp-json\/wp\/v2\/media\/427354"}],"wp:attachment":[{"href":"https:\/\/aromasentia.com\/da\/wp-json\/wp\/v2\/media?parent=196932"}],"wp:term":[{"taxonomy":"product_brand","embeddable":true,"href":"https:\/\/aromasentia.com\/da\/wp-json\/wp\/v2\/product_brand?post=196932"},{"taxonomy":"product_cat","embeddable":true,"href":"https:\/\/aromasentia.com\/da\/wp-json\/wp\/v2\/product_cat?post=196932"},{"taxonomy":"product_tag","embeddable":true,"href":"https:\/\/aromasentia.com\/da\/wp-json\/wp\/v2\/product_tag?post=196932"}],"curies":[{"name":"wp","href":"https:\/\/api.w.org\/{rel}","templated":true}]}}