{"id":196919,"date":"2025-03-23T11:07:03","date_gmt":"2025-03-23T11:07:03","guid":{"rendered":"https:\/\/aromasentia.com\/product\/tree-of-life-pendant-rock-crystal\/"},"modified":"2025-06-22T02:58:27","modified_gmt":"2025-06-22T02:58:27","slug":"livets-trae-vedhaeng-bjergkrystal","status":"publish","type":"product","link":"https:\/\/aromasentia.com\/da\/livets-trae-vedhaeng-bjergkrystal\/","title":{"rendered":"Livets Tr\u00e6 Vedh\u00e6ng &#8211; Bjergkrystal"},"content":{"rendered":"<p>H\u00e6v dit smykkeudbud med et <strong>Wholesale Tree of Life vedh\u00e6ng i bjergkrystal<\/strong>. Dette uds\u00f8gte smykke udtrykker den tidl\u00f8se symbolik i Livets tr\u00e6 og kombinerer den med den rene, krystallinske energi i bjergkrystal. Det er mere end bare et vedh\u00e6ng; det er et symbol p\u00e5 klarhed, healing og \u00e5ndelig v\u00e6kst.<\/p>\n<p>Hvert Livets Tr\u00e6-vedh\u00e6ng er omhyggeligt udformet med indviklede grene, der omslutter en \u00e6gte <strong><span style=\"color: rgb(204, 204, 204);\">Bjergkrystal-\u00e6delsten<\/span><\/strong><span style=\"color: rgb(204, 204, 204);\">. <\/span> Den klare, gennemsigtige sk\u00f8nhed i bjergkrystal repr\u00e6senterer klarhed i tanke og hensigt, hvilket g\u00f8r dette vedh\u00e6ng til et f\u00e6ngslende valg for dine kunder.<\/p>\n<p>Tilbyd dine kunder muligheden for at b\u00e6re et stykke klarhed og healing med dette engrosvedh\u00e6ng til livets tr\u00e6 &#8211; bjergkrystal. Lad dets rene energi fange deres \u00e5nd og inspirere til en f\u00f8lelse af \u00e5ndelig v\u00e6kst og oplysning.&nbsp;<\/p>\n<p><strong>Bestil nu, og tilf\u00f8j et strejf af krystalklar elegance til dine smykketilbud.<\/strong><\/p>\n","protected":false},"excerpt":{"rendered":"<p>H\u00e6v dit smykkeudbud med et Wholesale Tree of Life vedh\u00e6ng i bjergkrystal. Dette uds\u00f8gte smykke udtrykker den tidl\u00f8se symbolik i Livets tr\u00e6 og kombinerer den med den rene, krystallinske energi i bjergkrystal. Det er mere end bare et vedh\u00e6ng; det er et symbol p\u00e5 klarhed, healing og \u00e5ndelig v\u00e6kst. Hvert Livets Tr\u00e6-vedh\u00e6ng er omhyggeligt udformet [&hellip;]<\/p>\n","protected":false},"featured_media":430696,"comment_status":"closed","ping_status":"open","template":"","meta":[],"product_brand":[],"product_cat":[25743,25212,25222,5738],"product_tag":[],"class_list":{"0":"post-196919","1":"product","2":"type-product","3":"status-publish","4":"has-post-thumbnail","6":"product_cat-bjergkrystal","7":"product_cat-halskaeder-og-vedhaeng","8":"product_cat-krystaller-og-sten","9":"product_cat-smykker-og-accessories","10":"pa_collection-gemstone-pendants-tree-of-life-da","11":"pa_made-in-kina","13":"first","14":"instock","15":"purchasable","16":"product-type-simple"},"supplier_id":null,"supplier_sku":"TOLP-08","barcode":null,"atum_controlled":true,"out_stock_date":null,"out_stock_threshold":null,"inheritable":false,"inbound_stock":null,"stock_on_hold":0,"sold_today":0,"sales_last_days":0,"reserved_stock":null,"customer_returns":null,"warehouse_damage":null,"lost_in_post":null,"other_logs":null,"out_stock_days":0,"lost_sales":0,"has_location":null,"update_date":"2026-02-10T22:35:29","atum_locations":[],"atum_stock_status":"instock","restock_status":false,"low_stock_amount":"","sales_update_date":"2026-02-06T00:02:10","calc_backorders":null,"_links":{"self":[{"href":"https:\/\/aromasentia.com\/da\/wp-json\/wp\/v2\/product\/196919","targetHints":{"allow":["GET"]}}],"collection":[{"href":"https:\/\/aromasentia.com\/da\/wp-json\/wp\/v2\/product"}],"about":[{"href":"https:\/\/aromasentia.com\/da\/wp-json\/wp\/v2\/types\/product"}],"replies":[{"embeddable":true,"href":"https:\/\/aromasentia.com\/da\/wp-json\/wp\/v2\/comments?post=196919"}],"version-history":[{"count":0,"href":"https:\/\/aromasentia.com\/da\/wp-json\/wp\/v2\/product\/196919\/revisions"}],"wp:featuredmedia":[{"embeddable":true,"href":"https:\/\/aromasentia.com\/da\/wp-json\/wp\/v2\/media\/430696"}],"wp:attachment":[{"href":"https:\/\/aromasentia.com\/da\/wp-json\/wp\/v2\/media?parent=196919"}],"wp:term":[{"taxonomy":"product_brand","embeddable":true,"href":"https:\/\/aromasentia.com\/da\/wp-json\/wp\/v2\/product_brand?post=196919"},{"taxonomy":"product_cat","embeddable":true,"href":"https:\/\/aromasentia.com\/da\/wp-json\/wp\/v2\/product_cat?post=196919"},{"taxonomy":"product_tag","embeddable":true,"href":"https:\/\/aromasentia.com\/da\/wp-json\/wp\/v2\/product_tag?post=196919"}],"curies":[{"name":"wp","href":"https:\/\/api.w.org\/{rel}","templated":true}]}}