{"id":196918,"date":"2025-03-23T11:07:03","date_gmt":"2025-03-23T11:07:03","guid":{"rendered":"https:\/\/aromasentia.com\/product\/tree-of-life-pendant-amethyst\/"},"modified":"2025-06-22T02:58:27","modified_gmt":"2025-06-22T02:58:27","slug":"livets-trae-vedhaeng-ametyst","status":"publish","type":"product","link":"https:\/\/aromasentia.com\/da\/livets-trae-vedhaeng-ametyst\/","title":{"rendered":"Livets Tr\u00e6 Vedh\u00e6ng &#8211; Ametyst"},"content":{"rendered":"<p>H\u00e6v din smykkekollektion med et <strong>Wholesale Livets Tr\u00e6 vedh\u00e6ng i Ametyst. <\/strong>Dette uds\u00f8gte smykke blander harmonisk den tidl\u00f8se symbolik i Livets Tr\u00e6 med den beroligende og spirituelle energi i Ametyst. Det er mere end bare et vedh\u00e6ng; det er et symbol p\u00e5 fred, intuition og oplysning.<\/p>\n<p>Hvert Livets Tr\u00e6-vedh\u00e6ng er omhyggeligt udformet med indviklede grene, der omslutter en \u00e6gte<strong><span style=\"color: rgb(147, 101, 184);\">&nbsp;ametyst-\u00e6delsten. <\/span><\/strong> Ametystens beroligende lilla nuancer fremkalder en f\u00f8lelse af ro og indre visdom, hvilket g\u00f8r dette vedh\u00e6ng til et f\u00e6ngslende valg for dine kunder.<\/p>\n<p>Giv dine kunder mulighed for at b\u00e6re et stykke ro og spirituel forbindelse med dette engrosvedh\u00e6ng til livets tr\u00e6 &#8211; ametyst. Lad dets beroligende energi fange deres \u00e5nd og inspirere til en f\u00f8lelse af indre fred og oplysning.&nbsp;<\/p>\n<p><strong>Bestil nu, og tilf\u00f8r din smykkekollektion essensen af ro og spiritualitet.<\/strong><\/p>\n","protected":false},"excerpt":{"rendered":"<p>H\u00e6v din smykkekollektion med et Wholesale Livets Tr\u00e6 vedh\u00e6ng i Ametyst. Dette uds\u00f8gte smykke blander harmonisk den tidl\u00f8se symbolik i Livets Tr\u00e6 med den beroligende og spirituelle energi i Ametyst. Det er mere end bare et vedh\u00e6ng; det er et symbol p\u00e5 fred, intuition og oplysning. Hvert Livets Tr\u00e6-vedh\u00e6ng er omhyggeligt udformet med indviklede grene, [&hellip;]<\/p>\n","protected":false},"featured_media":430655,"comment_status":"closed","ping_status":"open","template":"","meta":{"_angie_page":false},"product_brand":[],"product_cat":[25544,25212,25222,5738],"product_tag":[],"class_list":{"0":"post-196918","1":"product","2":"type-product","3":"status-publish","4":"has-post-thumbnail","6":"product_cat-ametyst","7":"product_cat-halskaeder-og-vedhaeng","8":"product_cat-krystaller-og-sten","9":"product_cat-smykker-og-accessories","10":"pa_collection-gemstone-pendants-tree-of-life-da","11":"pa_made-in-kina","13":"first","14":"instock","15":"purchasable","16":"product-type-simple"},"supplier_id":null,"supplier_sku":"TOLP-07","barcode":null,"atum_controlled":true,"out_stock_date":null,"out_stock_threshold":null,"inheritable":false,"inbound_stock":null,"stock_on_hold":0,"sold_today":0,"sales_last_days":0,"reserved_stock":null,"customer_returns":null,"warehouse_damage":null,"lost_in_post":null,"other_logs":null,"out_stock_days":0,"lost_sales":0,"has_location":null,"update_date":"2026-05-08T05:21:25","atum_locations":[],"atum_stock_status":"instock","restock_status":false,"low_stock_amount":"","sales_update_date":"2025-09-03T00:15:12","calc_backorders":null,"_links":{"self":[{"href":"https:\/\/aromasentia.com\/da\/wp-json\/wp\/v2\/product\/196918","targetHints":{"allow":["GET"]}}],"collection":[{"href":"https:\/\/aromasentia.com\/da\/wp-json\/wp\/v2\/product"}],"about":[{"href":"https:\/\/aromasentia.com\/da\/wp-json\/wp\/v2\/types\/product"}],"replies":[{"embeddable":true,"href":"https:\/\/aromasentia.com\/da\/wp-json\/wp\/v2\/comments?post=196918"}],"version-history":[{"count":0,"href":"https:\/\/aromasentia.com\/da\/wp-json\/wp\/v2\/product\/196918\/revisions"}],"wp:featuredmedia":[{"embeddable":true,"href":"https:\/\/aromasentia.com\/da\/wp-json\/wp\/v2\/media\/430655"}],"wp:attachment":[{"href":"https:\/\/aromasentia.com\/da\/wp-json\/wp\/v2\/media?parent=196918"}],"wp:term":[{"taxonomy":"product_brand","embeddable":true,"href":"https:\/\/aromasentia.com\/da\/wp-json\/wp\/v2\/product_brand?post=196918"},{"taxonomy":"product_cat","embeddable":true,"href":"https:\/\/aromasentia.com\/da\/wp-json\/wp\/v2\/product_cat?post=196918"},{"taxonomy":"product_tag","embeddable":true,"href":"https:\/\/aromasentia.com\/da\/wp-json\/wp\/v2\/product_tag?post=196918"}],"curies":[{"name":"wp","href":"https:\/\/api.w.org\/{rel}","templated":true}]}}