{"id":196907,"date":"2025-03-23T11:07:03","date_gmt":"2025-03-23T11:07:03","guid":{"rendered":"https:\/\/aromasentia.com\/product\/copper-tibetan-bracelet-kamasutra\/"},"modified":"2025-06-22T02:58:23","modified_gmt":"2025-06-22T02:58:23","slug":"tibetansk-kobber-armbaand-kamasutra","status":"publish","type":"product","link":"https:\/\/aromasentia.com\/da\/tibetansk-kobber-armbaand-kamasutra\/","title":{"rendered":"Tibetansk Kobber Armb\u00e5nd &#8211; Kamasutra"},"content":{"rendered":"<h2>Grosshandel med tibetanske kobberarmb\u00e5nd &#8211; Kamasutra<\/h2>\n<p style=\"text-align: justify;\">Mange mennesker tror, at kobber- eller messingarmb\u00e5nd har sundhedsm\u00e6ssige fordele, herunder bedre blodoml\u00f8b og lindring af gigtsmerter. I oldtiden symboliserede kobber k\u00e6rlighed og balance og har i \u00e5rhundreder v\u00e6ret brugt til at helbrede og beskytte. Armb\u00e5nd holder kroppen i en stabil tilstand, hvilket f\u00f8rer til bedre resultater i meditation og yoga.&nbsp;<\/p>\n<p style=\"text-align: justify;\">Der st\u00e5r ogs\u00e5 h\u00e5ndlavet i Nepal&#8230; s\u00e5 du kan fort\u00e6lle dine kunder, at de er lavet p\u00e5 verdens tag. &nbsp;Pakket enkeltvis i en gave\u00e6ske med et informationskort (nummer 1, 2 og 3). &nbsp;Fordi armb\u00e5ndet er af metal, kan det b\u00f8jes forsigtigt, s\u00e5 det passer til ethvert h\u00e5ndled &#8211; s\u00e5 det er ogs\u00e5 effektivt unisex. &nbsp;Bliv inspireret! Markedsf\u00f8r disse armb\u00e5nd, og r\u00e6k ud efter himlen \ud83d\ude42<\/p>\n<p style=\"text-align: justify;\"><strong>Udvid dit lager med vores <\/strong><a href=\"https:\/\/aromasentia.com\/tmb\" rel=\"noopener noreferrer\" target=\"_blank\"><strong>grossist kobberarmb\u00e5nd<\/strong><\/a><strong>. Disse statement-smykker er perfekte til detailhandlere, der \u00f8nsker at tilbyde deres kunder trendy og unikt tilbeh\u00f8r.<\/strong> <\/p>\n","protected":false},"excerpt":{"rendered":"<p>Grosshandel med tibetanske kobberarmb\u00e5nd &#8211; Kamasutra Mange mennesker tror, at kobber- eller messingarmb\u00e5nd har sundhedsm\u00e6ssige fordele, herunder bedre blodoml\u00f8b og lindring af gigtsmerter. I oldtiden symboliserede kobber k\u00e6rlighed og balance og har i \u00e5rhundreder v\u00e6ret brugt til at helbrede og beskytte. Armb\u00e5nd holder kroppen i en stabil tilstand, hvilket f\u00f8rer til bedre resultater i meditation [&hellip;]<\/p>\n","protected":false},"featured_media":430180,"comment_status":"closed","ping_status":"open","template":"","meta":{"_angie_page":false},"product_brand":[],"product_cat":[25211,5738],"product_tag":[],"class_list":{"0":"post-196907","1":"product","2":"type-product","3":"status-publish","4":"has-post-thumbnail","6":"product_cat-armband-smykker-og-accessories","7":"product_cat-smykker-og-accessories","8":"pa_collection-tibetan-mantra-bracelet-da","9":"pa_made-in-nepal","11":"first","12":"instock","13":"purchasable","14":"product-type-simple"},"supplier_id":null,"supplier_sku":"TMB-04","barcode":null,"atum_controlled":true,"out_stock_date":null,"out_stock_threshold":null,"inheritable":false,"inbound_stock":null,"stock_on_hold":0,"sold_today":0,"sales_last_days":0,"reserved_stock":null,"customer_returns":null,"warehouse_damage":null,"lost_in_post":null,"other_logs":null,"out_stock_days":136,"lost_sales":0,"has_location":null,"update_date":"2026-04-27T07:25:05","atum_locations":[],"atum_stock_status":"instock","restock_status":false,"low_stock_amount":"","sales_update_date":"2026-01-20T05:14:41","calc_backorders":null,"_links":{"self":[{"href":"https:\/\/aromasentia.com\/da\/wp-json\/wp\/v2\/product\/196907","targetHints":{"allow":["GET"]}}],"collection":[{"href":"https:\/\/aromasentia.com\/da\/wp-json\/wp\/v2\/product"}],"about":[{"href":"https:\/\/aromasentia.com\/da\/wp-json\/wp\/v2\/types\/product"}],"replies":[{"embeddable":true,"href":"https:\/\/aromasentia.com\/da\/wp-json\/wp\/v2\/comments?post=196907"}],"version-history":[{"count":0,"href":"https:\/\/aromasentia.com\/da\/wp-json\/wp\/v2\/product\/196907\/revisions"}],"wp:featuredmedia":[{"embeddable":true,"href":"https:\/\/aromasentia.com\/da\/wp-json\/wp\/v2\/media\/430180"}],"wp:attachment":[{"href":"https:\/\/aromasentia.com\/da\/wp-json\/wp\/v2\/media?parent=196907"}],"wp:term":[{"taxonomy":"product_brand","embeddable":true,"href":"https:\/\/aromasentia.com\/da\/wp-json\/wp\/v2\/product_brand?post=196907"},{"taxonomy":"product_cat","embeddable":true,"href":"https:\/\/aromasentia.com\/da\/wp-json\/wp\/v2\/product_cat?post=196907"},{"taxonomy":"product_tag","embeddable":true,"href":"https:\/\/aromasentia.com\/da\/wp-json\/wp\/v2\/product_tag?post=196907"}],"curies":[{"name":"wp","href":"https:\/\/api.w.org\/{rel}","templated":true}]}}