{"id":196901,"date":"2025-03-23T11:07:09","date_gmt":"2025-03-23T11:07:09","guid":{"rendered":"https:\/\/aromasentia.com\/product\/100x-large-velvet-pouch-9x12cm\/"},"modified":"2025-06-22T02:58:18","modified_gmt":"2025-06-22T02:58:18","slug":"100x-stor-floejlspose-9x12cm","status":"publish","type":"product","link":"https:\/\/aromasentia.com\/da\/100x-stor-floejlspose-9x12cm\/","title":{"rendered":"100X Stor Fl\u00f8jlspose 9X12cm"},"content":{"rendered":"<p>Vores Large Velvet Pouch er en alsidig og elegant l\u00f8sning til opbevaring og for\u00e6ring af smykker. Pungen er lavet af <strong>tealfl\u00f8jl<\/strong> af h\u00f8j kvalitet, som giver et luksuri\u00f8st og sikkert hjem til dine dyrebare smykker.<\/p>\n<p>Sn\u00f8relukningen sikrer, at dine smykker er sikre og sunde, mens det <strong>rummelige indre kan rumme en r\u00e6kke forskellige genstande<\/strong>, fra halsk\u00e6der og armb\u00e5nd til \u00f8reringe og ringe.<\/p>\n<p>Denne pung er perfekt til brug i smykkeforretninger, butikker og derhjemme. &nbsp;<\/p>\n","protected":false},"excerpt":{"rendered":"<p>Vores Large Velvet Pouch er en alsidig og elegant l\u00f8sning til opbevaring og for\u00e6ring af smykker. Pungen er lavet af tealfl\u00f8jl af h\u00f8j kvalitet, som giver et luksuri\u00f8st og sikkert hjem til dine dyrebare smykker. Sn\u00f8relukningen sikrer, at dine smykker er sikre og sunde, mens det rummelige indre kan rumme en r\u00e6kke forskellige genstande, fra [&hellip;]<\/p>\n","protected":false},"featured_media":431964,"comment_status":"closed","ping_status":"open","template":"","meta":{"_angie_page":false},"product_brand":[],"product_cat":[5738],"product_tag":[],"class_list":{"0":"post-196901","1":"product","2":"type-product","3":"status-publish","4":"has-post-thumbnail","6":"product_cat-smykker-og-accessories","7":"pa_collection-velvet-jewellery-displays-da","8":"pa_made-in-kina","10":"first","11":"instock","12":"purchasable","13":"product-type-simple"},"supplier_id":null,"supplier_sku":"VJD-17","barcode":null,"atum_controlled":true,"out_stock_date":null,"out_stock_threshold":null,"inheritable":false,"inbound_stock":null,"stock_on_hold":0,"sold_today":0,"sales_last_days":0,"reserved_stock":null,"customer_returns":null,"warehouse_damage":null,"lost_in_post":null,"other_logs":null,"out_stock_days":0,"lost_sales":0,"has_location":null,"update_date":"2026-04-27T07:26:26","atum_locations":[],"atum_stock_status":"instock","restock_status":false,"low_stock_amount":"","sales_update_date":"2025-09-03T00:15:07","calc_backorders":null,"_links":{"self":[{"href":"https:\/\/aromasentia.com\/da\/wp-json\/wp\/v2\/product\/196901","targetHints":{"allow":["GET"]}}],"collection":[{"href":"https:\/\/aromasentia.com\/da\/wp-json\/wp\/v2\/product"}],"about":[{"href":"https:\/\/aromasentia.com\/da\/wp-json\/wp\/v2\/types\/product"}],"replies":[{"embeddable":true,"href":"https:\/\/aromasentia.com\/da\/wp-json\/wp\/v2\/comments?post=196901"}],"version-history":[{"count":0,"href":"https:\/\/aromasentia.com\/da\/wp-json\/wp\/v2\/product\/196901\/revisions"}],"wp:featuredmedia":[{"embeddable":true,"href":"https:\/\/aromasentia.com\/da\/wp-json\/wp\/v2\/media\/431964"}],"wp:attachment":[{"href":"https:\/\/aromasentia.com\/da\/wp-json\/wp\/v2\/media?parent=196901"}],"wp:term":[{"taxonomy":"product_brand","embeddable":true,"href":"https:\/\/aromasentia.com\/da\/wp-json\/wp\/v2\/product_brand?post=196901"},{"taxonomy":"product_cat","embeddable":true,"href":"https:\/\/aromasentia.com\/da\/wp-json\/wp\/v2\/product_cat?post=196901"},{"taxonomy":"product_tag","embeddable":true,"href":"https:\/\/aromasentia.com\/da\/wp-json\/wp\/v2\/product_tag?post=196901"}],"curies":[{"name":"wp","href":"https:\/\/api.w.org\/{rel}","templated":true}]}}