{"id":196898,"date":"2025-03-23T11:07:09","date_gmt":"2025-03-23T11:07:09","guid":{"rendered":"https:\/\/aromasentia.com\/product\/three-bar-tiered-bangle-display-24x18x13cm\/"},"modified":"2025-06-22T02:58:17","modified_gmt":"2025-06-22T02:58:17","slug":"armbaandsdisplay-med-tre-staenger-24x18x13cm","status":"publish","type":"product","link":"https:\/\/aromasentia.com\/da\/armbaandsdisplay-med-tre-staenger-24x18x13cm\/","title":{"rendered":"Armb\u00e5ndsdisplay med Tre St\u00e6nger 24X18X13cm"},"content":{"rendered":"<p>Vores Three Bar Tiered Bangle Display er en sofistikeret og praktisk l\u00f8sning til fremvisning af din armb\u00e5ndssamling. Dette elegante m\u00f8bel har tre niveauer, der hver er udstyret med cylindriske st\u00e6nger <strong>bl\u00f8dt polstret i bl\u00e5gr\u00f8nt fl\u00f8jl<\/strong>. Dette design giver mulighed for en klar og organiseret pr\u00e6sentation af dine armb\u00e5nd og sikrer, at de vises med deres fulde potentiale.&nbsp;<\/p>\n<p>Designet med en <strong>naturlig tr\u00e6base<\/strong> udstr\u00e5ler displayet varme og supplerer en r\u00e6kke forskellige detailmilj\u00f8er. Kombinationen af tr\u00e6 og fl\u00f8jl skaber en luksuri\u00f8s \u00e6stetik, der g\u00f8r dine smykker endnu mere attraktive.<\/p>\n","protected":false},"excerpt":{"rendered":"<p>Vores Three Bar Tiered Bangle Display er en sofistikeret og praktisk l\u00f8sning til fremvisning af din armb\u00e5ndssamling. Dette elegante m\u00f8bel har tre niveauer, der hver er udstyret med cylindriske st\u00e6nger bl\u00f8dt polstret i bl\u00e5gr\u00f8nt fl\u00f8jl. Dette design giver mulighed for en klar og organiseret pr\u00e6sentation af dine armb\u00e5nd og sikrer, at de vises med deres [&hellip;]<\/p>\n","protected":false},"featured_media":431849,"comment_status":"closed","ping_status":"open","template":"","meta":{"_angie_page":false},"product_brand":[],"product_cat":[5738],"product_tag":[],"class_list":{"0":"post-196898","1":"product","2":"type-product","3":"status-publish","4":"has-post-thumbnail","6":"product_cat-smykker-og-accessories","7":"pa_collection-velvet-jewellery-displays-da","8":"pa_made-in-kina","10":"first","11":"instock","12":"purchasable","13":"product-type-simple"},"supplier_id":null,"supplier_sku":"VJD-14","barcode":null,"atum_controlled":true,"out_stock_date":null,"out_stock_threshold":null,"inheritable":false,"inbound_stock":null,"stock_on_hold":0,"sold_today":0,"sales_last_days":0,"reserved_stock":null,"customer_returns":null,"warehouse_damage":null,"lost_in_post":null,"other_logs":null,"out_stock_days":0,"lost_sales":0,"has_location":null,"update_date":"2026-04-27T07:26:25","atum_locations":[],"atum_stock_status":"instock","restock_status":false,"low_stock_amount":"","sales_update_date":"2025-09-03T00:15:07","calc_backorders":null,"_links":{"self":[{"href":"https:\/\/aromasentia.com\/da\/wp-json\/wp\/v2\/product\/196898","targetHints":{"allow":["GET"]}}],"collection":[{"href":"https:\/\/aromasentia.com\/da\/wp-json\/wp\/v2\/product"}],"about":[{"href":"https:\/\/aromasentia.com\/da\/wp-json\/wp\/v2\/types\/product"}],"replies":[{"embeddable":true,"href":"https:\/\/aromasentia.com\/da\/wp-json\/wp\/v2\/comments?post=196898"}],"version-history":[{"count":0,"href":"https:\/\/aromasentia.com\/da\/wp-json\/wp\/v2\/product\/196898\/revisions"}],"wp:featuredmedia":[{"embeddable":true,"href":"https:\/\/aromasentia.com\/da\/wp-json\/wp\/v2\/media\/431849"}],"wp:attachment":[{"href":"https:\/\/aromasentia.com\/da\/wp-json\/wp\/v2\/media?parent=196898"}],"wp:term":[{"taxonomy":"product_brand","embeddable":true,"href":"https:\/\/aromasentia.com\/da\/wp-json\/wp\/v2\/product_brand?post=196898"},{"taxonomy":"product_cat","embeddable":true,"href":"https:\/\/aromasentia.com\/da\/wp-json\/wp\/v2\/product_cat?post=196898"},{"taxonomy":"product_tag","embeddable":true,"href":"https:\/\/aromasentia.com\/da\/wp-json\/wp\/v2\/product_tag?post=196898"}],"curies":[{"name":"wp","href":"https:\/\/api.w.org\/{rel}","templated":true}]}}