{"id":196897,"date":"2025-03-23T11:07:09","date_gmt":"2025-03-23T11:07:09","guid":{"rendered":"https:\/\/aromasentia.com\/product\/t-stand-display-24x17x7cm\/"},"modified":"2025-06-22T02:58:16","modified_gmt":"2025-06-22T02:58:16","slug":"t-stativ-display-24x17x7cm","status":"publish","type":"product","link":"https:\/\/aromasentia.com\/da\/t-stativ-display-24x17x7cm\/","title":{"rendered":"T-Stativ Display 24X17X7cm"},"content":{"rendered":"<p>Vores T-Stand Display er en elegant og moderne l\u00f8sning til at fremvise dine armb\u00e5nd og armringe. Den karakteristiske T-form med et h\u00f8jt, cylindrisk stativ betrukket med <strong>bl\u00f8dt<\/strong> <strong>tealfl\u00f8jl<\/strong> giver en luksuri\u00f8s og i\u00f8jnefaldende platform til dine smykker.Stativets base er fremstillet af <strong>naturligt tr\u00e6<\/strong>, der tilf\u00f8jer et strejf af varme og raffinement, som passer til ethvert butiksmilj\u00f8. Dette alsidige display er designet til at <strong>fremvise sk\u00f8nheden i dine armb\u00e5nd<\/strong> og armringe, s\u00e5 de kan skinne, mens de forbliver beskyttet mod ridser. <\/p>\n","protected":false},"excerpt":{"rendered":"<p>Vores T-Stand Display er en elegant og moderne l\u00f8sning til at fremvise dine armb\u00e5nd og armringe. Den karakteristiske T-form med et h\u00f8jt, cylindrisk stativ betrukket med bl\u00f8dt tealfl\u00f8jl giver en luksuri\u00f8s og i\u00f8jnefaldende platform til dine smykker.Stativets base er fremstillet af naturligt tr\u00e6, der tilf\u00f8jer et strejf af varme og raffinement, som passer til ethvert [&hellip;]<\/p>\n","protected":false},"featured_media":431832,"comment_status":"closed","ping_status":"open","template":"","meta":{"_angie_page":false},"product_brand":[],"product_cat":[5738],"product_tag":[],"class_list":{"0":"post-196897","1":"product","2":"type-product","3":"status-publish","4":"has-post-thumbnail","6":"product_cat-smykker-og-accessories","7":"pa_collection-velvet-jewellery-displays-da","8":"pa_made-in-kina","10":"first","11":"instock","12":"purchasable","13":"product-type-simple"},"supplier_id":null,"supplier_sku":"VJD-13","barcode":null,"atum_controlled":true,"out_stock_date":null,"out_stock_threshold":null,"inheritable":false,"inbound_stock":null,"stock_on_hold":0,"sold_today":0,"sales_last_days":0,"reserved_stock":null,"customer_returns":null,"warehouse_damage":null,"lost_in_post":null,"other_logs":null,"out_stock_days":0,"lost_sales":0,"has_location":null,"update_date":"2026-04-27T07:26:25","atum_locations":[],"atum_stock_status":"instock","restock_status":false,"low_stock_amount":"","sales_update_date":"2026-02-06T00:00:44","calc_backorders":null,"_links":{"self":[{"href":"https:\/\/aromasentia.com\/da\/wp-json\/wp\/v2\/product\/196897","targetHints":{"allow":["GET"]}}],"collection":[{"href":"https:\/\/aromasentia.com\/da\/wp-json\/wp\/v2\/product"}],"about":[{"href":"https:\/\/aromasentia.com\/da\/wp-json\/wp\/v2\/types\/product"}],"replies":[{"embeddable":true,"href":"https:\/\/aromasentia.com\/da\/wp-json\/wp\/v2\/comments?post=196897"}],"version-history":[{"count":0,"href":"https:\/\/aromasentia.com\/da\/wp-json\/wp\/v2\/product\/196897\/revisions"}],"wp:featuredmedia":[{"embeddable":true,"href":"https:\/\/aromasentia.com\/da\/wp-json\/wp\/v2\/media\/431832"}],"wp:attachment":[{"href":"https:\/\/aromasentia.com\/da\/wp-json\/wp\/v2\/media?parent=196897"}],"wp:term":[{"taxonomy":"product_brand","embeddable":true,"href":"https:\/\/aromasentia.com\/da\/wp-json\/wp\/v2\/product_brand?post=196897"},{"taxonomy":"product_cat","embeddable":true,"href":"https:\/\/aromasentia.com\/da\/wp-json\/wp\/v2\/product_cat?post=196897"},{"taxonomy":"product_tag","embeddable":true,"href":"https:\/\/aromasentia.com\/da\/wp-json\/wp\/v2\/product_tag?post=196897"}],"curies":[{"name":"wp","href":"https:\/\/api.w.org\/{rel}","templated":true}]}}