{"id":196895,"date":"2025-03-23T11:44:00","date_gmt":"2025-03-23T11:44:00","guid":{"rendered":"https:\/\/aromasentia.com\/product\/green-dragon-blend-1kg\/"},"modified":"2025-06-22T02:58:15","modified_gmt":"2025-06-22T02:58:15","slug":"groen-drage-blanding-te-1kg","status":"publish","type":"product","link":"https:\/\/aromasentia.com\/da\/groen-drage-blanding-te-1kg\/","title":{"rendered":"Gr\u00f8n Drage Blanding Te 1Kg"},"content":{"rendered":"<p><strong>Gr\u00f8n te Aqualia<\/strong><\/p>\n<p>Gr\u00f8n te har v\u00e6ret nydt i Kina i over 5.000 \u00e5r og er en essentiel del af nationens kultur.<\/p>\n<p>Gr\u00f8n te har en velfortjent sundhedsglorie. Gr\u00f8nne teblade er en af de sundeste drikkevarer p\u00e5 planeten og kan tr\u00e6kkes i te.<\/p>\n<p>B\u00e5de bladene og selve teen kan ogs\u00e5 bruges i madlavning.<\/p>\n<p><strong>Anvendelse: 2-3 gram pr. 200 ml ved 70-80 \u00b0C og lad det st\u00e5 i 3-4 minutter.<\/strong><\/p>\n","protected":false},"excerpt":{"rendered":"<p>Gr\u00f8n te Aqualia Gr\u00f8n te har v\u00e6ret nydt i Kina i over 5.000 \u00e5r og er en essentiel del af nationens kultur. Gr\u00f8n te har en velfortjent sundhedsglorie. Gr\u00f8nne teblade er en af de sundeste drikkevarer p\u00e5 planeten og kan tr\u00e6kkes i te. B\u00e5de bladene og selve teen kan ogs\u00e5 bruges i madlavning. Anvendelse: 2-3 [&hellip;]<\/p>\n","protected":false},"featured_media":432047,"comment_status":"closed","ping_status":"open","template":"","meta":{"_angie_page":false},"product_brand":[],"product_cat":[26678,26683,5908],"product_tag":[],"class_list":{"0":"post-196895","1":"product","2":"type-product","3":"status-publish","4":"has-post-thumbnail","6":"product_cat-groen-te","7":"product_cat-te-blandinger","8":"product_cat-teer-og-te-udstyr","9":"pa_collection-artisan-tea-blends-1kg-da","10":"pa_made-in-kina","12":"first","13":"instock","14":"purchasable","15":"product-type-simple"},"supplier_id":null,"supplier_sku":"ArTea-03","barcode":null,"atum_controlled":true,"out_stock_date":null,"out_stock_threshold":null,"inheritable":false,"inbound_stock":null,"stock_on_hold":0,"sold_today":0,"sales_last_days":0,"reserved_stock":null,"customer_returns":null,"warehouse_damage":null,"lost_in_post":null,"other_logs":null,"out_stock_days":0,"lost_sales":0,"has_location":null,"update_date":"2026-05-08T05:03:47","atum_locations":[],"atum_stock_status":"instock","restock_status":false,"low_stock_amount":"","sales_update_date":"2026-01-30T01:24:24","calc_backorders":null,"_links":{"self":[{"href":"https:\/\/aromasentia.com\/da\/wp-json\/wp\/v2\/product\/196895","targetHints":{"allow":["GET"]}}],"collection":[{"href":"https:\/\/aromasentia.com\/da\/wp-json\/wp\/v2\/product"}],"about":[{"href":"https:\/\/aromasentia.com\/da\/wp-json\/wp\/v2\/types\/product"}],"replies":[{"embeddable":true,"href":"https:\/\/aromasentia.com\/da\/wp-json\/wp\/v2\/comments?post=196895"}],"version-history":[{"count":0,"href":"https:\/\/aromasentia.com\/da\/wp-json\/wp\/v2\/product\/196895\/revisions"}],"wp:featuredmedia":[{"embeddable":true,"href":"https:\/\/aromasentia.com\/da\/wp-json\/wp\/v2\/media\/432047"}],"wp:attachment":[{"href":"https:\/\/aromasentia.com\/da\/wp-json\/wp\/v2\/media?parent=196895"}],"wp:term":[{"taxonomy":"product_brand","embeddable":true,"href":"https:\/\/aromasentia.com\/da\/wp-json\/wp\/v2\/product_brand?post=196895"},{"taxonomy":"product_cat","embeddable":true,"href":"https:\/\/aromasentia.com\/da\/wp-json\/wp\/v2\/product_cat?post=196895"},{"taxonomy":"product_tag","embeddable":true,"href":"https:\/\/aromasentia.com\/da\/wp-json\/wp\/v2\/product_tag?post=196895"}],"curies":[{"name":"wp","href":"https:\/\/api.w.org\/{rel}","templated":true}]}}