{"id":196893,"date":"2025-03-23T11:44:00","date_gmt":"2025-03-23T11:44:00","guid":{"rendered":"https:\/\/aromasentia.com\/product\/druids-forest-blend-1kg\/"},"modified":"2025-06-22T02:58:15","modified_gmt":"2025-06-22T02:58:15","slug":"druids-forest-blend-te-1kg","status":"publish","type":"product","link":"https:\/\/aromasentia.com\/da\/druids-forest-blend-te-1kg\/","title":{"rendered":"Druid&#8217;s Forest Blend Te 1Kg"},"content":{"rendered":"<p><strong>Med skovens frugt<\/strong><\/p>\n<p>Blandet bromb\u00e6r, kirseb\u00e6r, hindb\u00e6r og jordb\u00e6r er en l\u00e6kker, fyldig blanding af sommerte. En frugtagtig blanding med en lys kirseb\u00e6rr\u00f8d farve, der vil genoplive din \u00e5nd fra f\u00f8rste til sidste slurk.<\/p>\n<p>Vores temestre udv\u00e6lger 100% naturlige ingredienser til at skabe denne blanding. En bund af hyben, afsk\u00e5ret hibiscus og \u00e6bler s\u00e6tter scenen for vores yndlings sensommerb\u00e6r og hibiscusblomster.<\/p>\n<p>R\u00f8d hindb\u00e6rte har stadig mange af de samme gode ting, s\u00e5som essentielle mineraler, vitaminer og antioxidanter.<\/p>\n<p><strong>Anvendelse: 4 gram pr. 200 ml ved 95\u00b0C og lad st\u00e5 i 5-7 minutter<\/strong><\/p>\n<p>Dette produkt kan indeholde spor af gluten, \u00e6g, jordn\u00f8dder, soja, m\u00e6lk, n\u00f8dder, sesamfr\u00f8 og sulfitter.<\/p>\n","protected":false},"excerpt":{"rendered":"<p>Med skovens frugt Blandet bromb\u00e6r, kirseb\u00e6r, hindb\u00e6r og jordb\u00e6r er en l\u00e6kker, fyldig blanding af sommerte. En frugtagtig blanding med en lys kirseb\u00e6rr\u00f8d farve, der vil genoplive din \u00e5nd fra f\u00f8rste til sidste slurk. Vores temestre udv\u00e6lger 100% naturlige ingredienser til at skabe denne blanding. En bund af hyben, afsk\u00e5ret hibiscus og \u00e6bler s\u00e6tter scenen [&hellip;]<\/p>\n","protected":false},"featured_media":431997,"comment_status":"closed","ping_status":"open","template":"","meta":{"_angie_page":false},"product_brand":[],"product_cat":[26683,5908],"product_tag":[],"class_list":{"0":"post-196893","1":"product","2":"type-product","3":"status-publish","4":"has-post-thumbnail","6":"product_cat-te-blandinger","7":"product_cat-teer-og-te-udstyr","8":"pa_collection-artisan-tea-blends-1kg-da","9":"pa_made-in-egypten","11":"first","12":"instock","13":"purchasable","14":"product-type-simple"},"supplier_id":null,"supplier_sku":"ArTea-01","barcode":null,"atum_controlled":true,"out_stock_date":null,"out_stock_threshold":null,"inheritable":false,"inbound_stock":null,"stock_on_hold":0,"sold_today":0,"sales_last_days":0,"reserved_stock":null,"customer_returns":null,"warehouse_damage":null,"lost_in_post":null,"other_logs":null,"out_stock_days":13,"lost_sales":0,"has_location":null,"update_date":"2026-04-27T06:50:47","atum_locations":[],"atum_stock_status":"instock","restock_status":false,"low_stock_amount":"","sales_update_date":"2026-01-30T01:24:49","calc_backorders":null,"_links":{"self":[{"href":"https:\/\/aromasentia.com\/da\/wp-json\/wp\/v2\/product\/196893","targetHints":{"allow":["GET"]}}],"collection":[{"href":"https:\/\/aromasentia.com\/da\/wp-json\/wp\/v2\/product"}],"about":[{"href":"https:\/\/aromasentia.com\/da\/wp-json\/wp\/v2\/types\/product"}],"replies":[{"embeddable":true,"href":"https:\/\/aromasentia.com\/da\/wp-json\/wp\/v2\/comments?post=196893"}],"version-history":[{"count":0,"href":"https:\/\/aromasentia.com\/da\/wp-json\/wp\/v2\/product\/196893\/revisions"}],"wp:featuredmedia":[{"embeddable":true,"href":"https:\/\/aromasentia.com\/da\/wp-json\/wp\/v2\/media\/431997"}],"wp:attachment":[{"href":"https:\/\/aromasentia.com\/da\/wp-json\/wp\/v2\/media?parent=196893"}],"wp:term":[{"taxonomy":"product_brand","embeddable":true,"href":"https:\/\/aromasentia.com\/da\/wp-json\/wp\/v2\/product_brand?post=196893"},{"taxonomy":"product_cat","embeddable":true,"href":"https:\/\/aromasentia.com\/da\/wp-json\/wp\/v2\/product_cat?post=196893"},{"taxonomy":"product_tag","embeddable":true,"href":"https:\/\/aromasentia.com\/da\/wp-json\/wp\/v2\/product_tag?post=196893"}],"curies":[{"name":"wp","href":"https:\/\/api.w.org\/{rel}","templated":true}]}}