{"id":196889,"date":"2025-03-23T11:44:00","date_gmt":"2025-03-23T11:44:00","guid":{"rendered":"https:\/\/aromasentia.com\/product\/merlins-favorite-earl-grey-1kg\/"},"modified":"2025-06-22T02:58:13","modified_gmt":"2025-06-22T02:58:13","slug":"merlins-favorit-earl-grey-te-1kg","status":"publish","type":"product","link":"https:\/\/aromasentia.com\/da\/merlins-favorit-earl-grey-te-1kg\/","title":{"rendered":"merlins Favorit Earl Grey Te 1Kg"},"content":{"rendered":"<p><strong>Sort te Earl Gray Mauve<\/strong><\/p>\n<p>Denne friske og unikke blanding, der oprindeligt blev skabt til premierminister Charles Grey for over 180 \u00e5r siden, er blevet en af nationens absolutte favoritter. For en fyldig duftende Earl Grey-oplevelse er vores l\u00f8se tevariant det perfekte valg.<\/p>\n<p>Sort te bruges til at forbedre mental \u00e5rv\u00e5genhed samt indl\u00e6ring, hukommelse og informationsbehandlingsevner.<\/p>\n<p><strong>Anvendelse: 2-3 gram pr. 200 ml ved 90-95\u00b0C og lad det st\u00e5 i 3-4 minutter. Tils\u00e6t m\u00e6lk eller plantebaseret erstatning.<\/strong><\/p>\n","protected":false},"excerpt":{"rendered":"<p>Sort te Earl Gray Mauve Denne friske og unikke blanding, der oprindeligt blev skabt til premierminister Charles Grey for over 180 \u00e5r siden, er blevet en af nationens absolutte favoritter. For en fyldig duftende Earl Grey-oplevelse er vores l\u00f8se tevariant det perfekte valg. Sort te bruges til at forbedre mental \u00e5rv\u00e5genhed samt indl\u00e6ring, hukommelse og [&hellip;]<\/p>\n","protected":false},"featured_media":432139,"comment_status":"closed","ping_status":"open","template":"","meta":{"_angie_page":false},"product_brand":[],"product_cat":[5908],"product_tag":[],"class_list":{"0":"post-196889","1":"product","2":"type-product","3":"status-publish","4":"has-post-thumbnail","6":"product_cat-teer-og-te-udstyr","7":"pa_collection-artisan-tea-blends-1kg-da","8":"pa_made-in-kina","10":"first","11":"instock","12":"purchasable","13":"product-type-simple"},"supplier_id":null,"supplier_sku":"ArTea-07","barcode":null,"atum_controlled":true,"out_stock_date":null,"out_stock_threshold":null,"inheritable":false,"inbound_stock":null,"stock_on_hold":0,"sold_today":0,"sales_last_days":0,"reserved_stock":null,"customer_returns":null,"warehouse_damage":null,"lost_in_post":null,"other_logs":null,"out_stock_days":21,"lost_sales":0,"has_location":null,"update_date":"2026-04-27T06:50:47","atum_locations":[],"atum_stock_status":"instock","restock_status":false,"low_stock_amount":"","sales_update_date":"2026-01-30T01:24:28","calc_backorders":null,"_links":{"self":[{"href":"https:\/\/aromasentia.com\/da\/wp-json\/wp\/v2\/product\/196889","targetHints":{"allow":["GET"]}}],"collection":[{"href":"https:\/\/aromasentia.com\/da\/wp-json\/wp\/v2\/product"}],"about":[{"href":"https:\/\/aromasentia.com\/da\/wp-json\/wp\/v2\/types\/product"}],"replies":[{"embeddable":true,"href":"https:\/\/aromasentia.com\/da\/wp-json\/wp\/v2\/comments?post=196889"}],"version-history":[{"count":0,"href":"https:\/\/aromasentia.com\/da\/wp-json\/wp\/v2\/product\/196889\/revisions"}],"wp:featuredmedia":[{"embeddable":true,"href":"https:\/\/aromasentia.com\/da\/wp-json\/wp\/v2\/media\/432139"}],"wp:attachment":[{"href":"https:\/\/aromasentia.com\/da\/wp-json\/wp\/v2\/media?parent=196889"}],"wp:term":[{"taxonomy":"product_brand","embeddable":true,"href":"https:\/\/aromasentia.com\/da\/wp-json\/wp\/v2\/product_brand?post=196889"},{"taxonomy":"product_cat","embeddable":true,"href":"https:\/\/aromasentia.com\/da\/wp-json\/wp\/v2\/product_cat?post=196889"},{"taxonomy":"product_tag","embeddable":true,"href":"https:\/\/aromasentia.com\/da\/wp-json\/wp\/v2\/product_tag?post=196889"}],"curies":[{"name":"wp","href":"https:\/\/api.w.org\/{rel}","templated":true}]}}