{"id":196888,"date":"2025-03-23T11:44:00","date_gmt":"2025-03-23T11:44:00","guid":{"rendered":"https:\/\/aromasentia.com\/product\/hidden-islands-blend-1kg\/"},"modified":"2025-06-22T02:58:13","modified_gmt":"2025-06-22T02:58:13","slug":"hidden-islands-blend-te-1kg","status":"publish","type":"product","link":"https:\/\/aromasentia.com\/da\/hidden-islands-blend-te-1kg\/","title":{"rendered":"Hidden Islands Blend Te 1Kg"},"content":{"rendered":"<p><strong>Pi\u00f1a Colada Infusion<\/strong><\/p>\n<p>Opdag uimodst\u00e5elige infusioner for den smagsnysgerrige. Fristende frugt og sk\u00e5ret hibiscus, fyldt med ekstraordin\u00e6re smagsoplevelser og naturlige ingredienser.<\/p>\n<p>Pi\u00f1a Colada Infusion er en tropisk drik lavet med ananas, hyben, \u00e6bler og kokosn\u00f8dder.<\/p>\n<p>Den forfriskende smag af denne infusion er ideel til varme sommerdage. Den vil hj\u00e6lpe med at styrke immunforsvaret og give kroppen energi.<\/p>\n<p><strong>Anvendelse: 4 gram pr. 200 ml ved 95\u00b0C og lad det st\u00e5 i 5-7 minutter.<\/strong><\/p>\n","protected":false},"excerpt":{"rendered":"<p>Pi\u00f1a Colada Infusion Opdag uimodst\u00e5elige infusioner for den smagsnysgerrige. Fristende frugt og sk\u00e5ret hibiscus, fyldt med ekstraordin\u00e6re smagsoplevelser og naturlige ingredienser. Pi\u00f1a Colada Infusion er en tropisk drik lavet med ananas, hyben, \u00e6bler og kokosn\u00f8dder. Den forfriskende smag af denne infusion er ideel til varme sommerdage. Den vil hj\u00e6lpe med at styrke immunforsvaret og give [&hellip;]<\/p>\n","protected":false},"featured_media":432114,"comment_status":"closed","ping_status":"open","template":"","meta":{"_angie_page":false},"product_brand":[],"product_cat":[26683,5908],"product_tag":[],"class_list":{"0":"post-196888","1":"product","2":"type-product","3":"status-publish","4":"has-post-thumbnail","6":"product_cat-te-blandinger","7":"product_cat-teer-og-te-udstyr","8":"pa_collection-artisan-tea-blends-1kg-da","9":"pa_made-in-thailand","11":"first","12":"instock","13":"purchasable","14":"product-type-simple"},"supplier_id":null,"supplier_sku":"ArTea-06","barcode":null,"atum_controlled":true,"out_stock_date":null,"out_stock_threshold":null,"inheritable":false,"inbound_stock":null,"stock_on_hold":0,"sold_today":0,"sales_last_days":0,"reserved_stock":null,"customer_returns":null,"warehouse_damage":null,"lost_in_post":null,"other_logs":null,"out_stock_days":0,"lost_sales":0,"has_location":null,"update_date":"2026-05-08T05:03:47","atum_locations":[],"atum_stock_status":"instock","restock_status":false,"low_stock_amount":"","sales_update_date":"2026-01-20T05:13:45","calc_backorders":null,"_links":{"self":[{"href":"https:\/\/aromasentia.com\/da\/wp-json\/wp\/v2\/product\/196888","targetHints":{"allow":["GET"]}}],"collection":[{"href":"https:\/\/aromasentia.com\/da\/wp-json\/wp\/v2\/product"}],"about":[{"href":"https:\/\/aromasentia.com\/da\/wp-json\/wp\/v2\/types\/product"}],"replies":[{"embeddable":true,"href":"https:\/\/aromasentia.com\/da\/wp-json\/wp\/v2\/comments?post=196888"}],"version-history":[{"count":0,"href":"https:\/\/aromasentia.com\/da\/wp-json\/wp\/v2\/product\/196888\/revisions"}],"wp:featuredmedia":[{"embeddable":true,"href":"https:\/\/aromasentia.com\/da\/wp-json\/wp\/v2\/media\/432114"}],"wp:attachment":[{"href":"https:\/\/aromasentia.com\/da\/wp-json\/wp\/v2\/media?parent=196888"}],"wp:term":[{"taxonomy":"product_brand","embeddable":true,"href":"https:\/\/aromasentia.com\/da\/wp-json\/wp\/v2\/product_brand?post=196888"},{"taxonomy":"product_cat","embeddable":true,"href":"https:\/\/aromasentia.com\/da\/wp-json\/wp\/v2\/product_cat?post=196888"},{"taxonomy":"product_tag","embeddable":true,"href":"https:\/\/aromasentia.com\/da\/wp-json\/wp\/v2\/product_tag?post=196888"}],"curies":[{"name":"wp","href":"https:\/\/api.w.org\/{rel}","templated":true}]}}