{"id":196882,"date":"2025-03-23T11:44:23","date_gmt":"2025-03-23T11:44:23","guid":{"rendered":"https:\/\/aromasentia.com\/product\/bio-classic-green-tea-with-lemon-and-ginger-1kg\/"},"modified":"2025-06-22T02:58:10","modified_gmt":"2025-06-22T02:58:10","slug":"bio-classic-groen-te-med-citron-og-ingefaer-1kg","status":"publish","type":"product","link":"https:\/\/aromasentia.com\/da\/bio-classic-groen-te-med-citron-og-ingefaer-1kg\/","title":{"rendered":"Bio Classic Gr\u00f8n Te med Citron Og Ingef\u00e6r 1Kg"},"content":{"rendered":"<p><strong>\u00d8ko-\u00f8kologisk citron gr\u00f8n te<\/strong><\/p>\n<p>Gr\u00f8n te med citron er et meget velegnet morgenmiddel, som mange allerede tilf\u00f8jer til deres kost. Det er et naturligt tilskud af vitaminer og antioxidanter, der vil hj\u00e6lpe dig med at starte dagen p\u00e5 en vidunderlig m\u00e5de.<\/p>\n<p>Med en intens smag, citronaroma og et syrligt pr\u00e6g er gr\u00f8n te med citron en af de drikke, hvis fordele m\u00e6rkes n\u00e6sten \u00f8jeblikkeligt: den giver velv\u00e6re, energi og den optimisme, vi har brug for om morgenen.<\/p>\n<p><strong>Anvendelse: 2-3 gram pr. 200 ml ved 70-80\u00b0C og lad det st\u00e5 i 3-4 minutter<\/strong><\/p>\n","protected":false},"excerpt":{"rendered":"<p>\u00d8ko-\u00f8kologisk citron gr\u00f8n te Gr\u00f8n te med citron er et meget velegnet morgenmiddel, som mange allerede tilf\u00f8jer til deres kost. Det er et naturligt tilskud af vitaminer og antioxidanter, der vil hj\u00e6lpe dig med at starte dagen p\u00e5 en vidunderlig m\u00e5de. Med en intens smag, citronaroma og et syrligt pr\u00e6g er gr\u00f8n te med citron [&hellip;]<\/p>\n","protected":false},"featured_media":432324,"comment_status":"closed","ping_status":"open","template":"","meta":{"_angie_page":false},"product_brand":[],"product_cat":[26678,5908],"product_tag":[],"class_list":{"0":"post-196882","1":"product","2":"type-product","3":"status-publish","4":"has-post-thumbnail","6":"product_cat-groen-te","7":"product_cat-teer-og-te-udstyr","8":"pa_collection-artisan-tea-blends-1kg-da","9":"pa_made-in-kina","11":"first","12":"instock","13":"purchasable","14":"product-type-simple"},"supplier_id":null,"supplier_sku":"ArTea-16","barcode":null,"atum_controlled":true,"out_stock_date":null,"out_stock_threshold":null,"inheritable":false,"inbound_stock":null,"stock_on_hold":0,"sold_today":0,"sales_last_days":0,"reserved_stock":null,"customer_returns":null,"warehouse_damage":null,"lost_in_post":null,"other_logs":null,"out_stock_days":15,"lost_sales":0,"has_location":null,"update_date":"2026-04-27T06:50:56","atum_locations":[],"atum_stock_status":"instock","restock_status":false,"low_stock_amount":"","sales_update_date":"2026-01-30T01:24:44","calc_backorders":null,"_links":{"self":[{"href":"https:\/\/aromasentia.com\/da\/wp-json\/wp\/v2\/product\/196882","targetHints":{"allow":["GET"]}}],"collection":[{"href":"https:\/\/aromasentia.com\/da\/wp-json\/wp\/v2\/product"}],"about":[{"href":"https:\/\/aromasentia.com\/da\/wp-json\/wp\/v2\/types\/product"}],"replies":[{"embeddable":true,"href":"https:\/\/aromasentia.com\/da\/wp-json\/wp\/v2\/comments?post=196882"}],"version-history":[{"count":0,"href":"https:\/\/aromasentia.com\/da\/wp-json\/wp\/v2\/product\/196882\/revisions"}],"wp:featuredmedia":[{"embeddable":true,"href":"https:\/\/aromasentia.com\/da\/wp-json\/wp\/v2\/media\/432324"}],"wp:attachment":[{"href":"https:\/\/aromasentia.com\/da\/wp-json\/wp\/v2\/media?parent=196882"}],"wp:term":[{"taxonomy":"product_brand","embeddable":true,"href":"https:\/\/aromasentia.com\/da\/wp-json\/wp\/v2\/product_brand?post=196882"},{"taxonomy":"product_cat","embeddable":true,"href":"https:\/\/aromasentia.com\/da\/wp-json\/wp\/v2\/product_cat?post=196882"},{"taxonomy":"product_tag","embeddable":true,"href":"https:\/\/aromasentia.com\/da\/wp-json\/wp\/v2\/product_tag?post=196882"}],"curies":[{"name":"wp","href":"https:\/\/api.w.org\/{rel}","templated":true}]}}