{"id":196865,"date":"2025-03-23T11:45:20","date_gmt":"2025-03-23T11:45:20","guid":{"rendered":"https:\/\/aromasentia.com\/product\/50g-dark-brown-magic\/"},"modified":"2025-06-22T02:58:01","modified_gmt":"2025-06-22T02:58:01","slug":"moerkebrun-magi-te-50g","status":"publish","type":"product","link":"https:\/\/aromasentia.com\/da\/moerkebrun-magi-te-50g\/","title":{"rendered":"M\u00f8rkebrun magi Te 50g"},"content":{"rendered":"<p><strong>Sort te brownie<\/strong><\/p>\n<p>Har du lyst til noget s\u00f8dt, men vil ikke synde i din kost? Sort te er en sund energigiver, der vil aktivere din krop med denne l\u00e6kre smagsblanding.<\/p>\n<p>Bland den med m\u00e6lk p\u00e5 kolde vintereftermiddage eller for at starte dagen gladere. Modst\u00e5 ikke denne sunde og s\u00f8de l\u00e6kkerbisken!<\/p>\n<p><strong>Brug: 2-3 gram pr. 200 ml ved 90-95\u00b0C og lad det st\u00e5 i 3-4 minutter. Tils\u00e6t m\u00e6lk eller plantebaseret erstatning.<\/strong><\/p>\n","protected":false},"excerpt":{"rendered":"<p>Sort te brownie Har du lyst til noget s\u00f8dt, men vil ikke synde i din kost? Sort te er en sund energigiver, der vil aktivere din krop med denne l\u00e6kre smagsblanding. Bland den med m\u00e6lk p\u00e5 kolde vintereftermiddage eller for at starte dagen gladere. Modst\u00e5 ikke denne sunde og s\u00f8de l\u00e6kkerbisken! Brug: 2-3 gram pr. [&hellip;]<\/p>\n","protected":false},"featured_media":432643,"comment_status":"closed","ping_status":"open","template":"","meta":{"_angie_page":false},"product_brand":[],"product_cat":[5908],"product_tag":[],"class_list":{"0":"post-196865","1":"product","2":"type-product","3":"status-publish","4":"has-post-thumbnail","6":"product_cat-teer-og-te-udstyr","7":"pa_collection-artisan-tea-blends-50g-da","8":"pa_made-in-kina","9":"pa_size-50g","11":"first","12":"instock","13":"purchasable","14":"product-type-simple"},"supplier_id":null,"supplier_sku":"ArTeaP-15","barcode":null,"atum_controlled":true,"out_stock_date":null,"out_stock_threshold":null,"inheritable":false,"inbound_stock":null,"stock_on_hold":0,"sold_today":0,"sales_last_days":0,"reserved_stock":null,"customer_returns":null,"warehouse_damage":null,"lost_in_post":null,"other_logs":null,"out_stock_days":0,"lost_sales":0,"has_location":null,"update_date":"2026-05-08T05:03:47","atum_locations":[],"atum_stock_status":"instock","restock_status":false,"low_stock_amount":"","sales_update_date":"2025-10-09T03:23:39","calc_backorders":null,"_links":{"self":[{"href":"https:\/\/aromasentia.com\/da\/wp-json\/wp\/v2\/product\/196865","targetHints":{"allow":["GET"]}}],"collection":[{"href":"https:\/\/aromasentia.com\/da\/wp-json\/wp\/v2\/product"}],"about":[{"href":"https:\/\/aromasentia.com\/da\/wp-json\/wp\/v2\/types\/product"}],"replies":[{"embeddable":true,"href":"https:\/\/aromasentia.com\/da\/wp-json\/wp\/v2\/comments?post=196865"}],"version-history":[{"count":0,"href":"https:\/\/aromasentia.com\/da\/wp-json\/wp\/v2\/product\/196865\/revisions"}],"wp:featuredmedia":[{"embeddable":true,"href":"https:\/\/aromasentia.com\/da\/wp-json\/wp\/v2\/media\/432643"}],"wp:attachment":[{"href":"https:\/\/aromasentia.com\/da\/wp-json\/wp\/v2\/media?parent=196865"}],"wp:term":[{"taxonomy":"product_brand","embeddable":true,"href":"https:\/\/aromasentia.com\/da\/wp-json\/wp\/v2\/product_brand?post=196865"},{"taxonomy":"product_cat","embeddable":true,"href":"https:\/\/aromasentia.com\/da\/wp-json\/wp\/v2\/product_cat?post=196865"},{"taxonomy":"product_tag","embeddable":true,"href":"https:\/\/aromasentia.com\/da\/wp-json\/wp\/v2\/product_tag?post=196865"}],"curies":[{"name":"wp","href":"https:\/\/api.w.org\/{rel}","templated":true}]}}