{"id":196864,"date":"2025-03-23T11:45:20","date_gmt":"2025-03-23T11:45:20","guid":{"rendered":"https:\/\/aromasentia.com\/product\/50g-black-magic-blend\/"},"modified":"2025-06-22T02:58:00","modified_gmt":"2025-06-22T02:58:00","slug":"sort-magisk-blanding-te-50g","status":"publish","type":"product","link":"https:\/\/aromasentia.com\/da\/sort-magisk-blanding-te-50g\/","title":{"rendered":"Sort Magisk Blanding Te 50g"},"content":{"rendered":"<p><strong>Supreme pakistansk sort te<\/strong><\/p>\n<p>Dens essentielle egenskaber er eksotisk smag og stimulerende kraft p\u00e5 nervesystemet, men p\u00e5 en naturlig og sund m\u00e5de.<\/p>\n<p>Indtaget med m\u00e5de dagligt forebygger den hjerte-kar-sygdomme og neurodegenerative sygdomme, er vanddrivende, bremser cellernes aldring, er kr\u00e6fth\u00e6mmende, forbedrer niveauet af d\u00e5rligt kolesterol i blodet, kredsl\u00f8bet og er et fremragende middel i tilf\u00e6lde af lavt blodtryk og tendens til svimmelhed.<\/p>\n<p><strong>Anvendelse: 2-3 gram pr. 200 ml ved 90-95\u00b0C og lad det st\u00e5 i 3-4 minutter. Tils\u00e6t m\u00e6lk eller plantebaseret erstatning.<\/strong><\/p>\n","protected":false},"excerpt":{"rendered":"<p>Supreme pakistansk sort te Dens essentielle egenskaber er eksotisk smag og stimulerende kraft p\u00e5 nervesystemet, men p\u00e5 en naturlig og sund m\u00e5de. Indtaget med m\u00e5de dagligt forebygger den hjerte-kar-sygdomme og neurodegenerative sygdomme, er vanddrivende, bremser cellernes aldring, er kr\u00e6fth\u00e6mmende, forbedrer niveauet af d\u00e5rligt kolesterol i blodet, kredsl\u00f8bet og er et fremragende middel i tilf\u00e6lde af [&hellip;]<\/p>\n","protected":false},"featured_media":432626,"comment_status":"closed","ping_status":"open","template":"","meta":{"_angie_page":false},"product_brand":[],"product_cat":[26677,26683,5908],"product_tag":[],"class_list":{"0":"post-196864","1":"product","2":"type-product","3":"status-publish","4":"has-post-thumbnail","6":"product_cat-sort-te","7":"product_cat-te-blandinger","8":"product_cat-teer-og-te-udstyr","9":"pa_collection-artisan-tea-blends-50g-da","10":"pa_made-in-kina","11":"pa_size-50g","13":"first","14":"instock","15":"purchasable","16":"product-type-simple"},"supplier_id":null,"supplier_sku":"ArTeaP-14","barcode":null,"atum_controlled":true,"out_stock_date":null,"out_stock_threshold":null,"inheritable":false,"inbound_stock":null,"stock_on_hold":0,"sold_today":0,"sales_last_days":0,"reserved_stock":null,"customer_returns":null,"warehouse_damage":null,"lost_in_post":null,"other_logs":null,"out_stock_days":0,"lost_sales":0,"has_location":null,"update_date":"2026-05-08T05:03:47","atum_locations":[],"atum_stock_status":"instock","restock_status":false,"low_stock_amount":"","sales_update_date":"2025-10-09T03:23:39","calc_backorders":null,"_links":{"self":[{"href":"https:\/\/aromasentia.com\/da\/wp-json\/wp\/v2\/product\/196864","targetHints":{"allow":["GET"]}}],"collection":[{"href":"https:\/\/aromasentia.com\/da\/wp-json\/wp\/v2\/product"}],"about":[{"href":"https:\/\/aromasentia.com\/da\/wp-json\/wp\/v2\/types\/product"}],"replies":[{"embeddable":true,"href":"https:\/\/aromasentia.com\/da\/wp-json\/wp\/v2\/comments?post=196864"}],"version-history":[{"count":0,"href":"https:\/\/aromasentia.com\/da\/wp-json\/wp\/v2\/product\/196864\/revisions"}],"wp:featuredmedia":[{"embeddable":true,"href":"https:\/\/aromasentia.com\/da\/wp-json\/wp\/v2\/media\/432626"}],"wp:attachment":[{"href":"https:\/\/aromasentia.com\/da\/wp-json\/wp\/v2\/media?parent=196864"}],"wp:term":[{"taxonomy":"product_brand","embeddable":true,"href":"https:\/\/aromasentia.com\/da\/wp-json\/wp\/v2\/product_brand?post=196864"},{"taxonomy":"product_cat","embeddable":true,"href":"https:\/\/aromasentia.com\/da\/wp-json\/wp\/v2\/product_cat?post=196864"},{"taxonomy":"product_tag","embeddable":true,"href":"https:\/\/aromasentia.com\/da\/wp-json\/wp\/v2\/product_tag?post=196864"}],"curies":[{"name":"wp","href":"https:\/\/api.w.org\/{rel}","templated":true}]}}