{"id":196854,"date":"2025-03-23T11:45:44","date_gmt":"2025-03-23T11:45:44","guid":{"rendered":"https:\/\/aromasentia.com\/product\/50g-organic-culinary-matcha-tea\/"},"modified":"2025-06-22T02:57:54","modified_gmt":"2025-06-22T02:57:54","slug":"50g-oekologisk-kulinarisk-matcha-te","status":"publish","type":"product","link":"https:\/\/aromasentia.com\/da\/50g-oekologisk-kulinarisk-matcha-te\/","title":{"rendered":"50g \u00d8kologisk Kulinarisk matcha Te"},"content":{"rendered":"<p><span style=\"color: rgb(75, 80, 88);\"><strong>Matcha<\/strong>er et fint pulver lavet af gr\u00f8nne teblade. Det har en lys, smaragdgr\u00f8n farve og en rig, vegetabilsk smag. Teplanterne, der bruges til at lave matcha, skygges i de sidste par uger op til h\u00f8sten, hvilket resulterer i et m\u00f8rkegr\u00f8nt teblad, der indeholder h\u00f8jere niveauer af klorofyl, koffein og l-theanin. Efter at tebladene er h\u00f8stet, dampes de for at stoppe oxidationsprocessen. De stenmales derefter til et fint pulver og pakkes til salg.<\/span><\/p>\n<p><span style=\"color: rgb(75, 80, 88);\"><strong>Kulinarisk matcha<\/strong> er en matcha af lidt lavere kvalitet end ceremoniel matcha. Det er normalt billigere og er designet til at blive tilsat lattes, smoothies, bagv\u00e6rk og andre opskrifter. Matcha af kulinarisk kvalitet har en tendens til at have en mere fyldig og mindre nuanceret smag, der er designet til at modst\u00e5 andre ingredienser.<\/span><\/p>\n","protected":false},"excerpt":{"rendered":"<p>Matchaer et fint pulver lavet af gr\u00f8nne teblade. Det har en lys, smaragdgr\u00f8n farve og en rig, vegetabilsk smag. Teplanterne, der bruges til at lave matcha, skygges i de sidste par uger op til h\u00f8sten, hvilket resulterer i et m\u00f8rkegr\u00f8nt teblad, der indeholder h\u00f8jere niveauer af klorofyl, koffein og l-theanin. Efter at tebladene er h\u00f8stet, [&hellip;]<\/p>\n","protected":false},"featured_media":432748,"comment_status":"closed","ping_status":"open","template":"","meta":{"_angie_page":false},"product_brand":[],"product_cat":[26681,26682,5908],"product_tag":[],"class_list":{"0":"post-196854","1":"product","2":"type-product","3":"status-publish","4":"has-post-thumbnail","6":"product_cat-matcha-te","7":"product_cat-okologisk-te","8":"product_cat-teer-og-te-udstyr","9":"pa_collection-artisan-tea-blends-50g-da","10":"pa_made-in-japan","11":"pa_size-50g","13":"first","14":"instock","15":"purchasable","16":"product-type-simple"},"supplier_id":null,"supplier_sku":"ArTeap-25","barcode":null,"atum_controlled":true,"out_stock_date":null,"out_stock_threshold":null,"inheritable":false,"inbound_stock":null,"stock_on_hold":0,"sold_today":0,"sales_last_days":0,"reserved_stock":null,"customer_returns":null,"warehouse_damage":null,"lost_in_post":null,"other_logs":null,"out_stock_days":0,"lost_sales":0,"has_location":null,"update_date":"2026-04-27T06:51:02","atum_locations":[],"atum_stock_status":"instock","restock_status":false,"low_stock_amount":"","sales_update_date":"2026-02-06T00:01:32","calc_backorders":null,"_links":{"self":[{"href":"https:\/\/aromasentia.com\/da\/wp-json\/wp\/v2\/product\/196854","targetHints":{"allow":["GET"]}}],"collection":[{"href":"https:\/\/aromasentia.com\/da\/wp-json\/wp\/v2\/product"}],"about":[{"href":"https:\/\/aromasentia.com\/da\/wp-json\/wp\/v2\/types\/product"}],"replies":[{"embeddable":true,"href":"https:\/\/aromasentia.com\/da\/wp-json\/wp\/v2\/comments?post=196854"}],"version-history":[{"count":0,"href":"https:\/\/aromasentia.com\/da\/wp-json\/wp\/v2\/product\/196854\/revisions"}],"wp:featuredmedia":[{"embeddable":true,"href":"https:\/\/aromasentia.com\/da\/wp-json\/wp\/v2\/media\/432748"}],"wp:attachment":[{"href":"https:\/\/aromasentia.com\/da\/wp-json\/wp\/v2\/media?parent=196854"}],"wp:term":[{"taxonomy":"product_brand","embeddable":true,"href":"https:\/\/aromasentia.com\/da\/wp-json\/wp\/v2\/product_brand?post=196854"},{"taxonomy":"product_cat","embeddable":true,"href":"https:\/\/aromasentia.com\/da\/wp-json\/wp\/v2\/product_cat?post=196854"},{"taxonomy":"product_tag","embeddable":true,"href":"https:\/\/aromasentia.com\/da\/wp-json\/wp\/v2\/product_tag?post=196854"}],"curies":[{"name":"wp","href":"https:\/\/api.w.org\/{rel}","templated":true}]}}