{"id":196846,"date":"2025-03-23T11:46:17","date_gmt":"2025-03-23T11:46:17","guid":{"rendered":"https:\/\/aromasentia.com\/product\/raw-crystal-gemstone-tea-strainer-mookaite\/"},"modified":"2025-06-22T02:57:51","modified_gmt":"2025-06-22T02:57:51","slug":"raa-krystal-aedelsten-te-si-mookaite","status":"publish","type":"product","link":"https:\/\/aromasentia.com\/da\/raa-krystal-aedelsten-te-si-mookaite\/","title":{"rendered":"R\u00e5 Krystal \u00c6delsten Te Si &#8211; mookaite"},"content":{"rendered":"<p><span style=\"color: rgb(75, 80, 88);\"><strong>Vi pr\u00e6senterer den uds\u00f8gte tesi i r\u00e5 krystalsten &#8211; Mookaite<\/strong>, hvor elegance m\u00f8der funktionalitet. Disse tesi er fremstillet med omhu og pr\u00e6cision og er designet til at forbedre enhver teoplevelse, samtidig med at de tilf\u00f8jer et strejf af naturlig sk\u00f8nhed til det daglige ritual.<\/span><\/p>\n<p><span style=\"color: rgb(75, 80, 88);\">Uanset om du ejer en tebutik, en butik eller en onlinebutik, der henvender sig til te-entusiaster, er dette et must-have til dit udvalg. Disse sier\/infusere er ikke kun fantastiske gaver til teelskere, men fungerer ogs\u00e5 som smukke dekorative genstande, der kan l\u00f8fte enhver te-lejlighed.<\/span><\/p>\n<p><span style=\"color: rgb(75, 80, 88);\">Ved at tilbyde vores tesieer med r\u00e5 krystalsten til dine kunder giver du dem en unik mulighed for at nyde te p\u00e5 en m\u00e5de, der kombinerer sk\u00f8nhed, funktionalitet og krystallernes helbredende energi. Vores kollektion handler ikke kun om te; det handler om at skabe \u00f8jeblikke med ro, selvpleje og forbindelse med naturen.<\/span><\/p>\n<p><span style=\"color: rgb(75, 80, 88);\">Mookaits \u00e6ldgamle visdomskr\u00e6fter: Bevidsthed og opmuntring &nbsp;<\/span><strong><br \/><\/strong><\/p>\n<p><span style=\"color: rgb(75, 80, 88);\"><strong>Hver enkeltvis pakket i en elegant \u00e6ske<\/strong><\/span><\/p>\n","protected":false},"excerpt":{"rendered":"<p>Vi pr\u00e6senterer den uds\u00f8gte tesi i r\u00e5 krystalsten &#8211; Mookaite, hvor elegance m\u00f8der funktionalitet. Disse tesi er fremstillet med omhu og pr\u00e6cision og er designet til at forbedre enhver teoplevelse, samtidig med at de tilf\u00f8jer et strejf af naturlig sk\u00f8nhed til det daglige ritual. Uanset om du ejer en tebutik, en butik eller en onlinebutik, [&hellip;]<\/p>\n","protected":false},"featured_media":432970,"comment_status":"closed","ping_status":"open","template":"","meta":{"_angie_page":false},"product_brand":[],"product_cat":[5908,26680],"product_tag":[],"class_list":{"0":"post-196846","1":"product","2":"type-product","3":"status-publish","4":"has-post-thumbnail","6":"product_cat-teer-og-te-udstyr","7":"product_cat-tefiltre-og-teaeg","8":"pa_collection-crystal-tea-strainer-da","9":"pa_made-in-kina","11":"first","12":"instock","13":"purchasable","14":"product-type-simple"},"supplier_id":null,"supplier_sku":"CGTS-07","barcode":null,"atum_controlled":true,"out_stock_date":null,"out_stock_threshold":null,"inheritable":false,"inbound_stock":null,"stock_on_hold":0,"sold_today":0,"sales_last_days":0,"reserved_stock":null,"customer_returns":null,"warehouse_damage":null,"lost_in_post":null,"other_logs":null,"out_stock_days":0,"lost_sales":0,"has_location":null,"update_date":"2026-04-27T06:57:04","atum_locations":[],"atum_stock_status":"instock","restock_status":false,"low_stock_amount":"","sales_update_date":"2026-01-30T01:26:11","calc_backorders":null,"_links":{"self":[{"href":"https:\/\/aromasentia.com\/da\/wp-json\/wp\/v2\/product\/196846","targetHints":{"allow":["GET"]}}],"collection":[{"href":"https:\/\/aromasentia.com\/da\/wp-json\/wp\/v2\/product"}],"about":[{"href":"https:\/\/aromasentia.com\/da\/wp-json\/wp\/v2\/types\/product"}],"replies":[{"embeddable":true,"href":"https:\/\/aromasentia.com\/da\/wp-json\/wp\/v2\/comments?post=196846"}],"version-history":[{"count":0,"href":"https:\/\/aromasentia.com\/da\/wp-json\/wp\/v2\/product\/196846\/revisions"}],"wp:featuredmedia":[{"embeddable":true,"href":"https:\/\/aromasentia.com\/da\/wp-json\/wp\/v2\/media\/432970"}],"wp:attachment":[{"href":"https:\/\/aromasentia.com\/da\/wp-json\/wp\/v2\/media?parent=196846"}],"wp:term":[{"taxonomy":"product_brand","embeddable":true,"href":"https:\/\/aromasentia.com\/da\/wp-json\/wp\/v2\/product_brand?post=196846"},{"taxonomy":"product_cat","embeddable":true,"href":"https:\/\/aromasentia.com\/da\/wp-json\/wp\/v2\/product_cat?post=196846"},{"taxonomy":"product_tag","embeddable":true,"href":"https:\/\/aromasentia.com\/da\/wp-json\/wp\/v2\/product_tag?post=196846"}],"curies":[{"name":"wp","href":"https:\/\/api.w.org\/{rel}","templated":true}]}}