{"id":196834,"date":"2025-03-23T11:47:46","date_gmt":"2025-03-23T11:47:46","guid":{"rendered":"https:\/\/aromasentia.com\/product\/glass-infuser-teapot-tower-shape-350ml-2\/"},"modified":"2025-06-22T02:57:45","modified_gmt":"2025-06-22T02:57:45","slug":"tepotte-med-glasinfuser-taarnform-350ml","status":"publish","type":"product","link":"https:\/\/aromasentia.com\/da\/tepotte-med-glasinfuser-taarnform-350ml\/","title":{"rendered":"Tepotte med Glasinfuser &#8211; T\u00e5rnform &#8211; 350ml"},"content":{"rendered":"<p>Bryg dine yndlingsteer med l\u00f8se blade med elegance med denne 350 ml t\u00e5rnformede tepotte af glas. Det slanke design og den indbyggede infuser g\u00f8r den perfekt til at nyde en enkelt portion te.<\/p>\n","protected":false},"excerpt":{"rendered":"<p>Bryg dine yndlingsteer med l\u00f8se blade med elegance med denne 350 ml t\u00e5rnformede tepotte af glas. Det slanke design og den indbyggede infuser g\u00f8r den perfekt til at nyde en enkelt portion te.<\/p>\n","protected":false},"featured_media":433512,"comment_status":"closed","ping_status":"open","template":"","meta":{"_angie_page":false},"product_brand":[],"product_cat":[5908,26684],"product_tag":[],"class_list":{"0":"post-196834","1":"product","2":"type-product","3":"status-publish","4":"has-post-thumbnail","6":"product_cat-teer-og-te-udstyr","7":"product_cat-tekander-og-tekopper","8":"pa_collection-glass-infuser-teapot-da","9":"pa_made-in-kina","11":"first","12":"instock","13":"purchasable","14":"product-type-simple"},"supplier_id":null,"supplier_sku":"GTeaP-06","barcode":null,"atum_controlled":true,"out_stock_date":null,"out_stock_threshold":null,"inheritable":false,"inbound_stock":null,"stock_on_hold":0,"sold_today":0,"sales_last_days":0,"reserved_stock":null,"customer_returns":null,"warehouse_damage":null,"lost_in_post":null,"other_logs":null,"out_stock_days":0,"lost_sales":0,"has_location":null,"update_date":"2026-04-29T06:54:08","atum_locations":[],"atum_stock_status":"instock","restock_status":false,"low_stock_amount":"","sales_update_date":"2026-01-30T01:24:45","calc_backorders":null,"_links":{"self":[{"href":"https:\/\/aromasentia.com\/da\/wp-json\/wp\/v2\/product\/196834","targetHints":{"allow":["GET"]}}],"collection":[{"href":"https:\/\/aromasentia.com\/da\/wp-json\/wp\/v2\/product"}],"about":[{"href":"https:\/\/aromasentia.com\/da\/wp-json\/wp\/v2\/types\/product"}],"replies":[{"embeddable":true,"href":"https:\/\/aromasentia.com\/da\/wp-json\/wp\/v2\/comments?post=196834"}],"version-history":[{"count":0,"href":"https:\/\/aromasentia.com\/da\/wp-json\/wp\/v2\/product\/196834\/revisions"}],"wp:featuredmedia":[{"embeddable":true,"href":"https:\/\/aromasentia.com\/da\/wp-json\/wp\/v2\/media\/433512"}],"wp:attachment":[{"href":"https:\/\/aromasentia.com\/da\/wp-json\/wp\/v2\/media?parent=196834"}],"wp:term":[{"taxonomy":"product_brand","embeddable":true,"href":"https:\/\/aromasentia.com\/da\/wp-json\/wp\/v2\/product_brand?post=196834"},{"taxonomy":"product_cat","embeddable":true,"href":"https:\/\/aromasentia.com\/da\/wp-json\/wp\/v2\/product_cat?post=196834"},{"taxonomy":"product_tag","embeddable":true,"href":"https:\/\/aromasentia.com\/da\/wp-json\/wp\/v2\/product_tag?post=196834"}],"curies":[{"name":"wp","href":"https:\/\/api.w.org\/{rel}","templated":true}]}}