{"id":196829,"date":"2025-03-23T11:47:46","date_gmt":"2025-03-23T11:47:46","guid":{"rendered":"https:\/\/aromasentia.com\/product\/glass-infuser-teapot-round-pearl-400ml\/"},"modified":"2025-06-22T02:57:43","modified_gmt":"2025-06-22T02:57:43","slug":"tepotte-med-glasinfuser-rund-perle-400ml-2","status":"publish","type":"product","link":"https:\/\/aromasentia.com\/da\/tepotte-med-glasinfuser-rund-perle-400ml-2\/","title":{"rendered":"Tepotte med Glasinfuser &#8211; Rund Perle &#8211; 400ml"},"content":{"rendered":"<p>En smuk kop te er en af livets enkle gl\u00e6der, s\u00e5 det skal v\u00e6re nemt at brygge den. Fra beroligende kamille til \u00f8jen\u00e5bnende earl grey. Denne tekande er ideel til te med store blade&nbsp;<\/p>\n<p>Dine kunder kan fork\u00e6le sig selv med en yndlingsbryg p\u00e5 ethvert tidspunkt af dagen med Ancient Wisdom Glass Infuser Teapot. Denne tekande i glas er en dejlig tilf\u00f8jelse til morgenbordet eller eftermiddagsteen. Da urtete og alt, hvad der har med det at g\u00f8re, for alvor er p\u00e5 mode, er denne serie af tekander nemme at vise frem i din butik og en perfekt gave, pakket i en smuk pr\u00e6sentations\u00e6ske. &nbsp;<strong>*S\u00f8rg for, at l\u00e5get sidder godt fast, f\u00f8r du h\u00e6lder op.<\/strong><\/p>\n<p><em>L\u00e6kkert og moderne design &#8211; Infusionsbeholder i rustfrit st\u00e5l &#8211; H\u00e5ndvask anbefales &#8211; Gave\u00e6ske og BPA-fri&nbsp;<\/em><\/p>\n<p><strong>S\u00e5 sk\u00e6nk dig selv lidt ekstra salg. Fyld op i dag.<\/strong><\/p>\n<p><strong>Produktst\u00f8rrelse: 14x9x8cm &nbsp;V\u00e6gt: 500g&nbsp;<\/strong><\/p>\n<p><strong>Materiale: Glas<\/strong><\/p>\n","protected":false},"excerpt":{"rendered":"<p>En smuk kop te er en af livets enkle gl\u00e6der, s\u00e5 det skal v\u00e6re nemt at brygge den. Fra beroligende kamille til \u00f8jen\u00e5bnende earl grey. Denne tekande er ideel til te med store blade&nbsp; Dine kunder kan fork\u00e6le sig selv med en yndlingsbryg p\u00e5 ethvert tidspunkt af dagen med Ancient Wisdom Glass Infuser Teapot. Denne [&hellip;]<\/p>\n","protected":false},"featured_media":433331,"comment_status":"closed","ping_status":"open","template":"","meta":{"_angie_page":false},"product_brand":[],"product_cat":[5908,26684],"product_tag":[],"class_list":{"0":"post-196829","1":"product","2":"type-product","3":"status-publish","4":"has-post-thumbnail","6":"product_cat-teer-og-te-udstyr","7":"product_cat-tekander-og-tekopper","8":"pa_collection-glass-infuser-teapot-da","9":"pa_made-in-kina","11":"first","12":"instock","13":"purchasable","14":"product-type-simple"},"supplier_id":null,"supplier_sku":"GTeaP-04","barcode":null,"atum_controlled":true,"out_stock_date":null,"out_stock_threshold":null,"inheritable":false,"inbound_stock":null,"stock_on_hold":0,"sold_today":0,"sales_last_days":0,"reserved_stock":null,"customer_returns":null,"warehouse_damage":null,"lost_in_post":null,"other_logs":null,"out_stock_days":0,"lost_sales":0,"has_location":null,"update_date":"2026-04-27T19:08:26","atum_locations":[],"atum_stock_status":"instock","restock_status":false,"low_stock_amount":"","sales_update_date":"2025-09-03T00:14:19","calc_backorders":null,"_links":{"self":[{"href":"https:\/\/aromasentia.com\/da\/wp-json\/wp\/v2\/product\/196829","targetHints":{"allow":["GET"]}}],"collection":[{"href":"https:\/\/aromasentia.com\/da\/wp-json\/wp\/v2\/product"}],"about":[{"href":"https:\/\/aromasentia.com\/da\/wp-json\/wp\/v2\/types\/product"}],"replies":[{"embeddable":true,"href":"https:\/\/aromasentia.com\/da\/wp-json\/wp\/v2\/comments?post=196829"}],"version-history":[{"count":0,"href":"https:\/\/aromasentia.com\/da\/wp-json\/wp\/v2\/product\/196829\/revisions"}],"wp:featuredmedia":[{"embeddable":true,"href":"https:\/\/aromasentia.com\/da\/wp-json\/wp\/v2\/media\/433331"}],"wp:attachment":[{"href":"https:\/\/aromasentia.com\/da\/wp-json\/wp\/v2\/media?parent=196829"}],"wp:term":[{"taxonomy":"product_brand","embeddable":true,"href":"https:\/\/aromasentia.com\/da\/wp-json\/wp\/v2\/product_brand?post=196829"},{"taxonomy":"product_cat","embeddable":true,"href":"https:\/\/aromasentia.com\/da\/wp-json\/wp\/v2\/product_cat?post=196829"},{"taxonomy":"product_tag","embeddable":true,"href":"https:\/\/aromasentia.com\/da\/wp-json\/wp\/v2\/product_tag?post=196829"}],"curies":[{"name":"wp","href":"https:\/\/api.w.org\/{rel}","templated":true}]}}