{"id":196826,"date":"2025-03-23T11:48:41","date_gmt":"2025-03-23T11:48:41","guid":{"rendered":"https:\/\/aromasentia.com\/product\/glass-infuser-teapot-with-steamer-system-charcoal-1000ml\/"},"modified":"2025-06-22T02:57:42","modified_gmt":"2025-06-22T02:57:42","slug":"tekande-med-glasinfusor-med-dampsystem-traekul-1000ml","status":"publish","type":"product","link":"https:\/\/aromasentia.com\/da\/tekande-med-glasinfusor-med-dampsystem-traekul-1000ml\/","title":{"rendered":"Tekande med Glasinfusor &#8211; med Dampsystem Tr\u00e6kul &#8211; 1000ml"},"content":{"rendered":"<p><strong>grossist Infuser Teapot: Tea Infuser Driftsinstruktioner:<\/strong> Fyld tekanden: Fyld vand i tekanden, s\u00e5 den er ca. en tredjedel fuld. Tils\u00e6t l\u00f8s te: L\u00e6g den l\u00f8se te i den \u00f8verste del af tekandens indre kammer. S\u00f8rg for, at tebladene er j\u00e6vnt fordelt, men fyld ikke for meget p\u00e5.&nbsp;<\/p>\n<p><strong>S\u00e6t tekanden p\u00e5 en varmeplade:&nbsp;<\/strong>S\u00e6t tekanden p\u00e5 en varmeplade, og t\u00e6nd for den. M\u00e5let er at f\u00e5 vandet til at koge.&nbsp;<\/p>\n<p><strong>Perkolationsproces: <\/strong>N\u00e5r vandet opvarmes, l\u00f8ber det op gennem ledningen i det indre kammer og f\u00f8rer det ned til teen. Teen begynder at sive ned og tilf\u00f8rer vandet smag.&nbsp;<\/p>\n<p><strong>Tr\u00e6k teen<\/strong>: Lad teen tr\u00e6kke i den \u00f8nskede tid (typisk 3&ndash;5 minutter, afh\u00e6ngigt af tetypen).<\/p>\n<p><strong>Server teen:<\/strong> N\u00e5r teen har trukket, fjernes tekanden fra den varme plade, og teen serveres. <\/p>\n<p>.<\/p>\n","protected":false},"excerpt":{"rendered":"<p>grossist Infuser Teapot: Tea Infuser Driftsinstruktioner: Fyld tekanden: Fyld vand i tekanden, s\u00e5 den er ca. en tredjedel fuld. Tils\u00e6t l\u00f8s te: L\u00e6g den l\u00f8se te i den \u00f8verste del af tekandens indre kammer. S\u00f8rg for, at tebladene er j\u00e6vnt fordelt, men fyld ikke for meget p\u00e5.&nbsp; S\u00e6t tekanden p\u00e5 en varmeplade:&nbsp;S\u00e6t tekanden p\u00e5 en [&hellip;]<\/p>\n","protected":false},"featured_media":433565,"comment_status":"closed","ping_status":"open","template":"","meta":{"_angie_page":false},"product_brand":[],"product_cat":[5908,26684],"product_tag":[],"class_list":{"0":"post-196826","1":"product","2":"type-product","3":"status-publish","4":"has-post-thumbnail","6":"product_cat-teer-og-te-udstyr","7":"product_cat-tekander-og-tekopper","8":"pa_collection-glass-infuser-teapot-da","9":"pa_made-in-kina","11":"first","12":"instock","13":"purchasable","14":"product-type-simple"},"supplier_id":null,"supplier_sku":"GTeaP-14","barcode":null,"atum_controlled":true,"out_stock_date":null,"out_stock_threshold":null,"inheritable":false,"inbound_stock":null,"stock_on_hold":0,"sold_today":0,"sales_last_days":0,"reserved_stock":null,"customer_returns":null,"warehouse_damage":null,"lost_in_post":null,"other_logs":null,"out_stock_days":0,"lost_sales":0,"has_location":null,"update_date":"2026-04-27T07:06:18","atum_locations":[],"atum_stock_status":"instock","restock_status":false,"low_stock_amount":"","sales_update_date":"2026-01-20T05:14:23","calc_backorders":null,"_links":{"self":[{"href":"https:\/\/aromasentia.com\/da\/wp-json\/wp\/v2\/product\/196826","targetHints":{"allow":["GET"]}}],"collection":[{"href":"https:\/\/aromasentia.com\/da\/wp-json\/wp\/v2\/product"}],"about":[{"href":"https:\/\/aromasentia.com\/da\/wp-json\/wp\/v2\/types\/product"}],"replies":[{"embeddable":true,"href":"https:\/\/aromasentia.com\/da\/wp-json\/wp\/v2\/comments?post=196826"}],"version-history":[{"count":0,"href":"https:\/\/aromasentia.com\/da\/wp-json\/wp\/v2\/product\/196826\/revisions"}],"wp:featuredmedia":[{"embeddable":true,"href":"https:\/\/aromasentia.com\/da\/wp-json\/wp\/v2\/media\/433565"}],"wp:attachment":[{"href":"https:\/\/aromasentia.com\/da\/wp-json\/wp\/v2\/media?parent=196826"}],"wp:term":[{"taxonomy":"product_brand","embeddable":true,"href":"https:\/\/aromasentia.com\/da\/wp-json\/wp\/v2\/product_brand?post=196826"},{"taxonomy":"product_cat","embeddable":true,"href":"https:\/\/aromasentia.com\/da\/wp-json\/wp\/v2\/product_cat?post=196826"},{"taxonomy":"product_tag","embeddable":true,"href":"https:\/\/aromasentia.com\/da\/wp-json\/wp\/v2\/product_tag?post=196826"}],"curies":[{"name":"wp","href":"https:\/\/api.w.org\/{rel}","templated":true}]}}