{"id":196824,"date":"2025-03-23T11:48:41","date_gmt":"2025-03-23T11:48:41","guid":{"rendered":"https:\/\/aromasentia.com\/product\/glass-infuser-teapot-flask-shape-950ml\/"},"modified":"2025-06-22T02:57:41","modified_gmt":"2025-06-22T02:57:41","slug":"tepotte-af-glas-med-infusionsvaeske-flaskeform-950ml","status":"publish","type":"product","link":"https:\/\/aromasentia.com\/da\/tepotte-af-glas-med-infusionsvaeske-flaskeform-950ml\/","title":{"rendered":"Tepotte Af Glas med Infusionsv\u00e6ske &#8211; Flaskeform &#8211; 950ml"},"content":{"rendered":"<p>Bryg og del dine yndlingsteer i l\u00f8s v\u00e6gt med denne 950 ml kolbeformede tepotte i glas. Dens unikke design og indbyggede infuser g\u00f8r den til en stilfuld tilf\u00f8jelse til din te-tid.<\/p>\n","protected":false},"excerpt":{"rendered":"<p>Bryg og del dine yndlingsteer i l\u00f8s v\u00e6gt med denne 950 ml kolbeformede tepotte i glas. Dens unikke design og indbyggede infuser g\u00f8r den til en stilfuld tilf\u00f8jelse til din te-tid.<\/p>\n","protected":false},"featured_media":433539,"comment_status":"closed","ping_status":"open","template":"","meta":{"_angie_page":false},"product_brand":[],"product_cat":[5908,26684],"product_tag":[],"class_list":{"0":"post-196824","1":"product","2":"type-product","3":"status-publish","4":"has-post-thumbnail","6":"product_cat-teer-og-te-udstyr","7":"product_cat-tekander-og-tekopper","8":"pa_collection-glass-infuser-teapot-da","9":"pa_made-in-kina","11":"first","12":"instock","13":"purchasable","14":"product-type-simple"},"supplier_id":null,"supplier_sku":"GTeaP-09","barcode":null,"atum_controlled":true,"out_stock_date":null,"out_stock_threshold":null,"inheritable":false,"inbound_stock":null,"stock_on_hold":0,"sold_today":0,"sales_last_days":0,"reserved_stock":null,"customer_returns":null,"warehouse_damage":null,"lost_in_post":null,"other_logs":null,"out_stock_days":0,"lost_sales":0,"has_location":null,"update_date":"2026-04-27T07:06:18","atum_locations":[],"atum_stock_status":"instock","restock_status":false,"low_stock_amount":"","sales_update_date":"2025-09-03T00:14:17","calc_backorders":null,"_links":{"self":[{"href":"https:\/\/aromasentia.com\/da\/wp-json\/wp\/v2\/product\/196824","targetHints":{"allow":["GET"]}}],"collection":[{"href":"https:\/\/aromasentia.com\/da\/wp-json\/wp\/v2\/product"}],"about":[{"href":"https:\/\/aromasentia.com\/da\/wp-json\/wp\/v2\/types\/product"}],"replies":[{"embeddable":true,"href":"https:\/\/aromasentia.com\/da\/wp-json\/wp\/v2\/comments?post=196824"}],"version-history":[{"count":0,"href":"https:\/\/aromasentia.com\/da\/wp-json\/wp\/v2\/product\/196824\/revisions"}],"wp:featuredmedia":[{"embeddable":true,"href":"https:\/\/aromasentia.com\/da\/wp-json\/wp\/v2\/media\/433539"}],"wp:attachment":[{"href":"https:\/\/aromasentia.com\/da\/wp-json\/wp\/v2\/media?parent=196824"}],"wp:term":[{"taxonomy":"product_brand","embeddable":true,"href":"https:\/\/aromasentia.com\/da\/wp-json\/wp\/v2\/product_brand?post=196824"},{"taxonomy":"product_cat","embeddable":true,"href":"https:\/\/aromasentia.com\/da\/wp-json\/wp\/v2\/product_cat?post=196824"},{"taxonomy":"product_tag","embeddable":true,"href":"https:\/\/aromasentia.com\/da\/wp-json\/wp\/v2\/product_tag?post=196824"}],"curies":[{"name":"wp","href":"https:\/\/api.w.org\/{rel}","templated":true}]}}