{"id":196815,"date":"2025-03-23T10:31:17","date_gmt":"2025-03-23T10:31:17","guid":{"rendered":"https:\/\/aromasentia.com\/product\/earth-inspired-smudge-incense-rose\/"},"modified":"2025-06-22T02:57:35","modified_gmt":"2025-06-22T02:57:35","slug":"earth-inspired-smudge-roegelse-rose","status":"publish","type":"product","link":"https:\/\/aromasentia.com\/da\/earth-inspired-smudge-roegelse-rose\/","title":{"rendered":"Earth Inspired Smudge R\u00f8gelse &#8211; Rose"},"content":{"rendered":"<p><span style=\"color: rgb(75, 80, 88);\">Vi pr\u00e6senterer <strong>Jordinspirerede Smudge-r\u00f8gelsespinde<\/strong>, en betagende fusion af naturens fineste elementer, h\u00e5ndlavet for at forbedre den spirituelle og sensoriske oplevelse. &nbsp;&nbsp;<\/span><\/p>\n<p><span style=\"color: rgb(75, 80, 88);\"><strong>De er h\u00e5ndlavede<\/strong> med kun de reneste naturlige ingredienser. Vi har blandet <strong>duftende urter, s\u00e5som rosmarin eller citrongr\u00e6s, med \u00e6teriske olier for at skabe en symfoni af dufte<\/strong>, der transporterer dine kunder til hjertet af uber\u00f8rte, uber\u00f8rte landskaber. Disse r\u00f8gelsespinde er \u00f8kologiske og er ikke testet p\u00e5 dyr.<\/span><\/p>\n<p><span style=\"color: rgb(75, 80, 88);\"><strong>Fork\u00e6l dig selv med Jordens sarte sk\u00f8nhed med vores Rose-inspirerede Smudge-r\u00f8gelse<\/strong>. De s\u00f8de, blomsteragtige noter af rose udfolder sig blidt, n\u00e5r du br\u00e6nder denne r\u00f8gelse, og fremkalder en f\u00f8lelse af k\u00e6rlighed og harmoni. <br \/><\/span><\/p>\n<p><span style=\"color: rgb(75, 80, 88);\"><strong>Hver pakke indeholder ca. 9 r\u00f8gelsespinde.<\/strong><\/span><\/p>\n<p><span style=\"color: rgb(75, 80, 88);\">Lad den bl\u00f8de og tr\u00f8stende duft af rose rense dit rum og invitere Jordens k\u00e6rlige energi ind til at hele og forynge din \u00e5nd.<\/span> <\/p>\n<p><span style=\"color: rgb(141, 186, 216);\"><strong>L\u00f8ft din spirituelle rejse og oplev magien ved Jordens elementer.<\/strong><\/span><\/p>\n","protected":false},"excerpt":{"rendered":"<p>Vi pr\u00e6senterer Jordinspirerede Smudge-r\u00f8gelsespinde, en betagende fusion af naturens fineste elementer, h\u00e5ndlavet for at forbedre den spirituelle og sensoriske oplevelse. &nbsp;&nbsp; De er h\u00e5ndlavede med kun de reneste naturlige ingredienser. Vi har blandet duftende urter, s\u00e5som rosmarin eller citrongr\u00e6s, med \u00e6teriske olier for at skabe en symfoni af dufte, der transporterer dine kunder til hjertet [&hellip;]<\/p>\n","protected":false},"featured_media":409951,"comment_status":"closed","ping_status":"open","template":"","meta":{"_angie_page":false},"product_brand":[27122],"product_cat":[26830,25839,5836,5847,25984,25815],"product_tag":[],"class_list":{"0":"post-196815","1":"product","2":"type-product","3":"status-publish","4":"has-post-thumbnail","6":"product_brand-namaste-india-incense","7":"product_cat-blomster","8":"product_cat-dufte-aromaer","9":"product_cat-rogelse-og-rogelsesholdere","10":"product_cat-rogelsespinde","11":"product_cat-rose","12":"product_cat-smudge-sticks","13":"pa_collection-earth-inspired-smudge-incense-sticks-da","14":"pa_made-in-indien","16":"first","17":"instock","18":"purchasable","19":"product-type-simple"},"supplier_id":null,"supplier_sku":"SMI-01","barcode":null,"atum_controlled":true,"out_stock_date":null,"out_stock_threshold":null,"inheritable":false,"inbound_stock":null,"stock_on_hold":0,"sold_today":0,"sales_last_days":0,"reserved_stock":null,"customer_returns":null,"warehouse_damage":null,"lost_in_post":null,"other_logs":null,"out_stock_days":0,"lost_sales":0,"has_location":null,"update_date":"2026-05-11T01:56:48","atum_locations":[],"atum_stock_status":"instock","restock_status":false,"low_stock_amount":"","sales_update_date":"2025-09-03T00:18:24","calc_backorders":null,"_links":{"self":[{"href":"https:\/\/aromasentia.com\/da\/wp-json\/wp\/v2\/product\/196815","targetHints":{"allow":["GET"]}}],"collection":[{"href":"https:\/\/aromasentia.com\/da\/wp-json\/wp\/v2\/product"}],"about":[{"href":"https:\/\/aromasentia.com\/da\/wp-json\/wp\/v2\/types\/product"}],"replies":[{"embeddable":true,"href":"https:\/\/aromasentia.com\/da\/wp-json\/wp\/v2\/comments?post=196815"}],"version-history":[{"count":0,"href":"https:\/\/aromasentia.com\/da\/wp-json\/wp\/v2\/product\/196815\/revisions"}],"wp:featuredmedia":[{"embeddable":true,"href":"https:\/\/aromasentia.com\/da\/wp-json\/wp\/v2\/media\/409951"}],"wp:attachment":[{"href":"https:\/\/aromasentia.com\/da\/wp-json\/wp\/v2\/media?parent=196815"}],"wp:term":[{"taxonomy":"product_brand","embeddable":true,"href":"https:\/\/aromasentia.com\/da\/wp-json\/wp\/v2\/product_brand?post=196815"},{"taxonomy":"product_cat","embeddable":true,"href":"https:\/\/aromasentia.com\/da\/wp-json\/wp\/v2\/product_cat?post=196815"},{"taxonomy":"product_tag","embeddable":true,"href":"https:\/\/aromasentia.com\/da\/wp-json\/wp\/v2\/product_tag?post=196815"}],"curies":[{"name":"wp","href":"https:\/\/api.w.org\/{rel}","templated":true}]}}