{"id":196803,"date":"2025-03-23T10:31:25","date_gmt":"2025-03-23T10:31:25","guid":{"rendered":"https:\/\/aromasentia.com\/product\/plant-based-incense-sticks-lush-lavender\/"},"modified":"2025-06-22T02:57:30","modified_gmt":"2025-06-22T02:57:30","slug":"plantebaserede-roegelsespinde-lush-lavender","status":"publish","type":"product","link":"https:\/\/aromasentia.com\/da\/plantebaserede-roegelsespinde-lush-lavender\/","title":{"rendered":"Plantebaserede R\u00f8gelsespinde &#8211; Lush Lavender"},"content":{"rendered":"<p><strong>Aroma Sentia &#8211;<\/strong> pr\u00e6senterer<strong>&nbsp;Stamford Premium Plant Based Incense Sticks &#8211; Lush Lavender<\/strong> med en h\u00f8jere duftprocent, der giver en mere intens langvarig aroma ved brug.<\/p>\n<p>&#8211; <strong>h\u00e5ndrullet r\u00f8gelse af topkvalitet<\/strong><\/p>\n<p>&#8211; omtrentlig br\u00e6ndetid: <strong>30 minutter<\/strong><\/p>\n<p>&#8211; <strong>ikke testet p\u00e5 dyr, vegansk<\/strong><\/p>\n<p>Materiale: <strong>harpiks og plantemateriale<\/strong><\/p>\n<p>T\u00e6nd blot spidsen af pinden og vent p\u00e5, at den gl\u00f8der. Pust derefter flammen ud og placer den i en r\u00f8gelsesholder. Den sk\u00f8nne duft giver dig mulighed for at skabe den perfekte stemning til afslapning, underholdning og et virkelig stilfuldt hjem.<\/p>\n<p>En uundv\u00e6rlig vare til din e-shop. Med duft af god kvalitet i hvert design, vil du have noget s\u00e6rligt for enhver kunde at v\u00e6lge imellem. &nbsp;<\/p>\n<p><span style=\"color: rgb(184, 49, 47);\"><strong>Bestil i dag og lad denne behagelige aroma flyde&#8230;<\/strong><\/span><\/p>\n","protected":false},"excerpt":{"rendered":"<p>Aroma Sentia &#8211; pr\u00e6senterer&nbsp;Stamford Premium Plant Based Incense Sticks &#8211; Lush Lavender med en h\u00f8jere duftprocent, der giver en mere intens langvarig aroma ved brug. &#8211; h\u00e5ndrullet r\u00f8gelse af topkvalitet &#8211; omtrentlig br\u00e6ndetid: 30 minutter &#8211; ikke testet p\u00e5 dyr, vegansk Materiale: harpiks og plantemateriale T\u00e6nd blot spidsen af pinden og vent p\u00e5, at den [&hellip;]<\/p>\n","protected":false},"featured_media":411781,"comment_status":"closed","ping_status":"open","template":"","meta":[],"product_brand":[27145],"product_cat":[26830,25839,25957,5836,5847],"product_tag":[],"class_list":{"0":"post-196803","1":"product","2":"type-product","3":"status-publish","4":"has-post-thumbnail","6":"product_brand-stamford","7":"product_cat-blomster","8":"product_cat-dufte-aromaer","9":"product_cat-lavendel","10":"product_cat-rogelse-og-rogelsesholdere","11":"product_cat-rogelsespinde","12":"pa_collection-stamford-plant-based-incense-sticks-da","13":"pa_made-in-indien","15":"first","16":"outofstock","17":"purchasable","18":"product-type-simple"},"supplier_id":null,"supplier_sku":"SPBi-03","barcode":null,"atum_controlled":true,"out_stock_date":"2025-12-15 11:03:46","out_stock_threshold":null,"inheritable":false,"inbound_stock":null,"stock_on_hold":0,"sold_today":0,"sales_last_days":0,"reserved_stock":null,"customer_returns":null,"warehouse_damage":null,"lost_in_post":null,"other_logs":null,"out_stock_days":45,"lost_sales":0,"has_location":null,"update_date":"2026-01-30T01:26:26","atum_locations":[],"atum_stock_status":"outofstock","restock_status":false,"low_stock_amount":"","sales_update_date":"2026-01-30T01:26:26","calc_backorders":null,"_links":{"self":[{"href":"https:\/\/aromasentia.com\/da\/wp-json\/wp\/v2\/product\/196803","targetHints":{"allow":["GET"]}}],"collection":[{"href":"https:\/\/aromasentia.com\/da\/wp-json\/wp\/v2\/product"}],"about":[{"href":"https:\/\/aromasentia.com\/da\/wp-json\/wp\/v2\/types\/product"}],"replies":[{"embeddable":true,"href":"https:\/\/aromasentia.com\/da\/wp-json\/wp\/v2\/comments?post=196803"}],"version-history":[{"count":0,"href":"https:\/\/aromasentia.com\/da\/wp-json\/wp\/v2\/product\/196803\/revisions"}],"wp:featuredmedia":[{"embeddable":true,"href":"https:\/\/aromasentia.com\/da\/wp-json\/wp\/v2\/media\/411781"}],"wp:attachment":[{"href":"https:\/\/aromasentia.com\/da\/wp-json\/wp\/v2\/media?parent=196803"}],"wp:term":[{"taxonomy":"product_brand","embeddable":true,"href":"https:\/\/aromasentia.com\/da\/wp-json\/wp\/v2\/product_brand?post=196803"},{"taxonomy":"product_cat","embeddable":true,"href":"https:\/\/aromasentia.com\/da\/wp-json\/wp\/v2\/product_cat?post=196803"},{"taxonomy":"product_tag","embeddable":true,"href":"https:\/\/aromasentia.com\/da\/wp-json\/wp\/v2\/product_tag?post=196803"}],"curies":[{"name":"wp","href":"https:\/\/api.w.org\/{rel}","templated":true}]}}