{"id":196800,"date":"2025-03-23T10:31:25","date_gmt":"2025-03-23T10:31:25","guid":{"rendered":"https:\/\/aromasentia.com\/product\/plant-based-backflow-incense-cones-sensuality\/"},"modified":"2025-06-22T02:57:27","modified_gmt":"2025-06-22T02:57:27","slug":"plantebaserede-roegelseskegler-med-backflow-sensualitet","status":"publish","type":"product","link":"https:\/\/aromasentia.com\/da\/plantebaserede-roegelseskegler-med-backflow-sensualitet\/","title":{"rendered":"Plantebaserede R\u00f8gelseskegler med Backflow &#8211; Sensualitet"},"content":{"rendered":"<p><strong>Aroma Sentia-ping plantebaserede tilbagel\u00f8bsr\u00f8gelseskegler &#8211; Sensuality<\/strong>R\u00f8gelseskegler med en h\u00f8jere duftprocent, der giver en mere intens langvarig aroma, n\u00e5r de er i brug.<\/p>\n<p>&#8211; <strong>h\u00e5ndrullet r\u00f8gelse af topkvalitet<\/strong><\/p>\n<p>&#8211; omtrentlig br\u00e6ndetid: <strong>30 minutter<\/strong><\/p>\n<p><strong>&#8211;&nbsp;<\/strong><strong>12 kegler<\/strong> pr. pakke<\/p>\n<p>&#8211; <strong>ikke testet p\u00e5 dyr, vegansk<\/strong><\/p>\n<p>Materiale: <strong>harpiks og plantemateriale<\/strong><\/p>\n<p>N\u00e5r spidsen t\u00e6ndes, str\u00f8mmer r\u00f8gen ned ad r\u00f8gelsesbr\u00e6nderen som et vandfald, hvilket skaber en us\u00e6dvanlig og smuk effekt. Bem\u00e6rk venligst, at disse kegler kun er til brug med Backflow r\u00f8gelsesbr\u00e6ndere.<\/p>\n<p><span style=\"color: rgb(209, 72, 65);\"><strong>Bestil i dag, og lad denne behagelige aroma flyde&#8230;<\/strong><\/span><\/p>\n","protected":false},"excerpt":{"rendered":"<p>Aroma Sentia-ping plantebaserede tilbagel\u00f8bsr\u00f8gelseskegler &#8211; SensualityR\u00f8gelseskegler med en h\u00f8jere duftprocent, der giver en mere intens langvarig aroma, n\u00e5r de er i brug. &#8211; h\u00e5ndrullet r\u00f8gelse af topkvalitet &#8211; omtrentlig br\u00e6ndetid: 30 minutter &#8211;&nbsp;12 kegler pr. pakke &#8211; ikke testet p\u00e5 dyr, vegansk Materiale: harpiks og plantemateriale N\u00e5r spidsen t\u00e6ndes, str\u00f8mmer r\u00f8gen ned ad r\u00f8gelsesbr\u00e6nderen som [&hellip;]<\/p>\n","protected":false},"featured_media":411714,"comment_status":"closed","ping_status":"open","template":"","meta":[],"product_brand":[27145],"product_cat":[5836],"product_tag":[],"class_list":{"0":"post-196800","1":"product","2":"type-product","3":"status-publish","4":"has-post-thumbnail","6":"product_brand-stamford","7":"product_cat-rogelse-og-rogelsesholdere","8":"pa_collection-smudge-sticks-da","9":"pa_made-in-indien","11":"first","12":"instock","13":"purchasable","14":"product-type-simple"},"supplier_id":null,"supplier_sku":"SPBBF-18","barcode":null,"atum_controlled":true,"out_stock_date":null,"out_stock_threshold":null,"inheritable":false,"inbound_stock":null,"stock_on_hold":0,"sold_today":0,"sales_last_days":0,"reserved_stock":null,"customer_returns":null,"warehouse_damage":null,"lost_in_post":null,"other_logs":null,"out_stock_days":0,"lost_sales":0,"has_location":null,"update_date":"2026-02-05T22:33:34","atum_locations":[],"atum_stock_status":"instock","restock_status":false,"low_stock_amount":"","sales_update_date":"2025-09-03T00:18:20","calc_backorders":null,"_links":{"self":[{"href":"https:\/\/aromasentia.com\/da\/wp-json\/wp\/v2\/product\/196800","targetHints":{"allow":["GET"]}}],"collection":[{"href":"https:\/\/aromasentia.com\/da\/wp-json\/wp\/v2\/product"}],"about":[{"href":"https:\/\/aromasentia.com\/da\/wp-json\/wp\/v2\/types\/product"}],"replies":[{"embeddable":true,"href":"https:\/\/aromasentia.com\/da\/wp-json\/wp\/v2\/comments?post=196800"}],"version-history":[{"count":0,"href":"https:\/\/aromasentia.com\/da\/wp-json\/wp\/v2\/product\/196800\/revisions"}],"wp:featuredmedia":[{"embeddable":true,"href":"https:\/\/aromasentia.com\/da\/wp-json\/wp\/v2\/media\/411714"}],"wp:attachment":[{"href":"https:\/\/aromasentia.com\/da\/wp-json\/wp\/v2\/media?parent=196800"}],"wp:term":[{"taxonomy":"product_brand","embeddable":true,"href":"https:\/\/aromasentia.com\/da\/wp-json\/wp\/v2\/product_brand?post=196800"},{"taxonomy":"product_cat","embeddable":true,"href":"https:\/\/aromasentia.com\/da\/wp-json\/wp\/v2\/product_cat?post=196800"},{"taxonomy":"product_tag","embeddable":true,"href":"https:\/\/aromasentia.com\/da\/wp-json\/wp\/v2\/product_tag?post=196800"}],"curies":[{"name":"wp","href":"https:\/\/api.w.org\/{rel}","templated":true}]}}