{"id":196774,"date":"2025-03-23T10:31:25","date_gmt":"2025-03-23T10:31:25","guid":{"rendered":"https:\/\/aromasentia.com\/product\/smudge-stick-cleansing-energy-sage-torch-citrine-10cm\/"},"modified":"2025-06-22T02:57:15","modified_gmt":"2025-06-22T02:57:15","slug":"smudge-stick-rensende-energi-salvie-fakkel-citrin-10cm","status":"publish","type":"product","link":"https:\/\/aromasentia.com\/da\/smudge-stick-rensende-energi-salvie-fakkel-citrin-10cm\/","title":{"rendered":"Smudge Stick &#8211; Rensende Energi Salvie Fakkel (Citrin) 10cm"},"content":{"rendered":"<p>Fjern negativ energi og tiltr\u00e6k overflod med denne Cleansing Energy Sage Torch, der er tilsat citrin. Denne fakkel m\u00e5ler 10 cm og kombinerer salviens rensende kraft med citrinens energigivende og velstandstiltr\u00e6kkende egenskaber.<\/p>\n","protected":false},"excerpt":{"rendered":"<p>Fjern negativ energi og tiltr\u00e6k overflod med denne Cleansing Energy Sage Torch, der er tilsat citrin. Denne fakkel m\u00e5ler 10 cm og kombinerer salviens rensende kraft med citrinens energigivende og velstandstiltr\u00e6kkende egenskaber.<\/p>\n","protected":false},"featured_media":411248,"comment_status":"closed","ping_status":"open","template":"","meta":{"_angie_page":false},"product_brand":[],"product_cat":[25586,25839,25222,5836,25989,25815,26858],"product_tag":[],"class_list":{"0":"post-196774","1":"product","2":"type-product","3":"status-publish","4":"has-post-thumbnail","6":"product_cat-citrin","7":"product_cat-dufte-aromaer","8":"product_cat-krystaller-og-sten","9":"product_cat-rogelse-og-rogelsesholdere","10":"product_cat-salvie","11":"product_cat-smudge-sticks","12":"product_cat-urte-aromatisk","13":"pa_collection-smudge-sticks-da","14":"pa_made-in-usa","16":"first","17":"instock","18":"purchasable","19":"product-type-simple"},"supplier_id":null,"supplier_sku":"SmudgeS-58","barcode":null,"atum_controlled":true,"out_stock_date":null,"out_stock_threshold":null,"inheritable":false,"inbound_stock":null,"stock_on_hold":0,"sold_today":0,"sales_last_days":0,"reserved_stock":null,"customer_returns":null,"warehouse_damage":null,"lost_in_post":null,"other_logs":null,"out_stock_days":0,"lost_sales":0,"has_location":null,"update_date":"2026-04-27T07:21:45","atum_locations":[],"atum_stock_status":"instock","restock_status":false,"low_stock_amount":"","sales_update_date":"2025-09-03T00:18:15","calc_backorders":null,"_links":{"self":[{"href":"https:\/\/aromasentia.com\/da\/wp-json\/wp\/v2\/product\/196774","targetHints":{"allow":["GET"]}}],"collection":[{"href":"https:\/\/aromasentia.com\/da\/wp-json\/wp\/v2\/product"}],"about":[{"href":"https:\/\/aromasentia.com\/da\/wp-json\/wp\/v2\/types\/product"}],"replies":[{"embeddable":true,"href":"https:\/\/aromasentia.com\/da\/wp-json\/wp\/v2\/comments?post=196774"}],"version-history":[{"count":0,"href":"https:\/\/aromasentia.com\/da\/wp-json\/wp\/v2\/product\/196774\/revisions"}],"wp:featuredmedia":[{"embeddable":true,"href":"https:\/\/aromasentia.com\/da\/wp-json\/wp\/v2\/media\/411248"}],"wp:attachment":[{"href":"https:\/\/aromasentia.com\/da\/wp-json\/wp\/v2\/media?parent=196774"}],"wp:term":[{"taxonomy":"product_brand","embeddable":true,"href":"https:\/\/aromasentia.com\/da\/wp-json\/wp\/v2\/product_brand?post=196774"},{"taxonomy":"product_cat","embeddable":true,"href":"https:\/\/aromasentia.com\/da\/wp-json\/wp\/v2\/product_cat?post=196774"},{"taxonomy":"product_tag","embeddable":true,"href":"https:\/\/aromasentia.com\/da\/wp-json\/wp\/v2\/product_tag?post=196774"}],"curies":[{"name":"wp","href":"https:\/\/api.w.org\/{rel}","templated":true}]}}