{"id":196771,"date":"2025-03-23T10:31:25","date_gmt":"2025-03-23T10:31:25","guid":{"rendered":"https:\/\/aromasentia.com\/product\/smudge-stick-sweetgrass-braid-10cm\/"},"modified":"2025-06-22T02:57:14","modified_gmt":"2025-06-22T02:57:14","slug":"smudge-stick-sweetgrass-fletning-10cm","status":"publish","type":"product","link":"https:\/\/aromasentia.com\/da\/smudge-stick-sweetgrass-fletning-10cm\/","title":{"rendered":"Smudge Stick &#8211; Sweetgrass Fletning 10cm"},"content":{"rendered":"<p>Oplev det gamle ritual med renselse og velsignelser med vores <strong>Wholesale Sweetgrass Braid Smudge Stick<\/strong>. Denne 10 cm lange fletning er et helligt redskab til at rense rum, fremme positiv energi og \u00e6re traditioner, der str\u00e6kker sig over \u00e5rhundreder. <\/p>\n<p>S\u00f8dgr\u00e6s er v\u00e6rdsat for sin s\u00f8de, opl\u00f8ftende duft og bruges traditionelt til at rense rum og tiltr\u00e6kke positive energier. Hver s\u00f8dgr\u00e6sfletning er omhyggeligt h\u00e5ndflettet af dygtige h\u00e5ndv\u00e6rkere, der bevarer den hellige kunst i denne tradition.&nbsp;<\/p>\n<p>Brug vores <strong>Wholesale Sweetgrass Braid Smudge Stick<\/strong> til at rense hjemmet, meditationsrummet eller ethvert omr\u00e5de, du \u00f8nsker at tilf\u00f8re positiv energi. S\u00f8dgr\u00e6ssets aroma indbyder til harmoni, renselse og en f\u00f8lelse af fornyelse.<\/p>\n","protected":false},"excerpt":{"rendered":"<p>Oplev det gamle ritual med renselse og velsignelser med vores Wholesale Sweetgrass Braid Smudge Stick. Denne 10 cm lange fletning er et helligt redskab til at rense rum, fremme positiv energi og \u00e6re traditioner, der str\u00e6kker sig over \u00e5rhundreder. S\u00f8dgr\u00e6s er v\u00e6rdsat for sin s\u00f8de, opl\u00f8ftende duft og bruges traditionelt til at rense rum og [&hellip;]<\/p>\n","protected":false},"featured_media":411157,"comment_status":"closed","ping_status":"open","template":"","meta":{"_angie_page":false},"product_brand":[],"product_cat":[5836,25815],"product_tag":[],"class_list":{"0":"post-196771","1":"product","2":"type-product","3":"status-publish","4":"has-post-thumbnail","6":"product_cat-rogelse-og-rogelsesholdere","7":"product_cat-smudge-sticks","8":"pa_collection-smudge-sticks-da","9":"pa_made-in-usa","11":"first","12":"outofstock","13":"purchasable","14":"product-type-simple"},"supplier_id":null,"supplier_sku":"SmudgeS-55","barcode":null,"atum_controlled":true,"out_stock_date":"2025-09-05 16:07:50","out_stock_threshold":null,"inheritable":false,"inbound_stock":null,"stock_on_hold":0,"sold_today":0,"sales_last_days":0,"reserved_stock":null,"customer_returns":null,"warehouse_damage":null,"lost_in_post":null,"other_logs":null,"out_stock_days":0,"lost_sales":0,"has_location":null,"update_date":"2026-04-27T07:21:45","atum_locations":[],"atum_stock_status":"outofstock","restock_status":false,"low_stock_amount":"","sales_update_date":"2025-09-03T00:18:14","calc_backorders":null,"_links":{"self":[{"href":"https:\/\/aromasentia.com\/da\/wp-json\/wp\/v2\/product\/196771","targetHints":{"allow":["GET"]}}],"collection":[{"href":"https:\/\/aromasentia.com\/da\/wp-json\/wp\/v2\/product"}],"about":[{"href":"https:\/\/aromasentia.com\/da\/wp-json\/wp\/v2\/types\/product"}],"replies":[{"embeddable":true,"href":"https:\/\/aromasentia.com\/da\/wp-json\/wp\/v2\/comments?post=196771"}],"version-history":[{"count":0,"href":"https:\/\/aromasentia.com\/da\/wp-json\/wp\/v2\/product\/196771\/revisions"}],"wp:featuredmedia":[{"embeddable":true,"href":"https:\/\/aromasentia.com\/da\/wp-json\/wp\/v2\/media\/411157"}],"wp:attachment":[{"href":"https:\/\/aromasentia.com\/da\/wp-json\/wp\/v2\/media?parent=196771"}],"wp:term":[{"taxonomy":"product_brand","embeddable":true,"href":"https:\/\/aromasentia.com\/da\/wp-json\/wp\/v2\/product_brand?post=196771"},{"taxonomy":"product_cat","embeddable":true,"href":"https:\/\/aromasentia.com\/da\/wp-json\/wp\/v2\/product_cat?post=196771"},{"taxonomy":"product_tag","embeddable":true,"href":"https:\/\/aromasentia.com\/da\/wp-json\/wp\/v2\/product_tag?post=196771"}],"curies":[{"name":"wp","href":"https:\/\/api.w.org\/{rel}","templated":true}]}}