{"id":196764,"date":"2025-03-23T10:31:32","date_gmt":"2025-03-23T10:31:32","guid":{"rendered":"https:\/\/aromasentia.com\/product\/plant-based-incense-cones-aloe-vera\/"},"modified":"2025-06-22T02:57:11","modified_gmt":"2025-06-22T02:57:11","slug":"plantebaserede-roegelseskegler-aloe-vera","status":"publish","type":"product","link":"https:\/\/aromasentia.com\/da\/plantebaserede-roegelseskegler-aloe-vera\/","title":{"rendered":"Plantebaserede R\u00f8gelseskegler &#8211; Aloe Vera"},"content":{"rendered":"<p><strong>Aroma Sentia-ping<\/strong> pr\u00e6senterer <strong>Stamford Premium Plantebaserede R\u00f8gelseskegler<\/strong> <strong>&#8211; Aloe Vera<\/strong>med en h\u00f8jere duftprocent, der giver en <strong>mere intens langvarig aroma<\/strong> ved brug.<\/p>\n<p>&#8211; <strong>H\u00e5ndrullet r\u00f8gelse af topkvalitet<\/strong><\/p>\n<p>&#8211; Omtrentlig br\u00e6ndetid: <strong>30 minutter<\/strong><\/p>\n<p>&#8211; <strong>12 x kegler<\/strong> i pakken<\/p>\n<p>&#8211; <strong>Ingen test p\u00e5 dyr, vegansk<\/strong><\/p>\n<p>Materiale: <strong>harpiks og plantemateriale<\/strong><\/p>\n<p>T\u00e6nd blot spidsen af keglen og vent p\u00e5, at den gl\u00f8der. Pust derefter flammen ud og placer den i en r\u00f8gelsesholder. Den sk\u00f8nne duft giver dig mulighed for at skabe den perfekte stemning til afslapning, underholdning og et virkelig stilfuldt hjem.<\/p>\n<p><span style=\"color: rgb(209, 72, 65);\"><strong>Tilf\u00f8j til din produktportef\u00f8lje og bestil i dag, og lad denne behagelige aroma flyde&#8230;<\/strong><\/span><\/p>\n","protected":false},"excerpt":{"rendered":"<p>Aroma Sentia-ping pr\u00e6senterer Stamford Premium Plantebaserede R\u00f8gelseskegler &#8211; Aloe Veramed en h\u00f8jere duftprocent, der giver en mere intens langvarig aroma ved brug. &#8211; H\u00e5ndrullet r\u00f8gelse af topkvalitet &#8211; Omtrentlig br\u00e6ndetid: 30 minutter &#8211; 12 x kegler i pakken &#8211; Ingen test p\u00e5 dyr, vegansk Materiale: harpiks og plantemateriale T\u00e6nd blot spidsen af keglen og vent [&hellip;]<\/p>\n","protected":false},"featured_media":412417,"comment_status":"closed","ping_status":"open","template":"","meta":[],"product_brand":[27145],"product_cat":[26575,25839,26837,5836,5872],"product_tag":[],"class_list":{"0":"post-196764","1":"product","2":"type-product","3":"status-publish","4":"has-post-thumbnail","6":"product_brand-stamford","7":"product_cat-aloe-vera","8":"product_cat-dufte-aromaer","9":"product_cat-frisk-ren","10":"product_cat-rogelse-og-rogelsesholdere","11":"product_cat-rogelseskegler","12":"pa_collection-plant-based-incense-cones-californian-white-sage-da","13":"pa_made-in-indien","15":"first","16":"instock","17":"purchasable","18":"product-type-simple"},"supplier_id":null,"supplier_sku":"SPBiC-07","barcode":null,"atum_controlled":true,"out_stock_date":null,"out_stock_threshold":null,"inheritable":false,"inbound_stock":null,"stock_on_hold":0,"sold_today":0,"sales_last_days":0,"reserved_stock":null,"customer_returns":null,"warehouse_damage":null,"lost_in_post":null,"other_logs":null,"out_stock_days":0,"lost_sales":0,"has_location":null,"update_date":"2026-02-02T12:53:53","atum_locations":[],"atum_stock_status":"instock","restock_status":false,"low_stock_amount":"","sales_update_date":"2026-01-30T01:26:01","calc_backorders":null,"_links":{"self":[{"href":"https:\/\/aromasentia.com\/da\/wp-json\/wp\/v2\/product\/196764","targetHints":{"allow":["GET"]}}],"collection":[{"href":"https:\/\/aromasentia.com\/da\/wp-json\/wp\/v2\/product"}],"about":[{"href":"https:\/\/aromasentia.com\/da\/wp-json\/wp\/v2\/types\/product"}],"replies":[{"embeddable":true,"href":"https:\/\/aromasentia.com\/da\/wp-json\/wp\/v2\/comments?post=196764"}],"version-history":[{"count":0,"href":"https:\/\/aromasentia.com\/da\/wp-json\/wp\/v2\/product\/196764\/revisions"}],"wp:featuredmedia":[{"embeddable":true,"href":"https:\/\/aromasentia.com\/da\/wp-json\/wp\/v2\/media\/412417"}],"wp:attachment":[{"href":"https:\/\/aromasentia.com\/da\/wp-json\/wp\/v2\/media?parent=196764"}],"wp:term":[{"taxonomy":"product_brand","embeddable":true,"href":"https:\/\/aromasentia.com\/da\/wp-json\/wp\/v2\/product_brand?post=196764"},{"taxonomy":"product_cat","embeddable":true,"href":"https:\/\/aromasentia.com\/da\/wp-json\/wp\/v2\/product_cat?post=196764"},{"taxonomy":"product_tag","embeddable":true,"href":"https:\/\/aromasentia.com\/da\/wp-json\/wp\/v2\/product_tag?post=196764"}],"curies":[{"name":"wp","href":"https:\/\/api.w.org\/{rel}","templated":true}]}}