{"id":196740,"date":"2025-03-23T10:31:32","date_gmt":"2025-03-23T10:31:32","guid":{"rendered":"https:\/\/aromasentia.com\/product\/aloe-vera-incense-cones\/"},"modified":"2025-06-22T02:56:56","modified_gmt":"2025-06-22T02:56:56","slug":"aloe-vera-roegelseskegler","status":"publish","type":"product","link":"https:\/\/aromasentia.com\/da\/aloe-vera-roegelseskegler\/","title":{"rendered":"Aloe Vera R\u00f8gelseskegler"},"content":{"rendered":"<p><strong>Aloe Vera Incense<\/strong> har en vidunderlig klar og lys duft, der behager sanserne og dufter vidunderligt i ethvert rum.<\/p>\n<p>T\u00e6nd blot spidsen af r\u00f8gelseskeglen og vent p\u00e5, at den gl\u00f8der. Pust derefter flammen ud og placer den i en r\u00f8gelsesholder for en smuk duft i hele dit hjem.<\/p>\n<p><strong>Indeholder ca. 15 r\u00f8gelseskegler og en metalholder.<\/strong><\/p>\n<p><strong>Br\u00e6ndetid ca. 20 minutter pr. kegle.<\/strong><\/p>\n","protected":false},"excerpt":{"rendered":"<p>Aloe Vera Incense har en vidunderlig klar og lys duft, der behager sanserne og dufter vidunderligt i ethvert rum. T\u00e6nd blot spidsen af r\u00f8gelseskeglen og vent p\u00e5, at den gl\u00f8der. Pust derefter flammen ud og placer den i en r\u00f8gelsesholder for en smuk duft i hele dit hjem. Indeholder ca. 15 r\u00f8gelseskegler og en metalholder. [&hellip;]<\/p>\n","protected":false},"featured_media":412939,"comment_status":"closed","ping_status":"open","template":"","meta":{"_angie_page":false},"product_brand":[27145],"product_cat":[26575,25839,26837,5836,5872],"product_tag":[],"class_list":{"0":"post-196740","1":"product","2":"type-product","3":"status-publish","4":"has-post-thumbnail","6":"product_brand-stamford","7":"product_cat-aloe-vera","8":"product_cat-dufte-aromaer","9":"product_cat-frisk-ren","10":"product_cat-rogelse-og-rogelsesholdere","11":"product_cat-rogelseskegler","12":"pa_collection-stamford-premium-incense-cones-da","13":"pa_made-in-indien","15":"first","16":"instock","17":"purchasable","18":"product-type-simple"},"supplier_id":null,"supplier_sku":"StamC-10","barcode":null,"atum_controlled":true,"out_stock_date":null,"out_stock_threshold":null,"inheritable":false,"inbound_stock":null,"stock_on_hold":0,"sold_today":0,"sales_last_days":0,"reserved_stock":null,"customer_returns":null,"warehouse_damage":null,"lost_in_post":null,"other_logs":null,"out_stock_days":0,"lost_sales":0,"has_location":null,"update_date":"2026-04-27T07:23:25","atum_locations":[],"atum_stock_status":"instock","restock_status":false,"low_stock_amount":"","sales_update_date":"2026-01-30T01:25:36","calc_backorders":null,"_links":{"self":[{"href":"https:\/\/aromasentia.com\/da\/wp-json\/wp\/v2\/product\/196740","targetHints":{"allow":["GET"]}}],"collection":[{"href":"https:\/\/aromasentia.com\/da\/wp-json\/wp\/v2\/product"}],"about":[{"href":"https:\/\/aromasentia.com\/da\/wp-json\/wp\/v2\/types\/product"}],"replies":[{"embeddable":true,"href":"https:\/\/aromasentia.com\/da\/wp-json\/wp\/v2\/comments?post=196740"}],"version-history":[{"count":0,"href":"https:\/\/aromasentia.com\/da\/wp-json\/wp\/v2\/product\/196740\/revisions"}],"wp:featuredmedia":[{"embeddable":true,"href":"https:\/\/aromasentia.com\/da\/wp-json\/wp\/v2\/media\/412939"}],"wp:attachment":[{"href":"https:\/\/aromasentia.com\/da\/wp-json\/wp\/v2\/media?parent=196740"}],"wp:term":[{"taxonomy":"product_brand","embeddable":true,"href":"https:\/\/aromasentia.com\/da\/wp-json\/wp\/v2\/product_brand?post=196740"},{"taxonomy":"product_cat","embeddable":true,"href":"https:\/\/aromasentia.com\/da\/wp-json\/wp\/v2\/product_cat?post=196740"},{"taxonomy":"product_tag","embeddable":true,"href":"https:\/\/aromasentia.com\/da\/wp-json\/wp\/v2\/product_tag?post=196740"}],"curies":[{"name":"wp","href":"https:\/\/api.w.org\/{rel}","templated":true}]}}