{"id":196734,"date":"2025-03-23T10:31:32","date_gmt":"2025-03-23T10:31:32","guid":{"rendered":"https:\/\/aromasentia.com\/product\/plant-based-masala-incense-sticks-patchouli\/"},"modified":"2025-06-22T02:56:54","modified_gmt":"2025-06-22T02:56:54","slug":"plantebaseret-masala-roegelsespinde-patchouli","status":"publish","type":"product","link":"https:\/\/aromasentia.com\/da\/plantebaseret-masala-roegelsespinde-patchouli\/","title":{"rendered":"Plantebaseret Masala R\u00f8gelsespinde &#8211; Patchouli"},"content":{"rendered":"<p>H\u00e5ndrullede Masala r\u00f8gelsespinde med en smuk duft af patchouli. Lavet af plantebaserede r\u00e5materialer, etisk produceret i Karnataka, Indien.&nbsp;<\/p>\n<p>Duften af patchouli er original og mystisk. Patchouli dufter orientalsk og beskrives ofte som krydret og jordagtig.<\/p>\n<p>I hver \u00e6ske finder du 15 pinde.<\/p>\n<p>I hver \u00e6ske finder du 15 pinde.<\/p>\n<p>I hver \u00e6ske finder du 15 pinde.<\/p>\n<p>I hver \u00e6ske finder du 15 pinde.<\/p>\n","protected":false},"excerpt":{"rendered":"<p>H\u00e5ndrullede Masala r\u00f8gelsespinde med en smuk duft af patchouli. Lavet af plantebaserede r\u00e5materialer, etisk produceret i Karnataka, Indien.&nbsp; Duften af patchouli er original og mystisk. Patchouli dufter orientalsk og beskrives ofte som krydret og jordagtig. I hver \u00e6ske finder du 15 pinde. I hver \u00e6ske finder du 15 pinde. I hver \u00e6ske finder du 15 [&hellip;]<\/p>\n","protected":false},"featured_media":412829,"comment_status":"closed","ping_status":"open","template":"","meta":{"_angie_page":false},"product_brand":[27145],"product_cat":[25839,26823,25977,5836,5847],"product_tag":[],"class_list":{"0":"post-196734","1":"product","2":"type-product","3":"status-publish","4":"has-post-thumbnail","6":"product_brand-stamford","7":"product_cat-dufte-aromaer","8":"product_cat-jordagtig-og-gron","9":"product_cat-patchouli","10":"product_cat-rogelse-og-rogelsesholdere","11":"product_cat-rogelsespinde","12":"pa_collection-plant-based-masala-incense-sticks-da","13":"pa_made-in-indien","15":"first","16":"instock","17":"purchasable","18":"product-type-simple"},"supplier_id":null,"supplier_sku":"SPBMi-09","barcode":null,"atum_controlled":true,"out_stock_date":null,"out_stock_threshold":null,"inheritable":false,"inbound_stock":null,"stock_on_hold":0,"sold_today":0,"sales_last_days":0,"reserved_stock":null,"customer_returns":null,"warehouse_damage":null,"lost_in_post":null,"other_logs":null,"out_stock_days":0,"lost_sales":0,"has_location":null,"update_date":"2026-04-27T07:22:40","atum_locations":[],"atum_stock_status":"instock","restock_status":false,"low_stock_amount":"","sales_update_date":"2026-01-30T01:25:00","calc_backorders":null,"_links":{"self":[{"href":"https:\/\/aromasentia.com\/da\/wp-json\/wp\/v2\/product\/196734","targetHints":{"allow":["GET"]}}],"collection":[{"href":"https:\/\/aromasentia.com\/da\/wp-json\/wp\/v2\/product"}],"about":[{"href":"https:\/\/aromasentia.com\/da\/wp-json\/wp\/v2\/types\/product"}],"replies":[{"embeddable":true,"href":"https:\/\/aromasentia.com\/da\/wp-json\/wp\/v2\/comments?post=196734"}],"version-history":[{"count":0,"href":"https:\/\/aromasentia.com\/da\/wp-json\/wp\/v2\/product\/196734\/revisions"}],"wp:featuredmedia":[{"embeddable":true,"href":"https:\/\/aromasentia.com\/da\/wp-json\/wp\/v2\/media\/412829"}],"wp:attachment":[{"href":"https:\/\/aromasentia.com\/da\/wp-json\/wp\/v2\/media?parent=196734"}],"wp:term":[{"taxonomy":"product_brand","embeddable":true,"href":"https:\/\/aromasentia.com\/da\/wp-json\/wp\/v2\/product_brand?post=196734"},{"taxonomy":"product_cat","embeddable":true,"href":"https:\/\/aromasentia.com\/da\/wp-json\/wp\/v2\/product_cat?post=196734"},{"taxonomy":"product_tag","embeddable":true,"href":"https:\/\/aromasentia.com\/da\/wp-json\/wp\/v2\/product_tag?post=196734"}],"curies":[{"name":"wp","href":"https:\/\/api.w.org\/{rel}","templated":true}]}}