{"id":196726,"date":"2025-03-23T10:31:32","date_gmt":"2025-03-23T10:31:32","guid":{"rendered":"https:\/\/aromasentia.com\/product\/plant-based-masala-incense-sticks-aloe-vera\/"},"modified":"2025-06-22T02:56:51","modified_gmt":"2025-06-22T02:56:51","slug":"plantebaserede-masala-roegelsespinde-aloe-vera","status":"publish","type":"product","link":"https:\/\/aromasentia.com\/da\/plantebaserede-masala-roegelsespinde-aloe-vera\/","title":{"rendered":"Plantebaserede Masala R\u00f8gelsespinde &#8211; Aloe Vera"},"content":{"rendered":"<p>H\u00e5ndrullede Masala r\u00f8gelsespinde med en sk\u00f8n duft af aloe vera. Fremstillet af plantebaserede r\u00e5materialer, etisk produceret i Karnataka, Indien.&nbsp;<\/p>\n<p>Duften af aloe vera er f\u00e6ngslende, behagelig, vidunderlig. Skabt til at l\u00f8fte dit hum\u00f8r.&nbsp;<\/p>\n<p>I hver \u00e6ske finder du 15 pinde.<\/p>\n","protected":false},"excerpt":{"rendered":"<p>H\u00e5ndrullede Masala r\u00f8gelsespinde med en sk\u00f8n duft af aloe vera. Fremstillet af plantebaserede r\u00e5materialer, etisk produceret i Karnataka, Indien.&nbsp; Duften af aloe vera er f\u00e6ngslende, behagelig, vidunderlig. Skabt til at l\u00f8fte dit hum\u00f8r.&nbsp; I hver \u00e6ske finder du 15 pinde.<\/p>\n","protected":false},"featured_media":412621,"comment_status":"closed","ping_status":"open","template":"","meta":{"_angie_page":false},"product_brand":[27145],"product_cat":[26575,25839,26837,5836,5847],"product_tag":[],"class_list":{"0":"post-196726","1":"product","2":"type-product","3":"status-publish","4":"has-post-thumbnail","6":"product_brand-stamford","7":"product_cat-aloe-vera","8":"product_cat-dufte-aromaer","9":"product_cat-frisk-ren","10":"product_cat-rogelse-og-rogelsesholdere","11":"product_cat-rogelsespinde","12":"pa_collection-plant-based-masala-incense-sticks-da","13":"pa_made-in-indien","15":"first","16":"instock","17":"purchasable","18":"product-type-simple"},"supplier_id":null,"supplier_sku":"SPBMi-01","barcode":null,"atum_controlled":true,"out_stock_date":null,"out_stock_threshold":null,"inheritable":false,"inbound_stock":null,"stock_on_hold":0,"sold_today":0,"sales_last_days":0,"reserved_stock":null,"customer_returns":null,"warehouse_damage":null,"lost_in_post":null,"other_logs":null,"out_stock_days":0,"lost_sales":0,"has_location":null,"update_date":"2026-04-27T07:22:40","atum_locations":[],"atum_stock_status":"instock","restock_status":false,"low_stock_amount":"","sales_update_date":"2026-01-30T01:25:48","calc_backorders":null,"_links":{"self":[{"href":"https:\/\/aromasentia.com\/da\/wp-json\/wp\/v2\/product\/196726","targetHints":{"allow":["GET"]}}],"collection":[{"href":"https:\/\/aromasentia.com\/da\/wp-json\/wp\/v2\/product"}],"about":[{"href":"https:\/\/aromasentia.com\/da\/wp-json\/wp\/v2\/types\/product"}],"replies":[{"embeddable":true,"href":"https:\/\/aromasentia.com\/da\/wp-json\/wp\/v2\/comments?post=196726"}],"version-history":[{"count":0,"href":"https:\/\/aromasentia.com\/da\/wp-json\/wp\/v2\/product\/196726\/revisions"}],"wp:featuredmedia":[{"embeddable":true,"href":"https:\/\/aromasentia.com\/da\/wp-json\/wp\/v2\/media\/412621"}],"wp:attachment":[{"href":"https:\/\/aromasentia.com\/da\/wp-json\/wp\/v2\/media?parent=196726"}],"wp:term":[{"taxonomy":"product_brand","embeddable":true,"href":"https:\/\/aromasentia.com\/da\/wp-json\/wp\/v2\/product_brand?post=196726"},{"taxonomy":"product_cat","embeddable":true,"href":"https:\/\/aromasentia.com\/da\/wp-json\/wp\/v2\/product_cat?post=196726"},{"taxonomy":"product_tag","embeddable":true,"href":"https:\/\/aromasentia.com\/da\/wp-json\/wp\/v2\/product_tag?post=196726"}],"curies":[{"name":"wp","href":"https:\/\/api.w.org\/{rel}","templated":true}]}}