{"id":196717,"date":"2025-03-23T10:31:48","date_gmt":"2025-03-23T10:31:48","guid":{"rendered":"https:\/\/aromasentia.com\/product\/opium-premium-incense-sticks\/"},"modified":"2025-06-22T02:56:45","modified_gmt":"2025-06-22T02:56:45","slug":"opium-premium-roegelsespinde","status":"publish","type":"product","link":"https:\/\/aromasentia.com\/da\/opium-premium-roegelsespinde\/","title":{"rendered":"Opium Premium R\u00f8gelsespinde"},"content":{"rendered":"<p>Denne berusende og eksotiske duft skaber en atmosf\u00e6re af fest og harmoni. Denne Opium-r\u00f8gelse er udelukkende fremstillet af r\u00e5varer fra parfumerier. Denne r\u00f8gelse indeholder ikke opium eller andre forbudte\/skadelige materialer. Denne r\u00f8gelse er ikke vanedannende og skaber ingen skadelige virkninger.<br \/><strong><br \/>Wholesale Stamford Hexagonal Incense Sticks<\/strong> giver dig mulighed for at l\u00e6ne dig tilbage, slappe af og nyde subtiliteten af denne duft og aroma, n\u00e5r du lader r\u00f8gelsen indgyde luften omkring dig.<br \/>Dette udvalg af r\u00f8gelsespinde giver dig mulighed for at skabe den perfekte stemning til afslapning, underholdning og et virkelig stilfuldt hjem. Med dufte af god kvalitet i hvert design har vi noget, der passer perfekt til alle.<br \/>T\u00e6nd blot spidsen af din r\u00f8gelsespind, og vent p\u00e5, at den gl\u00f8der. Bl\u00e6s derefter flammen ud, og placer den i en r\u00f8gelsesholder, s\u00e5 du f\u00e5r en smuk duft i hele dit hjem.<br \/>Pakke med r\u00f8gelsespinde med kerner<br \/>Indeholder ca. 20 r\u00f8gelsespinde<br \/>Br\u00e6ndetid ca. 30 minutter pr. pind<br \/>For at opn\u00e5 det bedste resultat skal den placeres i en r\u00f8gelsesholder<br \/>Kun fremstillet af r\u00e5varer fra parfumerier<br \/>Emballagen er genanvendelig.<\/p>\n","protected":false},"excerpt":{"rendered":"<p>Denne berusende og eksotiske duft skaber en atmosf\u00e6re af fest og harmoni. Denne Opium-r\u00f8gelse er udelukkende fremstillet af r\u00e5varer fra parfumerier. Denne r\u00f8gelse indeholder ikke opium eller andre forbudte\/skadelige materialer. Denne r\u00f8gelse er ikke vanedannende og skaber ingen skadelige virkninger.Wholesale Stamford Hexagonal Incense Sticks giver dig mulighed for at l\u00e6ne dig tilbage, slappe af og [&hellip;]<\/p>\n","protected":false},"featured_media":413895,"comment_status":"closed","ping_status":"open","template":"","meta":{"_angie_page":false},"product_brand":[27145],"product_cat":[5836,5847],"product_tag":[],"class_list":{"0":"post-196717","1":"product","2":"type-product","3":"status-publish","4":"has-post-thumbnail","6":"product_brand-stamford","7":"product_cat-rogelse-og-rogelsesholdere","8":"product_cat-rogelsespinde","9":"pa_collection-stamford-premium-incense-sticks-da","10":"pa_made-in-indien","12":"first","13":"instock","14":"purchasable","15":"product-type-simple"},"supplier_id":null,"supplier_sku":"StamFP-05","barcode":null,"atum_controlled":true,"out_stock_date":null,"out_stock_threshold":null,"inheritable":false,"inbound_stock":null,"stock_on_hold":0,"sold_today":0,"sales_last_days":0,"reserved_stock":null,"customer_returns":null,"warehouse_damage":null,"lost_in_post":null,"other_logs":null,"out_stock_days":0,"lost_sales":0,"has_location":null,"update_date":"2026-05-08T05:20:17","atum_locations":[],"atum_stock_status":"instock","restock_status":false,"low_stock_amount":"","sales_update_date":"2026-01-30T01:25:55","calc_backorders":null,"_links":{"self":[{"href":"https:\/\/aromasentia.com\/da\/wp-json\/wp\/v2\/product\/196717","targetHints":{"allow":["GET"]}}],"collection":[{"href":"https:\/\/aromasentia.com\/da\/wp-json\/wp\/v2\/product"}],"about":[{"href":"https:\/\/aromasentia.com\/da\/wp-json\/wp\/v2\/types\/product"}],"replies":[{"embeddable":true,"href":"https:\/\/aromasentia.com\/da\/wp-json\/wp\/v2\/comments?post=196717"}],"version-history":[{"count":0,"href":"https:\/\/aromasentia.com\/da\/wp-json\/wp\/v2\/product\/196717\/revisions"}],"wp:featuredmedia":[{"embeddable":true,"href":"https:\/\/aromasentia.com\/da\/wp-json\/wp\/v2\/media\/413895"}],"wp:attachment":[{"href":"https:\/\/aromasentia.com\/da\/wp-json\/wp\/v2\/media?parent=196717"}],"wp:term":[{"taxonomy":"product_brand","embeddable":true,"href":"https:\/\/aromasentia.com\/da\/wp-json\/wp\/v2\/product_brand?post=196717"},{"taxonomy":"product_cat","embeddable":true,"href":"https:\/\/aromasentia.com\/da\/wp-json\/wp\/v2\/product_cat?post=196717"},{"taxonomy":"product_tag","embeddable":true,"href":"https:\/\/aromasentia.com\/da\/wp-json\/wp\/v2\/product_tag?post=196717"}],"curies":[{"name":"wp","href":"https:\/\/api.w.org\/{rel}","templated":true}]}}