{"id":196716,"date":"2025-03-23T10:31:48","date_gmt":"2025-03-23T10:31:48","guid":{"rendered":"https:\/\/aromasentia.com\/product\/patchouli-premium-incense-sticks\/"},"modified":"2025-06-22T02:56:44","modified_gmt":"2025-06-22T02:56:44","slug":"patchouli-premium-roegelsespinde","status":"publish","type":"product","link":"https:\/\/aromasentia.com\/da\/patchouli-premium-roegelsespinde\/","title":{"rendered":"Patchouli Premium R\u00f8gelsespinde"},"content":{"rendered":"<p>Patchouli er en af de vigtigste ingredienser i enhver parfume. Patchouliolie udvindes af blade og st\u00e6ngler fra patchouliplanten, som prim\u00e6rt vokser i Indonesien. Patchouli-r\u00f8gelse siges at slappe af og lindre stress.<br \/><strong>Wholesale Stamford Hexagonal Incense Sticks&nbsp;<\/strong>vil give dig mulighed for at l\u00e6ne dig tilbage, slappe af og nyde subtiliteten af denne duft og aroma, n\u00e5r du lader r\u00f8gelsen indgyde luften omkring dig.<br \/>Dette udvalg af r\u00f8gelsespinde giver dig mulighed for at skabe den perfekte stemning til afslapning, underholdning og et virkelig stilfuldt hjem. Med dufte af god kvalitet i hvert design har vi noget, der passer perfekt til alle.<br \/>T\u00e6nd blot spidsen af din r\u00f8gelsespind, og vent p\u00e5, at den gl\u00f8der. Bl\u00e6s derefter flammen ud, og placer den i en r\u00f8gelsesholder, s\u00e5 du f\u00e5r en smuk duft i hele dit hjem.<br \/>Pakke med r\u00f8gelsespinde med kerner<br \/>Indeholder ca. 20 r\u00f8gelsespinde<br \/>Br\u00e6ndetid ca. 30 minutter pr. pind<br \/>For at opn\u00e5 det bedste resultat skal den placeres i en r\u00f8gelsesholder<br \/>Kun fremstillet af r\u00e5varer fra parfumerier<br \/>Emballagen er genanvendelig.<\/p>\n","protected":false},"excerpt":{"rendered":"<p>Patchouli er en af de vigtigste ingredienser i enhver parfume. Patchouliolie udvindes af blade og st\u00e6ngler fra patchouliplanten, som prim\u00e6rt vokser i Indonesien. Patchouli-r\u00f8gelse siges at slappe af og lindre stress.Wholesale Stamford Hexagonal Incense Sticks&nbsp;vil give dig mulighed for at l\u00e6ne dig tilbage, slappe af og nyde subtiliteten af denne duft og aroma, n\u00e5r du [&hellip;]<\/p>\n","protected":false},"featured_media":413886,"comment_status":"closed","ping_status":"open","template":"","meta":{"_angie_page":false},"product_brand":[27145],"product_cat":[25839,26823,25977,5836,5847],"product_tag":[],"class_list":{"0":"post-196716","1":"product","2":"type-product","3":"status-publish","4":"has-post-thumbnail","6":"product_brand-stamford","7":"product_cat-dufte-aromaer","8":"product_cat-jordagtig-og-gron","9":"product_cat-patchouli","10":"product_cat-rogelse-og-rogelsesholdere","11":"product_cat-rogelsespinde","12":"pa_collection-stamford-premium-incense-sticks-da","13":"pa_made-in-indien","15":"first","16":"instock","17":"purchasable","18":"product-type-simple"},"supplier_id":null,"supplier_sku":"StamFP-03","barcode":null,"atum_controlled":true,"out_stock_date":null,"out_stock_threshold":null,"inheritable":false,"inbound_stock":null,"stock_on_hold":0,"sold_today":0,"sales_last_days":0,"reserved_stock":null,"customer_returns":null,"warehouse_damage":null,"lost_in_post":null,"other_logs":null,"out_stock_days":0,"lost_sales":0,"has_location":null,"update_date":"2026-04-27T07:23:30","atum_locations":[],"atum_stock_status":"instock","restock_status":false,"low_stock_amount":"","sales_update_date":"2025-09-03T00:17:40","calc_backorders":null,"_links":{"self":[{"href":"https:\/\/aromasentia.com\/da\/wp-json\/wp\/v2\/product\/196716","targetHints":{"allow":["GET"]}}],"collection":[{"href":"https:\/\/aromasentia.com\/da\/wp-json\/wp\/v2\/product"}],"about":[{"href":"https:\/\/aromasentia.com\/da\/wp-json\/wp\/v2\/types\/product"}],"replies":[{"embeddable":true,"href":"https:\/\/aromasentia.com\/da\/wp-json\/wp\/v2\/comments?post=196716"}],"version-history":[{"count":0,"href":"https:\/\/aromasentia.com\/da\/wp-json\/wp\/v2\/product\/196716\/revisions"}],"wp:featuredmedia":[{"embeddable":true,"href":"https:\/\/aromasentia.com\/da\/wp-json\/wp\/v2\/media\/413886"}],"wp:attachment":[{"href":"https:\/\/aromasentia.com\/da\/wp-json\/wp\/v2\/media?parent=196716"}],"wp:term":[{"taxonomy":"product_brand","embeddable":true,"href":"https:\/\/aromasentia.com\/da\/wp-json\/wp\/v2\/product_brand?post=196716"},{"taxonomy":"product_cat","embeddable":true,"href":"https:\/\/aromasentia.com\/da\/wp-json\/wp\/v2\/product_cat?post=196716"},{"taxonomy":"product_tag","embeddable":true,"href":"https:\/\/aromasentia.com\/da\/wp-json\/wp\/v2\/product_tag?post=196716"}],"curies":[{"name":"wp","href":"https:\/\/api.w.org\/{rel}","templated":true}]}}