{"id":196701,"date":"2025-03-23T10:31:56","date_gmt":"2025-03-23T10:31:56","guid":{"rendered":"https:\/\/aromasentia.com\/product\/vedic-incense-sticks-patchouli\/"},"modified":"2025-06-22T02:56:37","modified_gmt":"2025-06-22T02:56:37","slug":"vedic-roegelsespinde-patchouli","status":"publish","type":"product","link":"https:\/\/aromasentia.com\/da\/vedic-roegelsespinde-patchouli\/","title":{"rendered":"Vedic R\u00f8gelsespinde &#8211; Patchouli"},"content":{"rendered":"<p><span style=\"color: rgb(75, 80, 88);\">Vediske r\u00f8gelsespinde fra <strong>Ancient Wisdom<\/strong> er omhyggeligt fremstillet for at indfange essensen af gamle hinduistiske vediske l\u00e6res\u00e6tninger.<\/span><\/p>\n<p><span style=\"color: rgb(75, 80, 88);\">Fremstillet i den historiske by Jaipur af r\u00f8gelsesfirmaet Aromatika. &nbsp;<\/span><\/p>\n<p><span style=\"color: rgb(75, 80, 88);\">\u00c6gte h\u00e5ndrullede masala r\u00f8gelsespinde. Disse pinde br\u00e6nder i 20 minutter eller mere med fyldige, berusende dufte, der vil gl\u00e6de din n\u00e6se.&nbsp;<\/span><\/p>\n<p><span style=\"color: rgb(75, 80, 88);\"><strong>Hver \u00e6ske indeholder 12 r\u00f8gelsespinde (15 g).<\/strong><\/span><\/p>\n<p><a href=\"https:\/\/aromasentia.com\/wooden-incense-holders\">Ideelt match til vores udvalg af r\u00f8gelsesholdere<\/a> <span style=\"color: rgb(75, 80, 88);\">&amp;<\/span> <a href=\"https:\/\/aromasentia.com\/wwih\">udvalget af hvidkalkede r\u00f8gelsesholdere.&nbsp;<\/a><\/p>\n","protected":false},"excerpt":{"rendered":"<p>Vediske r\u00f8gelsespinde fra Ancient Wisdom er omhyggeligt fremstillet for at indfange essensen af gamle hinduistiske vediske l\u00e6res\u00e6tninger. Fremstillet i den historiske by Jaipur af r\u00f8gelsesfirmaet Aromatika. &nbsp; \u00c6gte h\u00e5ndrullede masala r\u00f8gelsespinde. Disse pinde br\u00e6nder i 20 minutter eller mere med fyldige, berusende dufte, der vil gl\u00e6de din n\u00e6se.&nbsp; Hver \u00e6ske indeholder 12 r\u00f8gelsespinde (15 g). [&hellip;]<\/p>\n","protected":false},"featured_media":415803,"comment_status":"closed","ping_status":"open","template":"","meta":{"_angie_page":false},"product_brand":[27100],"product_cat":[25839,26823,25977,5836,5847],"product_tag":[],"class_list":{"0":"post-196701","1":"product","2":"type-product","3":"status-publish","4":"has-post-thumbnail","6":"product_brand-aromatika","7":"product_cat-dufte-aromaer","8":"product_cat-jordagtig-og-gron","9":"product_cat-patchouli","10":"product_cat-rogelse-og-rogelsesholdere","11":"product_cat-rogelsespinde","12":"pa_collection-vedic-masala-incense-sticks-da","13":"pa_made-in-indien","15":"first","16":"instock","17":"purchasable","18":"product-type-simple"},"supplier_id":null,"supplier_sku":"Vedic-14","barcode":null,"atum_controlled":true,"out_stock_date":null,"out_stock_threshold":null,"inheritable":false,"inbound_stock":null,"stock_on_hold":0,"sold_today":0,"sales_last_days":0,"reserved_stock":null,"customer_returns":null,"warehouse_damage":null,"lost_in_post":null,"other_logs":null,"out_stock_days":0,"lost_sales":0,"has_location":null,"update_date":"2026-04-27T07:26:08","atum_locations":[],"atum_stock_status":"instock","restock_status":false,"low_stock_amount":"","sales_update_date":"2026-02-06T00:02:29","calc_backorders":null,"_links":{"self":[{"href":"https:\/\/aromasentia.com\/da\/wp-json\/wp\/v2\/product\/196701","targetHints":{"allow":["GET"]}}],"collection":[{"href":"https:\/\/aromasentia.com\/da\/wp-json\/wp\/v2\/product"}],"about":[{"href":"https:\/\/aromasentia.com\/da\/wp-json\/wp\/v2\/types\/product"}],"replies":[{"embeddable":true,"href":"https:\/\/aromasentia.com\/da\/wp-json\/wp\/v2\/comments?post=196701"}],"version-history":[{"count":0,"href":"https:\/\/aromasentia.com\/da\/wp-json\/wp\/v2\/product\/196701\/revisions"}],"wp:featuredmedia":[{"embeddable":true,"href":"https:\/\/aromasentia.com\/da\/wp-json\/wp\/v2\/media\/415803"}],"wp:attachment":[{"href":"https:\/\/aromasentia.com\/da\/wp-json\/wp\/v2\/media?parent=196701"}],"wp:term":[{"taxonomy":"product_brand","embeddable":true,"href":"https:\/\/aromasentia.com\/da\/wp-json\/wp\/v2\/product_brand?post=196701"},{"taxonomy":"product_cat","embeddable":true,"href":"https:\/\/aromasentia.com\/da\/wp-json\/wp\/v2\/product_cat?post=196701"},{"taxonomy":"product_tag","embeddable":true,"href":"https:\/\/aromasentia.com\/da\/wp-json\/wp\/v2\/product_tag?post=196701"}],"curies":[{"name":"wp","href":"https:\/\/api.w.org\/{rel}","templated":true}]}}