{"id":196697,"date":"2025-03-23T10:31:56","date_gmt":"2025-03-23T10:31:56","guid":{"rendered":"https:\/\/aromasentia.com\/product\/vedic-incense-sticks-jasmine\/"},"modified":"2025-06-22T02:56:35","modified_gmt":"2025-06-22T02:56:35","slug":"vediske-roegelsespinde-jasmin","status":"publish","type":"product","link":"https:\/\/aromasentia.com\/da\/vediske-roegelsespinde-jasmin\/","title":{"rendered":"Vediske R\u00f8gelsespinde &#8211; Jasmin"},"content":{"rendered":"<p>Jasmin r\u00f8gelse er sensuel med en rig s\u00f8dme, der bringer friskhed og komfort til sanserne. Duften af jasmin betragtes som et antidepressivt middel, antiseptisk middel, elskovsmiddel og s\u00f8vnhj\u00e6lpemiddel. Br\u00e6nd disse pinde for held, is\u00e6r i sager relateret til k\u00e6rlighed.<\/p>\n<p>Disse h\u00e5ndrullede r\u00f8gelsespinde br\u00e6nder i 20 minutter eller mere med fyldige, berusende dufte. Fremstillet i den historiske by Jaipur af r\u00f8gelsesfirmaet Aromatika.<\/p>\n<p><a href=\"https:\/\/aromasentia.com\/wooden-incense-holders\">Ideelt match til vores udvalg af r\u00f8gelsesholdere<\/a> <span style=\"color: rgb(75, 80, 88);\">&amp;<\/span> <a href=\"https:\/\/aromasentia.com\/wwih\">hvidkalkede r\u00f8gelsesholdere.<\/a><\/p>\n","protected":false},"excerpt":{"rendered":"<p>Jasmin r\u00f8gelse er sensuel med en rig s\u00f8dme, der bringer friskhed og komfort til sanserne. Duften af jasmin betragtes som et antidepressivt middel, antiseptisk middel, elskovsmiddel og s\u00f8vnhj\u00e6lpemiddel. Br\u00e6nd disse pinde for held, is\u00e6r i sager relateret til k\u00e6rlighed. Disse h\u00e5ndrullede r\u00f8gelsespinde br\u00e6nder i 20 minutter eller mere med fyldige, berusende dufte. Fremstillet i den [&hellip;]<\/p>\n","protected":false},"featured_media":415711,"comment_status":"closed","ping_status":"open","template":"","meta":{"_angie_page":false},"product_brand":[27100],"product_cat":[26830,25839,25955,5836,5847],"product_tag":[],"class_list":{"0":"post-196697","1":"product","2":"type-product","3":"status-publish","4":"has-post-thumbnail","6":"product_brand-aromatika","7":"product_cat-blomster","8":"product_cat-dufte-aromaer","9":"product_cat-jasmin","10":"product_cat-rogelse-og-rogelsesholdere","11":"product_cat-rogelsespinde","12":"pa_collection-vedic-masala-incense-sticks-da","13":"pa_made-in-indien","15":"first","16":"instock","17":"purchasable","18":"product-type-simple"},"supplier_id":null,"supplier_sku":"Vedic-10","barcode":null,"atum_controlled":true,"out_stock_date":null,"out_stock_threshold":null,"inheritable":false,"inbound_stock":null,"stock_on_hold":0,"sold_today":0,"sales_last_days":0,"reserved_stock":null,"customer_returns":null,"warehouse_damage":null,"lost_in_post":null,"other_logs":null,"out_stock_days":0,"lost_sales":0,"has_location":null,"update_date":"2026-05-08T00:21:47","atum_locations":[],"atum_stock_status":"instock","restock_status":false,"low_stock_amount":"","sales_update_date":"2025-09-03T00:17:35","calc_backorders":null,"_links":{"self":[{"href":"https:\/\/aromasentia.com\/da\/wp-json\/wp\/v2\/product\/196697","targetHints":{"allow":["GET"]}}],"collection":[{"href":"https:\/\/aromasentia.com\/da\/wp-json\/wp\/v2\/product"}],"about":[{"href":"https:\/\/aromasentia.com\/da\/wp-json\/wp\/v2\/types\/product"}],"replies":[{"embeddable":true,"href":"https:\/\/aromasentia.com\/da\/wp-json\/wp\/v2\/comments?post=196697"}],"version-history":[{"count":0,"href":"https:\/\/aromasentia.com\/da\/wp-json\/wp\/v2\/product\/196697\/revisions"}],"wp:featuredmedia":[{"embeddable":true,"href":"https:\/\/aromasentia.com\/da\/wp-json\/wp\/v2\/media\/415711"}],"wp:attachment":[{"href":"https:\/\/aromasentia.com\/da\/wp-json\/wp\/v2\/media?parent=196697"}],"wp:term":[{"taxonomy":"product_brand","embeddable":true,"href":"https:\/\/aromasentia.com\/da\/wp-json\/wp\/v2\/product_brand?post=196697"},{"taxonomy":"product_cat","embeddable":true,"href":"https:\/\/aromasentia.com\/da\/wp-json\/wp\/v2\/product_cat?post=196697"},{"taxonomy":"product_tag","embeddable":true,"href":"https:\/\/aromasentia.com\/da\/wp-json\/wp\/v2\/product_tag?post=196697"}],"curies":[{"name":"wp","href":"https:\/\/api.w.org\/{rel}","templated":true}]}}