{"id":196695,"date":"2025-03-23T10:31:56","date_gmt":"2025-03-23T10:31:56","guid":{"rendered":"https:\/\/aromasentia.com\/product\/vedic-incense-sticks-benzoin\/"},"modified":"2025-06-22T02:56:34","modified_gmt":"2025-06-22T02:56:34","slug":"vediske-roegelsespinde-benzoin","status":"publish","type":"product","link":"https:\/\/aromasentia.com\/da\/vediske-roegelsespinde-benzoin\/","title":{"rendered":"Vediske R\u00f8gelsespinde &#8211; Benzoin"},"content":{"rendered":"<p>Benzoin er en balsamicoharpiks udvundet af barken fra flere tr\u00e6arter med en s\u00f8d, vaniljelignende aroma. Br\u00e6ndende benzoin-r\u00f8gelsespinde lindrer tristhed, depression, sorg og angst. De er gode til renselse, fjernelse af negativ energi og for f\u00f8lelsesm\u00e6ssig balance.<\/p>\n<p>Disse h\u00e5ndrullede r\u00f8gelsespinde br\u00e6nder i 20 minutter eller mere med fyldige, berusende dufte. Fremstillet i den historiske by Jaipur af r\u00f8gelsesfirmaet Aromatika.<\/p>\n<p><a href=\"https:\/\/aromasentia.com\/wooden-incense-holders\">Ideelt match til vores udvalg af r\u00f8gelsesholdere<\/a> <span style=\"color: rgb(75, 80, 88);\">&amp;<\/span> <a href=\"https:\/\/aromasentia.com\/wwih\">hvidkalkede r\u00f8gelsesholdere.<\/a><\/p>\n","protected":false},"excerpt":{"rendered":"<p>Benzoin er en balsamicoharpiks udvundet af barken fra flere tr\u00e6arter med en s\u00f8d, vaniljelignende aroma. Br\u00e6ndende benzoin-r\u00f8gelsespinde lindrer tristhed, depression, sorg og angst. De er gode til renselse, fjernelse af negativ energi og for f\u00f8lelsesm\u00e6ssig balance. Disse h\u00e5ndrullede r\u00f8gelsespinde br\u00e6nder i 20 minutter eller mere med fyldige, berusende dufte. Fremstillet i den historiske by Jaipur [&hellip;]<\/p>\n","protected":false},"featured_media":415661,"comment_status":"closed","ping_status":"open","template":"","meta":[],"product_brand":[27100],"product_cat":[25927,25839,26879,5836,5847],"product_tag":[],"class_list":{"0":"post-196695","1":"product","2":"type-product","3":"status-publish","4":"has-post-thumbnail","6":"product_brand-aromatika","7":"product_cat-benzoin","8":"product_cat-dufte-aromaer","9":"product_cat-harpiksagtig-balsamisk","10":"product_cat-rogelse-og-rogelsesholdere","11":"product_cat-rogelsespinde","12":"pa_collection-vedic-masala-incense-sticks-da","13":"pa_made-in-indien","15":"first","16":"instock","17":"purchasable","18":"product-type-simple"},"supplier_id":null,"supplier_sku":"Vedic-08","barcode":null,"atum_controlled":true,"out_stock_date":null,"out_stock_threshold":null,"inheritable":false,"inbound_stock":null,"stock_on_hold":0,"sold_today":0,"sales_last_days":0,"reserved_stock":null,"customer_returns":null,"warehouse_damage":null,"lost_in_post":null,"other_logs":null,"out_stock_days":0,"lost_sales":0,"has_location":null,"update_date":"2026-02-02T12:56:49","atum_locations":[],"atum_stock_status":"instock","restock_status":false,"low_stock_amount":"","sales_update_date":"2026-01-30T01:24:38","calc_backorders":null,"_links":{"self":[{"href":"https:\/\/aromasentia.com\/da\/wp-json\/wp\/v2\/product\/196695","targetHints":{"allow":["GET"]}}],"collection":[{"href":"https:\/\/aromasentia.com\/da\/wp-json\/wp\/v2\/product"}],"about":[{"href":"https:\/\/aromasentia.com\/da\/wp-json\/wp\/v2\/types\/product"}],"replies":[{"embeddable":true,"href":"https:\/\/aromasentia.com\/da\/wp-json\/wp\/v2\/comments?post=196695"}],"version-history":[{"count":0,"href":"https:\/\/aromasentia.com\/da\/wp-json\/wp\/v2\/product\/196695\/revisions"}],"wp:featuredmedia":[{"embeddable":true,"href":"https:\/\/aromasentia.com\/da\/wp-json\/wp\/v2\/media\/415661"}],"wp:attachment":[{"href":"https:\/\/aromasentia.com\/da\/wp-json\/wp\/v2\/media?parent=196695"}],"wp:term":[{"taxonomy":"product_brand","embeddable":true,"href":"https:\/\/aromasentia.com\/da\/wp-json\/wp\/v2\/product_brand?post=196695"},{"taxonomy":"product_cat","embeddable":true,"href":"https:\/\/aromasentia.com\/da\/wp-json\/wp\/v2\/product_cat?post=196695"},{"taxonomy":"product_tag","embeddable":true,"href":"https:\/\/aromasentia.com\/da\/wp-json\/wp\/v2\/product_tag?post=196695"}],"curies":[{"name":"wp","href":"https:\/\/api.w.org\/{rel}","templated":true}]}}