{"id":196677,"date":"2025-03-23T10:31:56","date_gmt":"2025-03-23T10:31:56","guid":{"rendered":"https:\/\/aromasentia.com\/product\/50gm-three-kings-resin\/"},"modified":"2025-06-22T02:56:25","modified_gmt":"2025-06-22T02:56:25","slug":"50g-harpiks-til-de-hellige-tre-konger","status":"publish","type":"product","link":"https:\/\/aromasentia.com\/da\/50g-harpiks-til-de-hellige-tre-konger\/","title":{"rendered":"50g Harpiks Til De Hellige Tre Konger"},"content":{"rendered":"<p>Den r\u00f8gede duft, der produceres ved at br\u00e6nde Three Kings Resin placeret p\u00e5 tr\u00e6kulsskiver, er ret unik og utrolig stemningsfuld.<\/p>\n<p>Det er virkelig en original, mystisk r\u00f8gelse, der kommer fra raffineret tr\u00e6- og plantesaft og har v\u00e6ret brugt over hele verden i tusinder af \u00e5r.<\/p>\n<p>R\u00f8gelsesharpiks s\u00e6lges i b\u00f8tter p\u00e5 50 g. V\u00e6gten er omtrentlig og ligger omkring 45-50 g.<\/p>\n","protected":false},"excerpt":{"rendered":"<p>Den r\u00f8gede duft, der produceres ved at br\u00e6nde Three Kings Resin placeret p\u00e5 tr\u00e6kulsskiver, er ret unik og utrolig stemningsfuld. Det er virkelig en original, mystisk r\u00f8gelse, der kommer fra raffineret tr\u00e6- og plantesaft og har v\u00e6ret brugt over hele verden i tusinder af \u00e5r. R\u00f8gelsesharpiks s\u00e6lges i b\u00f8tter p\u00e5 50 g. V\u00e6gten er omtrentlig [&hellip;]<\/p>\n","protected":false},"featured_media":415163,"comment_status":"closed","ping_status":"open","template":"","meta":{"_angie_page":false},"product_brand":[],"product_cat":[5856,5836],"product_tag":[],"class_list":{"0":"post-196677","1":"product","2":"type-product","3":"status-publish","4":"has-post-thumbnail","6":"product_cat-resin-og-harpiks-rogelse","7":"product_cat-rogelse-og-rogelsesholdere","8":"pa_collection-incense-resin-50g-tubs-da","9":"pa_made-in-indien","10":"pa_size-50g","12":"first","13":"instock","14":"purchasable","15":"product-type-simple"},"supplier_id":null,"supplier_sku":"TRT-03","barcode":null,"atum_controlled":true,"out_stock_date":null,"out_stock_threshold":null,"inheritable":false,"inbound_stock":null,"stock_on_hold":0,"sold_today":0,"sales_last_days":0,"reserved_stock":null,"customer_returns":null,"warehouse_damage":null,"lost_in_post":null,"other_logs":null,"out_stock_days":0,"lost_sales":0,"has_location":null,"update_date":"2026-04-27T07:25:27","atum_locations":[],"atum_stock_status":"instock","restock_status":false,"low_stock_amount":"","sales_update_date":"2025-09-03T00:17:31","calc_backorders":null,"_links":{"self":[{"href":"https:\/\/aromasentia.com\/da\/wp-json\/wp\/v2\/product\/196677","targetHints":{"allow":["GET"]}}],"collection":[{"href":"https:\/\/aromasentia.com\/da\/wp-json\/wp\/v2\/product"}],"about":[{"href":"https:\/\/aromasentia.com\/da\/wp-json\/wp\/v2\/types\/product"}],"replies":[{"embeddable":true,"href":"https:\/\/aromasentia.com\/da\/wp-json\/wp\/v2\/comments?post=196677"}],"version-history":[{"count":0,"href":"https:\/\/aromasentia.com\/da\/wp-json\/wp\/v2\/product\/196677\/revisions"}],"wp:featuredmedia":[{"embeddable":true,"href":"https:\/\/aromasentia.com\/da\/wp-json\/wp\/v2\/media\/415163"}],"wp:attachment":[{"href":"https:\/\/aromasentia.com\/da\/wp-json\/wp\/v2\/media?parent=196677"}],"wp:term":[{"taxonomy":"product_brand","embeddable":true,"href":"https:\/\/aromasentia.com\/da\/wp-json\/wp\/v2\/product_brand?post=196677"},{"taxonomy":"product_cat","embeddable":true,"href":"https:\/\/aromasentia.com\/da\/wp-json\/wp\/v2\/product_cat?post=196677"},{"taxonomy":"product_tag","embeddable":true,"href":"https:\/\/aromasentia.com\/da\/wp-json\/wp\/v2\/product_tag?post=196677"}],"curies":[{"name":"wp","href":"https:\/\/api.w.org\/{rel}","templated":true}]}}