{"id":196672,"date":"2025-03-23T10:31:56","date_gmt":"2025-03-23T10:31:56","guid":{"rendered":"https:\/\/aromasentia.com\/product\/tribal-soul-incense-sticks-frankincense\/"},"modified":"2025-06-22T02:56:23","modified_gmt":"2025-06-22T02:56:23","slug":"tribal-soul-roegelsespinde-roegelse","status":"publish","type":"product","link":"https:\/\/aromasentia.com\/da\/tribal-soul-roegelsespinde-roegelse\/","title":{"rendered":"Tribal Soul R\u00f8gelsespinde &#8211; R\u00f8gelse"},"content":{"rendered":"<p><span style=\"color: rgb(75, 80, 88);\">Tribal Soul Incense leveres i en dekorativ \u00e6ske, klar til at fylde ethvert rum i dit hjem med den unikke, forf\u00f8rende duft. Designet til perfekt at maskere alle slags lugte.<\/span><\/p>\n<p><span style=\"color: rgb(75, 80, 88);\">R\u00f8gelse (ogs\u00e5 kendt som olibanum) er en aromatisk harpiks, der bruges i r\u00f8gelse og parfumer, og som udvindes fra tr\u00e6er af sl\u00e6gten Boswellia i familien Burseracee.<\/span><\/p>\n<p><span style=\"color: rgb(75, 80, 88);\">Ordet stammer fra det gamle franske franc *encens* (r\u00f8gelse af h\u00f8j kvalitet). R\u00f8gelse er ogs\u00e5 forbundet med en r\u00e6kke religi\u00f8se ritualer og ofringer, og er is\u00e6r fremtr\u00e6dende i kristendommen, hvor den repr\u00e6senterer en af de tre gaver, der blev givet til Jesusbarnet.<\/span><\/p>\n<p><span style=\"color: rgb(75, 80, 88);\">Harpiksen har l\u00e6nge v\u00e6ret v\u00e6rdsat for sin smukke krydrede, let citronagtige duft og dens terapeutiske fordele. Den hj\u00e6lper med at bek\u00e6mpe angst og lindrer stress ved at fremkalde f\u00f8lelser af fred, afslapning og tilfredshed.<\/span><\/p>\n","protected":false},"excerpt":{"rendered":"<p>Tribal Soul Incense leveres i en dekorativ \u00e6ske, klar til at fylde ethvert rum i dit hjem med den unikke, forf\u00f8rende duft. Designet til perfekt at maskere alle slags lugte. R\u00f8gelse (ogs\u00e5 kendt som olibanum) er en aromatisk harpiks, der bruges i r\u00f8gelse og parfumer, og som udvindes fra tr\u00e6er af sl\u00e6gten Boswellia i familien [&hellip;]<\/p>\n","protected":false},"featured_media":414998,"comment_status":"closed","ping_status":"open","template":"","meta":{"_angie_page":false},"product_brand":[27146],"product_cat":[25839,26879,25947,5836,5847],"product_tag":[],"class_list":{"0":"post-196672","1":"product","2":"type-product","3":"status-publish","4":"has-post-thumbnail","6":"product_brand-tribal-soul","7":"product_cat-dufte-aromaer","8":"product_cat-harpiksagtig-balsamisk","9":"product_cat-rogelse","10":"product_cat-rogelse-og-rogelsesholdere","11":"product_cat-rogelsespinde","12":"pa_collection-tribal-soul-incense-da","13":"pa_made-in-indien","15":"first","16":"instock","17":"purchasable","18":"product-type-simple"},"supplier_id":null,"supplier_sku":"TribalSi-12","barcode":null,"atum_controlled":true,"out_stock_date":null,"out_stock_threshold":null,"inheritable":false,"inbound_stock":null,"stock_on_hold":0,"sold_today":0,"sales_last_days":0,"reserved_stock":null,"customer_returns":null,"warehouse_damage":null,"lost_in_post":null,"other_logs":null,"out_stock_days":0,"lost_sales":0,"has_location":null,"update_date":"2026-05-08T05:21:26","atum_locations":[],"atum_stock_status":"instock","restock_status":false,"low_stock_amount":"","sales_update_date":"2025-09-03T00:17:30","calc_backorders":null,"_links":{"self":[{"href":"https:\/\/aromasentia.com\/da\/wp-json\/wp\/v2\/product\/196672","targetHints":{"allow":["GET"]}}],"collection":[{"href":"https:\/\/aromasentia.com\/da\/wp-json\/wp\/v2\/product"}],"about":[{"href":"https:\/\/aromasentia.com\/da\/wp-json\/wp\/v2\/types\/product"}],"replies":[{"embeddable":true,"href":"https:\/\/aromasentia.com\/da\/wp-json\/wp\/v2\/comments?post=196672"}],"version-history":[{"count":0,"href":"https:\/\/aromasentia.com\/da\/wp-json\/wp\/v2\/product\/196672\/revisions"}],"wp:featuredmedia":[{"embeddable":true,"href":"https:\/\/aromasentia.com\/da\/wp-json\/wp\/v2\/media\/414998"}],"wp:attachment":[{"href":"https:\/\/aromasentia.com\/da\/wp-json\/wp\/v2\/media?parent=196672"}],"wp:term":[{"taxonomy":"product_brand","embeddable":true,"href":"https:\/\/aromasentia.com\/da\/wp-json\/wp\/v2\/product_brand?post=196672"},{"taxonomy":"product_cat","embeddable":true,"href":"https:\/\/aromasentia.com\/da\/wp-json\/wp\/v2\/product_cat?post=196672"},{"taxonomy":"product_tag","embeddable":true,"href":"https:\/\/aromasentia.com\/da\/wp-json\/wp\/v2\/product_tag?post=196672"}],"curies":[{"name":"wp","href":"https:\/\/api.w.org\/{rel}","templated":true}]}}